{"id":62574,"date":"2025-12-25T09:41:32","date_gmt":"2025-12-25T07:41:32","guid":{"rendered":"http:\/\/new.ceasuri.md\/shop\/uncategorized\/armani-exchange-sync-ax4196\/"},"modified":"2026-05-01T19:56:26","modified_gmt":"2026-05-01T16:56:26","slug":"armani-exchange-sync-ax4196","status":"publish","type":"product","link":"https:\/\/ceasuri.md\/ru\/shop\/branduri\/armani-exchange\/armani-exchange-sync-ax4196\/","title":{"rendered":"\u0427\u0430\u0441\u044b ARMANI EXCHANGE SYNC AX4196"},"content":{"rendered":"<p>Modelul Sync de 44 mm reprezint\u0103 o alegere remarcabil\u0103 de ceasuri b\u0103rba\u021bi, creat\u0103 special pentru cei care apreciaz\u0103 estetica modern\u0103 \u0219i perfec\u021biunea mecanic\u0103. Caracteristica distinctiv\u0103 a acestui model este designul de tip schelet, care permite observarea mecanismului automat precis, oferind o experien\u021b\u0103 vizual\u0103 fascinant\u0103 asupra ingineriei interioare.<\/p>\n<p>Cadranul negru mat \u0219i br\u0103\u021bara asortat\u0103 din o\u021bel inoxidabil ofer\u0103 un aspect monocrom sofisticat, subliniind stilul ferm \u0219i \u00eencrederea posesorului s\u0103u.<\/p>\n<p>Acest accesoriu elegant nu este doar un instrument de m\u0103surat timpul, ci o pies\u0103 cu un impact vizual puternic, potrivit\u0103 pentru orice ocazie cotidian\u0103. Datorit\u0103 carcasei generoase \u0219i sistemului de \u00eenchidere securizat, acesta ofer\u0103 o fixare impecabil\u0103 pe \u00eencheietur\u0103 pentru un confort sporit pe tot parcursul zilei.<\/p>\n<p>Dac\u0103 sunte\u021bi \u00een c\u0103utarea unui cadou perfect, acest ceas original va impresiona prin fiabilitatea sa mecanic\u0103 \u0219i execu\u021bia estetic\u0103 de excep\u021bie.<\/p>","protected":false},"excerpt":{"rendered":"<p>Modelul Sync de 44 mm reprezint\u0103 o alegere remarcabil\u0103 de ceasuri b\u0103rba\u021bi, creat\u0103 special pentru cei care apreciaz\u0103 estetica modern\u0103 \u0219i perfec\u021biunea mecanic\u0103. Caracteristica distinctiv\u0103 a acestui model este designul de tip schelet, care permite observarea mecanismului automat precis, oferind o experien\u021b\u0103 vizual\u0103 fascinant\u0103 asupra ingineriei interioare. Cadranul negru mat \u0219i br\u0103\u021bara asortat\u0103 din o\u021bel [&hellip;]<\/p>\n","protected":false},"featured_media":62575,"comment_status":"closed","ping_status":"open","template":"","meta":{"_acf_changed":false},"product_brand":[],"product_cat":[615,20],"product_tag":[],"class_list":{"0":"post-62574","1":"product","2":"type-product","3":"status-publish","4":"has-post-thumbnail","6":"product_cat-armani-exchange","7":"product_cat-ceasuri-barbati","8":"pa_brand-armani-exchange","9":"pa_braslet-otel-inoxidabil","10":"pa_corpus-44-mm","11":"pa_forma-rotund","12":"pa_funcii-offset-second-hand","13":"pa_funcii-schelet","14":"pa_garatia-24-luni","15":"pa_korpus-negru","16":"pa_material-otel-inoxidabil","17":"pa_mehanizm-mecanic","18":"pa_mehanizm-mecanism-automatic","19":"pa_remeshok-negru","20":"pa_steklo-cristal-mineral","21":"pa_strana-italia","22":"pa_voda-5-atm","24":"first","25":"instock","26":"purchasable","27":"product-type-simple"},"acf":[],"_links":{"self":[{"href":"https:\/\/ceasuri.md\/ru\/wp-json\/wp\/v2\/product\/62574","targetHints":{"allow":["GET"]}}],"collection":[{"href":"https:\/\/ceasuri.md\/ru\/wp-json\/wp\/v2\/product"}],"about":[{"href":"https:\/\/ceasuri.md\/ru\/wp-json\/wp\/v2\/types\/product"}],"replies":[{"embeddable":true,"href":"https:\/\/ceasuri.md\/ru\/wp-json\/wp\/v2\/comments?post=62574"}],"wp:featuredmedia":[{"embeddable":true,"href":"https:\/\/ceasuri.md\/ru\/wp-json\/wp\/v2\/media\/62575"}],"wp:attachment":[{"href":"https:\/\/ceasuri.md\/ru\/wp-json\/wp\/v2\/media?parent=62574"}],"wp:term":[{"taxonomy":"product_brand","embeddable":true,"href":"https:\/\/ceasuri.md\/ru\/wp-json\/wp\/v2\/product_brand?post=62574"},{"taxonomy":"product_cat","embeddable":true,"href":"https:\/\/ceasuri.md\/ru\/wp-json\/wp\/v2\/product_cat?post=62574"},{"taxonomy":"product_tag","embeddable":true,"href":"https:\/\/ceasuri.md\/ru\/wp-json\/wp\/v2\/product_tag?post=62574"}],"curies":[{"name":"wp","href":"https:\/\/api.w.org\/{rel}","templated":true}]}}