{"id":62568,"date":"2026-04-03T01:34:13","date_gmt":"2026-04-02T22:34:13","guid":{"rendered":"http:\/\/new.ceasuri.md\/shop\/uncategorized\/armani-exchange-sync-ax4197\/"},"modified":"2026-04-20T01:57:51","modified_gmt":"2026-04-19T22:57:51","slug":"armani-exchange-sync-ax4197","status":"publish","type":"product","link":"https:\/\/ceasuri.md\/ru\/shop\/branduri\/armani-exchange\/armani-exchange-sync-ax4197\/","title":{"rendered":"\u0427\u0430\u0441\u044b ARMANI EXCHANGE SYNC AX4197"},"content":{"rendered":"<p>Armani Exchange Sync reprezint\u0103 o declara\u021bie \u00eendr\u0103znea\u021b\u0103 de stil \u0219i energie modern\u0103, fiind creat pentru b\u0103rba\u021bii care nu se tem s\u0103 ias\u0103 \u00een eviden\u021b\u0103.<\/p>\n<p>Combina\u021bia unic\u0103 dintre carcasa aurie mat\u0103 \u0219i cadranul verde ofer\u0103 acestor ceasuri b\u0103rba\u021bi un caracter inconfundabil, \u00eembin\u00e2nd luxul \u0219i spiritul sportiv al colec\u021biei Sync.<\/p>\n<p>Textura mat\u0103 a curelei din silicon, \u00een ton cu cadranul, completeaz\u0103 perfect carcasa, cre\u00e2nd o imagine coerent\u0103 \u0219i expresiv\u0103 care atrage toate privirile.<\/p>\n<p>Acest ceas original va deveni partenerul t\u0103u de \u00eencredere, subliniind un stil de via\u021b\u0103 dinamic \u0219i \u00eencrederea \u00een sine.<\/p>\n<p>Func\u021bia de cronograf adaug\u0103 utilitate f\u0103r\u0103 a compromite estetica rafinat\u0103, ceea ce face ca acest model s\u0103 fie o alegere versatil\u0103 pentru orice ocazie.<\/p>\n<p>Dac\u0103 e\u0219ti \u00een c\u0103utarea unui cadou perfect pentru un b\u0103rbat activ, acest accesoriu elegant va impresiona prin designul s\u0103u impecabil \u0219i calitatea execu\u021biei.<\/p>","protected":false},"excerpt":{"rendered":"<p>Armani Exchange Sync reprezint\u0103 o declara\u021bie \u00eendr\u0103znea\u021b\u0103 de stil \u0219i energie modern\u0103, fiind creat pentru b\u0103rba\u021bii care nu se tem s\u0103 ias\u0103 \u00een eviden\u021b\u0103. Combina\u021bia unic\u0103 dintre carcasa aurie mat\u0103 \u0219i cadranul verde ofer\u0103 acestor ceasuri b\u0103rba\u021bi un caracter inconfundabil, \u00eembin\u00e2nd luxul \u0219i spiritul sportiv al colec\u021biei Sync. Textura mat\u0103 a curelei din silicon, \u00een [&hellip;]<\/p>\n","protected":false},"featured_media":62569,"comment_status":"closed","ping_status":"open","template":"","meta":{"_acf_changed":false},"product_brand":[],"product_cat":[615,20],"product_tag":[],"class_list":{"0":"post-62568","1":"product","2":"type-product","3":"status-publish","4":"has-post-thumbnail","6":"product_cat-armani-exchange","7":"product_cat-ceasuri-barbati","8":"pa_brand-armani-exchange","9":"pa_braslet-silicon","10":"pa_corpus-42-mm","11":"pa_forma-rotund","12":"pa_funcii-cronograf","13":"pa_funcii-data","14":"pa_garatia-24-luni","15":"pa_korpus-auriu","16":"pa_kvarc-quartz","17":"pa_material-otel-inoxidabil","18":"pa_mehanizm-quartz","19":"pa_remeshok-verde","20":"pa_steklo-cristal-mineral","21":"pa_strana-italia","22":"pa_voda-5-atm","24":"first","25":"instock","26":"purchasable","27":"product-type-simple"},"acf":[],"_links":{"self":[{"href":"https:\/\/ceasuri.md\/ru\/wp-json\/wp\/v2\/product\/62568","targetHints":{"allow":["GET"]}}],"collection":[{"href":"https:\/\/ceasuri.md\/ru\/wp-json\/wp\/v2\/product"}],"about":[{"href":"https:\/\/ceasuri.md\/ru\/wp-json\/wp\/v2\/types\/product"}],"replies":[{"embeddable":true,"href":"https:\/\/ceasuri.md\/ru\/wp-json\/wp\/v2\/comments?post=62568"}],"wp:featuredmedia":[{"embeddable":true,"href":"https:\/\/ceasuri.md\/ru\/wp-json\/wp\/v2\/media\/62569"}],"wp:attachment":[{"href":"https:\/\/ceasuri.md\/ru\/wp-json\/wp\/v2\/media?parent=62568"}],"wp:term":[{"taxonomy":"product_brand","embeddable":true,"href":"https:\/\/ceasuri.md\/ru\/wp-json\/wp\/v2\/product_brand?post=62568"},{"taxonomy":"product_cat","embeddable":true,"href":"https:\/\/ceasuri.md\/ru\/wp-json\/wp\/v2\/product_cat?post=62568"},{"taxonomy":"product_tag","embeddable":true,"href":"https:\/\/ceasuri.md\/ru\/wp-json\/wp\/v2\/product_tag?post=62568"}],"curies":[{"name":"wp","href":"https:\/\/api.w.org\/{rel}","templated":true}]}}