{"id":62563,"date":"2026-04-03T01:34:13","date_gmt":"2026-04-02T22:34:13","guid":{"rendered":"http:\/\/new.ceasuri.md\/shop\/uncategorized\/armani-exchange-sync-ax4198\/"},"modified":"2026-04-15T21:27:05","modified_gmt":"2026-04-15T18:27:05","slug":"armani-exchange-sync-ax4198","status":"publish","type":"product","link":"https:\/\/ceasuri.md\/ru\/shop\/branduri\/armani-exchange\/armani-exchange-sync-ax4198\/","title":{"rendered":"Ceas ARMANI EXCHANGE SYNC AX4198"},"content":{"rendered":"<p>Aceste ceasuri b\u0103rba\u021bi \u00eentruchipeaz\u0103 estetica modern\u0103 \u0219i func\u021bionalitatea, fiind alegerea ideal\u0103 pentru b\u0103rba\u021bii care apreciaz\u0103 un design minimalist \u0219i expresiv.<\/p>\n<p>Cadranul negru mat, combinat cu carcasa din o\u021bel inoxidabil \u0219i cureaua moale din silicon, creeaz\u0103 un aspect monocrom impecabil, \u00een timp ce jocul subtil de finisaje mate \u0219i lustruite adaug\u0103 o textur\u0103 rafinat\u0103 \u0219i profunzime acestui accesoriu.<\/p>\n<p>Datorit\u0103 sub-cadranelor cronografului, modelul cap\u0103t\u0103 un caracter sportiv pronun\u021bat, r\u0103m\u00e2n\u00e2nd \u00een acela\u0219i timp un element stilat al garderobei zilnice. Acest ceas original va deveni partenerul t\u0103u de \u00eencredere \u00een orice ritm al vie\u021bii, subliniind statutul \u0219i \u00eencrederea \u00een sine.<\/p>\n<p>Dac\u0103 e\u0219ti \u00een c\u0103utarea unui cadou perfect, acest accesoriu elegant este alegerea ideal\u0103, care va atrage priviri admirative \u0219i va scoate \u00een eviden\u021b\u0103 personalitatea posesorului s\u0103u.<\/p>","protected":false},"excerpt":{"rendered":"<p>Aceste ceasuri b\u0103rba\u021bi \u00eentruchipeaz\u0103 estetica modern\u0103 \u0219i func\u021bionalitatea, fiind alegerea ideal\u0103 pentru b\u0103rba\u021bii care apreciaz\u0103 un design minimalist \u0219i expresiv. Cadranul negru mat, combinat cu carcasa din o\u021bel inoxidabil \u0219i cureaua moale din silicon, creeaz\u0103 un aspect monocrom impecabil, \u00een timp ce jocul subtil de finisaje mate \u0219i lustruite adaug\u0103 o textur\u0103 rafinat\u0103 \u0219i profunzime [&hellip;]<\/p>\n","protected":false},"featured_media":62564,"comment_status":"closed","ping_status":"open","template":"","meta":{"_acf_changed":false},"product_brand":[],"product_cat":[615,20],"product_tag":[],"class_list":{"0":"post-62563","1":"product","2":"type-product","3":"status-publish","4":"has-post-thumbnail","6":"product_cat-armani-exchange","7":"product_cat-ceasuri-barbati","8":"pa_brand-armani-exchange","9":"pa_braslet-silicon","10":"pa_corpus-42-mm","11":"pa_forma-rotund","12":"pa_funcii-cronograf","13":"pa_funcii-data","14":"pa_garatia-24-luni","15":"pa_korpus-negru","16":"pa_kvarc-quartz","17":"pa_material-otel-inoxidabil","18":"pa_mehanizm-quartz","19":"pa_remeshok-negru","20":"pa_steklo-cristal-mineral","21":"pa_strana-italia","22":"pa_voda-5-atm","24":"first","25":"instock","26":"purchasable","27":"product-type-simple"},"acf":[],"_links":{"self":[{"href":"https:\/\/ceasuri.md\/ru\/wp-json\/wp\/v2\/product\/62563","targetHints":{"allow":["GET"]}}],"collection":[{"href":"https:\/\/ceasuri.md\/ru\/wp-json\/wp\/v2\/product"}],"about":[{"href":"https:\/\/ceasuri.md\/ru\/wp-json\/wp\/v2\/types\/product"}],"replies":[{"embeddable":true,"href":"https:\/\/ceasuri.md\/ru\/wp-json\/wp\/v2\/comments?post=62563"}],"wp:featuredmedia":[{"embeddable":true,"href":"https:\/\/ceasuri.md\/ru\/wp-json\/wp\/v2\/media\/62564"}],"wp:attachment":[{"href":"https:\/\/ceasuri.md\/ru\/wp-json\/wp\/v2\/media?parent=62563"}],"wp:term":[{"taxonomy":"product_brand","embeddable":true,"href":"https:\/\/ceasuri.md\/ru\/wp-json\/wp\/v2\/product_brand?post=62563"},{"taxonomy":"product_cat","embeddable":true,"href":"https:\/\/ceasuri.md\/ru\/wp-json\/wp\/v2\/product_cat?post=62563"},{"taxonomy":"product_tag","embeddable":true,"href":"https:\/\/ceasuri.md\/ru\/wp-json\/wp\/v2\/product_tag?post=62563"}],"curies":[{"name":"wp","href":"https:\/\/api.w.org\/{rel}","templated":true}]}}