{"id":62558,"date":"2026-04-03T01:34:13","date_gmt":"2026-04-02T22:34:13","guid":{"rendered":"http:\/\/new.ceasuri.md\/shop\/uncategorized\/armani-exchange-sync-ax4199\/"},"modified":"2026-04-07T05:13:58","modified_gmt":"2026-04-07T02:13:58","slug":"armani-exchange-sync-ax4199","status":"publish","type":"product","link":"https:\/\/ceasuri.md\/ru\/shop\/branduri\/armani-exchange\/armani-exchange-sync-ax4199\/","title":{"rendered":"Ceas ARMANI EXCHANGE SYNC AX4199"},"content":{"rendered":"<p>Acest ceas b\u0103rb\u0103tesc are o carcas\u0103 \u0219i o br\u0103\u021bar\u0103 din o\u021bel inoxidabil bicolor, unde tonurile de negru \u0219i argintiu creeaz\u0103 o siluet\u0103 versatil\u0103. Finisajele mate \u0219i lustruite adaug\u0103 profunzime.<\/p>\n<p>Aceast\u0103 carcas\u0103 rotund\u0103 are un cadran maro mat cu indici transparen\u021bi \u0219i subcadrane cronograf pentru o m\u0103surare precis\u0103 a timpului.<\/p>\n<p>Conceput pentru purtare zilnic\u0103, ceasul este rezistent la ap\u0103 p\u00e2n\u0103 la 50 de metri \u0219i dispune de o cataram\u0103 pliabil\u0103 cu dubl\u0103 ap\u0103sare sigur\u0103.<\/p>\n<p>Acest cronograf contemporan \u00eentruchipeaz\u0103 elegan\u021ba \u0219i func\u021bionalitatea practic\u0103 pentru persoanele exigente, preocupate de stil.<\/p>","protected":false},"excerpt":{"rendered":"<p>Acest ceas b\u0103rb\u0103tesc are o carcas\u0103 \u0219i o br\u0103\u021bar\u0103 din o\u021bel inoxidabil bicolor, unde tonurile de negru \u0219i argintiu creeaz\u0103 o siluet\u0103 versatil\u0103. Finisajele mate \u0219i lustruite adaug\u0103 profunzime. Aceast\u0103 carcas\u0103 rotund\u0103 are un cadran maro mat cu indici transparen\u021bi \u0219i subcadrane cronograf pentru o m\u0103surare precis\u0103 a timpului. Conceput pentru purtare zilnic\u0103, ceasul este [&hellip;]<\/p>\n","protected":false},"featured_media":62559,"comment_status":"closed","ping_status":"open","template":"","meta":{"_acf_changed":false},"product_brand":[],"product_cat":[615,20],"product_tag":[],"class_list":{"0":"post-62558","1":"product","2":"type-product","3":"status-publish","4":"has-post-thumbnail","6":"product_cat-armani-exchange","7":"product_cat-ceasuri-barbati","8":"pa_brand-armani-exchange","9":"pa_braslet-otel-inoxidabil","10":"pa_corpus-42-mm","11":"pa_forma-rotund","12":"pa_funcii-cronograf","13":"pa_funcii-data","14":"pa_garatia-24-luni","15":"pa_korpus-bicolor","16":"pa_material-otel-inoxidabil","17":"pa_mehanizm-quartz","18":"pa_remeshok-bicolor","19":"pa_steklo-cristal-mineral","20":"pa_strana-italia","21":"pa_voda-5-atm","23":"first","24":"instock","25":"purchasable","26":"product-type-simple"},"acf":[],"_links":{"self":[{"href":"https:\/\/ceasuri.md\/ru\/wp-json\/wp\/v2\/product\/62558","targetHints":{"allow":["GET"]}}],"collection":[{"href":"https:\/\/ceasuri.md\/ru\/wp-json\/wp\/v2\/product"}],"about":[{"href":"https:\/\/ceasuri.md\/ru\/wp-json\/wp\/v2\/types\/product"}],"replies":[{"embeddable":true,"href":"https:\/\/ceasuri.md\/ru\/wp-json\/wp\/v2\/comments?post=62558"}],"wp:featuredmedia":[{"embeddable":true,"href":"https:\/\/ceasuri.md\/ru\/wp-json\/wp\/v2\/media\/62559"}],"wp:attachment":[{"href":"https:\/\/ceasuri.md\/ru\/wp-json\/wp\/v2\/media?parent=62558"}],"wp:term":[{"taxonomy":"product_brand","embeddable":true,"href":"https:\/\/ceasuri.md\/ru\/wp-json\/wp\/v2\/product_brand?post=62558"},{"taxonomy":"product_cat","embeddable":true,"href":"https:\/\/ceasuri.md\/ru\/wp-json\/wp\/v2\/product_cat?post=62558"},{"taxonomy":"product_tag","embeddable":true,"href":"https:\/\/ceasuri.md\/ru\/wp-json\/wp\/v2\/product_tag?post=62558"}],"curies":[{"name":"wp","href":"https:\/\/api.w.org\/{rel}","templated":true}]}}