{"id":62553,"date":"2026-04-03T01:34:13","date_gmt":"2026-04-02T22:34:13","guid":{"rendered":"http:\/\/new.ceasuri.md\/shop\/uncategorized\/armani-exchange-andrea-ax4621\/"},"modified":"2026-04-20T01:57:53","modified_gmt":"2026-04-19T22:57:53","slug":"armani-exchange-andrea-ax4621","status":"publish","type":"product","link":"https:\/\/ceasuri.md\/ru\/shop\/branduri\/armani-exchange\/armani-exchange-andrea-ax4621\/","title":{"rendered":"\u0427\u0430\u0441\u044b ARMANI EXCHANGE ANDREA AX4621"},"content":{"rendered":"<p>Acest ceas are o carcas\u0103 octogonal\u0103 neagr\u0103 mat\u0103 \u0219i o br\u0103\u021bar\u0103 din o\u021bel inoxidabil asortat\u0103, cre\u00e2nd o siluet\u0103 elegant\u0103 \u0219i modern\u0103.<\/p>\n<p>Cadranul negru, cu detaliile sale minimaliste, adaug\u0103 o not\u0103 subtil\u0103 designului.<\/p>\n<p>Sticla din cristal mineral protejeaz\u0103 cadranul de impactul obi\u0219nuit al mediului \u00eenconjur\u0103tor din via\u021ba de zi cu zi.<\/p>\n<p>\u00cenchiz\u0103toarea de pe br\u0103\u021bar\u0103, cu dou\u0103 butoane, face din acest ceas o \u00eentruchipare rafinat\u0103 a preciziei monocrome.<\/p>","protected":false},"excerpt":{"rendered":"<p>Acest ceas are o carcas\u0103 octogonal\u0103 neagr\u0103 mat\u0103 \u0219i o br\u0103\u021bar\u0103 din o\u021bel inoxidabil asortat\u0103, cre\u00e2nd o siluet\u0103 elegant\u0103 \u0219i modern\u0103. Cadranul negru, cu detaliile sale minimaliste, adaug\u0103 o not\u0103 subtil\u0103 designului. Sticla din cristal mineral protejeaz\u0103 cadranul de impactul obi\u0219nuit al mediului \u00eenconjur\u0103tor din via\u021ba de zi cu zi. \u00cenchiz\u0103toarea de pe br\u0103\u021bar\u0103, cu [&hellip;]<\/p>\n","protected":false},"featured_media":62554,"comment_status":"closed","ping_status":"open","template":"","meta":{"_acf_changed":false},"product_brand":[],"product_cat":[615,25],"product_tag":[],"class_list":{"0":"post-62553","1":"product","2":"type-product","3":"status-publish","4":"has-post-thumbnail","6":"product_cat-armani-exchange","7":"product_cat-ceasuri-dama","8":"pa_brand-armani-exchange","9":"pa_braslet-otel-inoxidabil","10":"pa_corpus-34-mm","11":"pa_forma-octogonala","12":"pa_garatia-24-luni","13":"pa_korpus-negru","14":"pa_kvarc-quartz","15":"pa_material-otel-inoxidabil","16":"pa_mehanizm-quartz","17":"pa_remeshok-negru","18":"pa_steklo-cristal-mineral","19":"pa_strana-italia","20":"pa_voda-5-atm","22":"first","23":"instock","24":"purchasable","25":"product-type-simple"},"acf":[],"_links":{"self":[{"href":"https:\/\/ceasuri.md\/ru\/wp-json\/wp\/v2\/product\/62553","targetHints":{"allow":["GET"]}}],"collection":[{"href":"https:\/\/ceasuri.md\/ru\/wp-json\/wp\/v2\/product"}],"about":[{"href":"https:\/\/ceasuri.md\/ru\/wp-json\/wp\/v2\/types\/product"}],"replies":[{"embeddable":true,"href":"https:\/\/ceasuri.md\/ru\/wp-json\/wp\/v2\/comments?post=62553"}],"wp:featuredmedia":[{"embeddable":true,"href":"https:\/\/ceasuri.md\/ru\/wp-json\/wp\/v2\/media\/62554"}],"wp:attachment":[{"href":"https:\/\/ceasuri.md\/ru\/wp-json\/wp\/v2\/media?parent=62553"}],"wp:term":[{"taxonomy":"product_brand","embeddable":true,"href":"https:\/\/ceasuri.md\/ru\/wp-json\/wp\/v2\/product_brand?post=62553"},{"taxonomy":"product_cat","embeddable":true,"href":"https:\/\/ceasuri.md\/ru\/wp-json\/wp\/v2\/product_cat?post=62553"},{"taxonomy":"product_tag","embeddable":true,"href":"https:\/\/ceasuri.md\/ru\/wp-json\/wp\/v2\/product_tag?post=62553"}],"curies":[{"name":"wp","href":"https:\/\/api.w.org\/{rel}","templated":true}]}}