{"id":62548,"date":"2026-04-03T01:34:13","date_gmt":"2026-04-02T22:34:13","guid":{"rendered":"http:\/\/new.ceasuri.md\/shop\/uncategorized\/armani-exchange-andrea-ax4622\/"},"modified":"2026-04-20T01:57:53","modified_gmt":"2026-04-19T22:57:53","slug":"armani-exchange-andrea-ax4622","status":"publish","type":"product","link":"https:\/\/ceasuri.md\/ru\/shop\/branduri\/armani-exchange\/armani-exchange-andrea-ax4622\/","title":{"rendered":"Ceas ARMANI EXCHANGE ANDREA AX4622"},"content":{"rendered":"<p>Cu o carcas\u0103 octogonal\u0103 elegant\u0103 \u0219i un cadran argintiu mat, acest ceas aduce o not\u0103 modern\u0103 designului simplu.<\/p>\n<p>O br\u0103\u021bar\u0103 din o\u021bel inoxidabil argintiu, completat\u0103 de o \u00eencuietoare pliabil\u0103 cu dou\u0103 butoane, adaug\u0103 o not\u0103 de rafinament.<\/p>\n<p>Subcadrane func\u021bionale completeaz\u0103 aspectul, combin\u00e2nd linii curate \u0219i detalii discrete pentru a crea un accesoriu modern \u0219i izbitor.<\/p>\n<p>Sticla mineral\u0103 ofer\u0103 protec\u021bie cadranului \u00eempotriva influen\u021belor externe normale ale vie\u021bii de zi cu zi.<\/p>","protected":false},"excerpt":{"rendered":"<p>Cu o carcas\u0103 octogonal\u0103 elegant\u0103 \u0219i un cadran argintiu mat, acest ceas aduce o not\u0103 modern\u0103 designului simplu. O br\u0103\u021bar\u0103 din o\u021bel inoxidabil argintiu, completat\u0103 de o \u00eencuietoare pliabil\u0103 cu dou\u0103 butoane, adaug\u0103 o not\u0103 de rafinament. Subcadrane func\u021bionale completeaz\u0103 aspectul, combin\u00e2nd linii curate \u0219i detalii discrete pentru a crea un accesoriu modern \u0219i izbitor. [&hellip;]<\/p>\n","protected":false},"featured_media":62549,"comment_status":"closed","ping_status":"open","template":"","meta":{"_acf_changed":false},"product_brand":[],"product_cat":[615,25],"product_tag":[],"class_list":{"0":"post-62548","1":"product","2":"type-product","3":"status-publish","4":"has-post-thumbnail","6":"product_cat-armani-exchange","7":"product_cat-ceasuri-dama","8":"pa_brand-armani-exchange","9":"pa_braslet-otel-inoxidabil","10":"pa_corpus-36-mm","11":"pa_decor-cristale-swarowski","12":"pa_forma-octogonala","13":"pa_funcii-data","14":"pa_funcii-ziua-saptamanii","15":"pa_garatia-24-luni","16":"pa_korpus-argintiu","17":"pa_kvarc-quartz","18":"pa_material-otel-inoxidabil","19":"pa_mehanizm-quartz","20":"pa_remeshok-argintiu","21":"pa_steklo-cristal-mineral","22":"pa_strana-italia","23":"pa_voda-5-atm","25":"first","26":"instock","27":"purchasable","28":"product-type-simple"},"acf":[],"_links":{"self":[{"href":"https:\/\/ceasuri.md\/ru\/wp-json\/wp\/v2\/product\/62548","targetHints":{"allow":["GET"]}}],"collection":[{"href":"https:\/\/ceasuri.md\/ru\/wp-json\/wp\/v2\/product"}],"about":[{"href":"https:\/\/ceasuri.md\/ru\/wp-json\/wp\/v2\/types\/product"}],"replies":[{"embeddable":true,"href":"https:\/\/ceasuri.md\/ru\/wp-json\/wp\/v2\/comments?post=62548"}],"wp:featuredmedia":[{"embeddable":true,"href":"https:\/\/ceasuri.md\/ru\/wp-json\/wp\/v2\/media\/62549"}],"wp:attachment":[{"href":"https:\/\/ceasuri.md\/ru\/wp-json\/wp\/v2\/media?parent=62548"}],"wp:term":[{"taxonomy":"product_brand","embeddable":true,"href":"https:\/\/ceasuri.md\/ru\/wp-json\/wp\/v2\/product_brand?post=62548"},{"taxonomy":"product_cat","embeddable":true,"href":"https:\/\/ceasuri.md\/ru\/wp-json\/wp\/v2\/product_cat?post=62548"},{"taxonomy":"product_tag","embeddable":true,"href":"https:\/\/ceasuri.md\/ru\/wp-json\/wp\/v2\/product_tag?post=62548"}],"curies":[{"name":"wp","href":"https:\/\/api.w.org\/{rel}","templated":true}]}}