{"id":62543,"date":"2026-04-03T01:34:13","date_gmt":"2026-04-02T22:34:13","guid":{"rendered":"http:\/\/new.ceasuri.md\/shop\/uncategorized\/armani-exchange-andrea-ax4623\/"},"modified":"2026-04-20T01:57:54","modified_gmt":"2026-04-19T22:57:54","slug":"armani-exchange-andrea-ax4623","status":"publish","type":"product","link":"https:\/\/ceasuri.md\/ru\/shop\/branduri\/armani-exchange\/armani-exchange-andrea-ax4623\/","title":{"rendered":"\u0427\u0430\u0441\u044b ARMANI EXCHANGE ANDREA AX4623"},"content":{"rendered":"<p>Acest ceas de 36 mm, cu o carcas\u0103 octogonal\u0103 elegant\u0103, realizat\u0103 din o\u021bel inoxidabil bicolor, auriu roz \u0219i argintiu, combin\u0103 precizia geometric\u0103 cu designul contemporan.<\/p>\n<p>Cadranul argintiu mat prezint\u0103 subcadrane multifunc\u021bionale pentru un plus de practicitate, \u00een timp ce finisajele lustruite \u0219i mate ale br\u0103\u021b\u0103rii creeaz\u0103 un contrast subtil. Trei subcadrane confer\u0103 ceasului un aspect cronograf elegant.<\/p>\n<p>Sticla mineral\u0103 protejeaz\u0103 cadranul de influen\u021bele externe obi\u0219nuite ale vie\u021bii de zi cu zi.<\/p>\n<p>\u00cencuietoarea pliabil\u0103 a br\u0103\u021b\u0103rii asigur\u0103 o potrivire sigur\u0103 \u0219i confortabil\u0103.<\/p>","protected":false},"excerpt":{"rendered":"<p>Acest ceas de 36 mm, cu o carcas\u0103 octogonal\u0103 elegant\u0103, realizat\u0103 din o\u021bel inoxidabil bicolor, auriu roz \u0219i argintiu, combin\u0103 precizia geometric\u0103 cu designul contemporan. Cadranul argintiu mat prezint\u0103 subcadrane multifunc\u021bionale pentru un plus de practicitate, \u00een timp ce finisajele lustruite \u0219i mate ale br\u0103\u021b\u0103rii creeaz\u0103 un contrast subtil. Trei subcadrane confer\u0103 ceasului un aspect [&hellip;]<\/p>\n","protected":false},"featured_media":62544,"comment_status":"closed","ping_status":"open","template":"","meta":{"_acf_changed":false},"product_brand":[],"product_cat":[615,25],"product_tag":[],"class_list":{"0":"post-62543","1":"product","2":"type-product","3":"status-publish","4":"has-post-thumbnail","6":"product_cat-armani-exchange","7":"product_cat-ceasuri-dama","8":"pa_brand-armani-exchange","9":"pa_braslet-otel-inoxidabil","10":"pa_corpus-36-mm","11":"pa_decor-cristale-swarowski","12":"pa_forma-octogonala","13":"pa_funcii-data","14":"pa_funcii-ziua-saptamanii","15":"pa_garatia-24-luni","16":"pa_korpus-bicolor","17":"pa_kvarc-quartz","18":"pa_material-otel-inoxidabil","19":"pa_mehanizm-quartz","20":"pa_remeshok-bicolor","21":"pa_steklo-cristal-mineral","22":"pa_strana-italia","23":"pa_voda-5-atm","25":"first","26":"instock","27":"purchasable","28":"product-type-simple"},"acf":[],"_links":{"self":[{"href":"https:\/\/ceasuri.md\/ru\/wp-json\/wp\/v2\/product\/62543","targetHints":{"allow":["GET"]}}],"collection":[{"href":"https:\/\/ceasuri.md\/ru\/wp-json\/wp\/v2\/product"}],"about":[{"href":"https:\/\/ceasuri.md\/ru\/wp-json\/wp\/v2\/types\/product"}],"replies":[{"embeddable":true,"href":"https:\/\/ceasuri.md\/ru\/wp-json\/wp\/v2\/comments?post=62543"}],"wp:featuredmedia":[{"embeddable":true,"href":"https:\/\/ceasuri.md\/ru\/wp-json\/wp\/v2\/media\/62544"}],"wp:attachment":[{"href":"https:\/\/ceasuri.md\/ru\/wp-json\/wp\/v2\/media?parent=62543"}],"wp:term":[{"taxonomy":"product_brand","embeddable":true,"href":"https:\/\/ceasuri.md\/ru\/wp-json\/wp\/v2\/product_brand?post=62543"},{"taxonomy":"product_cat","embeddable":true,"href":"https:\/\/ceasuri.md\/ru\/wp-json\/wp\/v2\/product_cat?post=62543"},{"taxonomy":"product_tag","embeddable":true,"href":"https:\/\/ceasuri.md\/ru\/wp-json\/wp\/v2\/product_tag?post=62543"}],"curies":[{"name":"wp","href":"https:\/\/api.w.org\/{rel}","templated":true}]}}