{"id":62533,"date":"2026-04-03T01:34:13","date_gmt":"2026-04-02T22:34:13","guid":{"rendered":"http:\/\/new.ceasuri.md\/shop\/uncategorized\/armani-exchange-jackie-ax5176\/"},"modified":"2026-04-20T01:57:55","modified_gmt":"2026-04-19T22:57:55","slug":"armani-exchange-jackie-ax5176","status":"publish","type":"product","link":"https:\/\/ceasuri.md\/ru\/shop\/branduri\/armani-exchange\/armani-exchange-jackie-ax5176\/","title":{"rendered":"\u0427\u0430\u0441\u044b ARMANI EXCHANGE JACKIE AX5176"},"content":{"rendered":"<p>Elegan\u021ba casual\u0103 a acestui ceas de dam\u0103 este accentuat\u0103 \u00een special de carcasa \u0219i br\u0103\u021bara din o\u021bel inoxidabil, ambele cu design bicolor.<\/p>\n<p>Cadranul verde completeaz\u0103 armonios modelul.<\/p>\n<p>Cristalul mineral este transparent \u0219i durabil &#8211; ideal pentru purtarea zilnic\u0103.<\/p>\n<p>Rezistent la ap\u0103 p\u00e2n\u0103 la 50 de metri (5 bari), ceasul poate fi purtat f\u0103r\u0103 team\u0103 \u00een timp ce v\u0103 sp\u0103la\u021bi pe m\u00e2ini.<\/p>","protected":false},"excerpt":{"rendered":"<p>Elegan\u021ba casual\u0103 a acestui ceas de dam\u0103 este accentuat\u0103 \u00een special de carcasa \u0219i br\u0103\u021bara din o\u021bel inoxidabil, ambele cu design bicolor. Cadranul verde completeaz\u0103 armonios modelul. Cristalul mineral este transparent \u0219i durabil &#8211; ideal pentru purtarea zilnic\u0103. Rezistent la ap\u0103 p\u00e2n\u0103 la 50 de metri (5 bari), ceasul poate fi purtat f\u0103r\u0103 team\u0103 \u00een [&hellip;]<\/p>\n","protected":false},"featured_media":62534,"comment_status":"closed","ping_status":"open","template":"","meta":{"_acf_changed":false},"product_brand":[],"product_cat":[615,25],"product_tag":[],"class_list":{"0":"post-62533","1":"product","2":"type-product","3":"status-publish","4":"has-post-thumbnail","6":"product_cat-armani-exchange","7":"product_cat-ceasuri-dama","8":"pa_brand-armani-exchange","9":"pa_braslet-otel-inoxidabil","10":"pa_corpus-36-mm","11":"pa_decor-cristale-swarowski","12":"pa_forma-rotund","13":"pa_garatia-24-luni","14":"pa_korpus-bicolor","15":"pa_kvarc-quartz","16":"pa_material-otel-inoxidabil","17":"pa_mehanizm-quartz","18":"pa_remeshok-bicolor","19":"pa_steklo-cristal-mineral","20":"pa_strana-italia","21":"pa_voda-5-atm","23":"first","24":"instock","25":"purchasable","26":"product-type-simple"},"acf":[],"_links":{"self":[{"href":"https:\/\/ceasuri.md\/ru\/wp-json\/wp\/v2\/product\/62533","targetHints":{"allow":["GET"]}}],"collection":[{"href":"https:\/\/ceasuri.md\/ru\/wp-json\/wp\/v2\/product"}],"about":[{"href":"https:\/\/ceasuri.md\/ru\/wp-json\/wp\/v2\/types\/product"}],"replies":[{"embeddable":true,"href":"https:\/\/ceasuri.md\/ru\/wp-json\/wp\/v2\/comments?post=62533"}],"wp:featuredmedia":[{"embeddable":true,"href":"https:\/\/ceasuri.md\/ru\/wp-json\/wp\/v2\/media\/62534"}],"wp:attachment":[{"href":"https:\/\/ceasuri.md\/ru\/wp-json\/wp\/v2\/media?parent=62533"}],"wp:term":[{"taxonomy":"product_brand","embeddable":true,"href":"https:\/\/ceasuri.md\/ru\/wp-json\/wp\/v2\/product_brand?post=62533"},{"taxonomy":"product_cat","embeddable":true,"href":"https:\/\/ceasuri.md\/ru\/wp-json\/wp\/v2\/product_cat?post=62533"},{"taxonomy":"product_tag","embeddable":true,"href":"https:\/\/ceasuri.md\/ru\/wp-json\/wp\/v2\/product_tag?post=62533"}],"curies":[{"name":"wp","href":"https:\/\/api.w.org\/{rel}","templated":true}]}}