{"id":62528,"date":"2026-04-03T01:34:13","date_gmt":"2026-04-02T22:34:13","guid":{"rendered":"http:\/\/new.ceasuri.md\/shop\/uncategorized\/armani-exchange-jackie-ax5177\/"},"modified":"2026-04-20T01:57:56","modified_gmt":"2026-04-19T22:57:56","slug":"armani-exchange-jackie-ax5177","status":"publish","type":"product","link":"https:\/\/ceasuri.md\/ru\/shop\/branduri\/armani-exchange\/armani-exchange-jackie-ax5177\/","title":{"rendered":"Ceas ARMANI EXCHANGE JACKIE AX5177"},"content":{"rendered":"<p>Accentueaz\u0103-\u021bi f\u0103r\u0103 efort stilul cu acest ceas rafinat.<\/p>\n<p>Carcasa din o\u021bel inoxidabil lustruit, \u00een nuan\u021b\u0103 aurie roz, eman\u0103 c\u0103ldur\u0103 \u0219i elegan\u021b\u0103, \u00een timp ce cadranul minimalist adaug\u0103 un aspect curat \u0219i discret.<\/p>\n<p>Carcasa rotund\u0103 clasic\u0103 de 36 mm \u00eembin\u0103 perfect modernitatea cu clasicismul atemporal.<\/p>\n<p>Precizia cuar\u021bului \u00eent\u00e2lne\u0219te luxul casual &#8211; acest ceas este, f\u0103r\u0103 \u00eendoial\u0103, accesoriul perfect pentru femeia modern\u0103.<\/p>","protected":false},"excerpt":{"rendered":"<p>Accentueaz\u0103-\u021bi f\u0103r\u0103 efort stilul cu acest ceas rafinat. Carcasa din o\u021bel inoxidabil lustruit, \u00een nuan\u021b\u0103 aurie roz, eman\u0103 c\u0103ldur\u0103 \u0219i elegan\u021b\u0103, \u00een timp ce cadranul minimalist adaug\u0103 un aspect curat \u0219i discret. Carcasa rotund\u0103 clasic\u0103 de 36 mm \u00eembin\u0103 perfect modernitatea cu clasicismul atemporal. Precizia cuar\u021bului \u00eent\u00e2lne\u0219te luxul casual &#8211; acest ceas este, f\u0103r\u0103 \u00eendoial\u0103, [&hellip;]<\/p>\n","protected":false},"featured_media":62529,"comment_status":"closed","ping_status":"open","template":"","meta":{"_acf_changed":false},"product_brand":[],"product_cat":[615,25],"product_tag":[],"class_list":{"0":"post-62528","1":"product","2":"type-product","3":"status-publish","4":"has-post-thumbnail","6":"product_cat-armani-exchange","7":"product_cat-ceasuri-dama","8":"pa_brand-armani-exchange","9":"pa_braslet-otel-inoxidabil","10":"pa_corpus-36-mm","11":"pa_decor-cristale-swarowski","12":"pa_forma-rotund","13":"pa_garatia-24-luni","14":"pa_korpus-roz-gold","15":"pa_kvarc-quartz","16":"pa_material-otel-inoxidabil","17":"pa_mehanizm-quartz","18":"pa_remeshok-roz-gold","19":"pa_steklo-cristal-mineral","20":"pa_strana-italia","21":"pa_voda-5-atm","23":"first","24":"instock","25":"purchasable","26":"product-type-simple"},"acf":[],"_links":{"self":[{"href":"https:\/\/ceasuri.md\/ru\/wp-json\/wp\/v2\/product\/62528","targetHints":{"allow":["GET"]}}],"collection":[{"href":"https:\/\/ceasuri.md\/ru\/wp-json\/wp\/v2\/product"}],"about":[{"href":"https:\/\/ceasuri.md\/ru\/wp-json\/wp\/v2\/types\/product"}],"replies":[{"embeddable":true,"href":"https:\/\/ceasuri.md\/ru\/wp-json\/wp\/v2\/comments?post=62528"}],"wp:featuredmedia":[{"embeddable":true,"href":"https:\/\/ceasuri.md\/ru\/wp-json\/wp\/v2\/media\/62529"}],"wp:attachment":[{"href":"https:\/\/ceasuri.md\/ru\/wp-json\/wp\/v2\/media?parent=62528"}],"wp:term":[{"taxonomy":"product_brand","embeddable":true,"href":"https:\/\/ceasuri.md\/ru\/wp-json\/wp\/v2\/product_brand?post=62528"},{"taxonomy":"product_cat","embeddable":true,"href":"https:\/\/ceasuri.md\/ru\/wp-json\/wp\/v2\/product_cat?post=62528"},{"taxonomy":"product_tag","embeddable":true,"href":"https:\/\/ceasuri.md\/ru\/wp-json\/wp\/v2\/product_tag?post=62528"}],"curies":[{"name":"wp","href":"https:\/\/api.w.org\/{rel}","templated":true}]}}