{"id":62522,"date":"2025-12-25T09:41:24","date_gmt":"2025-12-25T07:41:24","guid":{"rendered":"http:\/\/new.ceasuri.md\/shop\/uncategorized\/armani-exchange-faye-ax5811\/"},"modified":"2026-05-01T19:55:53","modified_gmt":"2026-05-01T16:55:53","slug":"armani-exchange-faye-ax5811","status":"publish","type":"product","link":"https:\/\/ceasuri.md\/ru\/shop\/branduri\/armani-exchange\/armani-exchange-faye-ax5811\/","title":{"rendered":"\u0427\u0430\u0441\u044b ARMANI EXCHANGE FAYE AX5811"},"content":{"rendered":"<p>Un model cu dou\u0103 ace \u00eentr-o carcas\u0103 octogonal\u0103 elegant\u0103.<\/p>\n<p>Cadran argintiu cu efect de raze de soare.<\/p>\n<p>O br\u0103\u021bar\u0103 din o\u021bel inoxidabil auriu adaug\u0103 elegan\u021b\u0103, f\u0103c\u00e2nd ceasul perfect pentru orice ocazie.<\/p>\n<p>Cu un mecanism cu cuar\u021b precis \u0219i cristal mineral, acest ceas combin\u0103 f\u0103r\u0103 efort stilul \u0219i func\u021bionalitatea.<\/p>","protected":false},"excerpt":{"rendered":"<p>Un model cu dou\u0103 ace \u00eentr-o carcas\u0103 octogonal\u0103 elegant\u0103. Cadran argintiu cu efect de raze de soare. O br\u0103\u021bar\u0103 din o\u021bel inoxidabil auriu adaug\u0103 elegan\u021b\u0103, f\u0103c\u00e2nd ceasul perfect pentru orice ocazie. Cu un mecanism cu cuar\u021b precis \u0219i cristal mineral, acest ceas combin\u0103 f\u0103r\u0103 efort stilul \u0219i func\u021bionalitatea.<\/p>","protected":false},"featured_media":62523,"comment_status":"closed","ping_status":"open","template":"","meta":{"_acf_changed":false},"product_brand":[],"product_cat":[615,25],"product_tag":[],"class_list":{"0":"post-62522","1":"product","2":"type-product","3":"status-publish","4":"has-post-thumbnail","6":"product_cat-armani-exchange","7":"product_cat-ceasuri-dama","8":"pa_brand-armani-exchange","9":"pa_braslet-otel-inoxidabil","10":"pa_corpus-27-mm","11":"pa_forma-octogonala","12":"pa_garatia-24-luni","13":"pa_korpus-auriu","14":"pa_kvarc-quartz","15":"pa_material-otel-inoxidabil","16":"pa_mehanizm-quartz","17":"pa_remeshok-auriu","18":"pa_steklo-cristal-mineral","19":"pa_strana-italia","20":"pa_voda-5-atm","22":"first","23":"instock","24":"purchasable","25":"product-type-simple"},"acf":[],"_links":{"self":[{"href":"https:\/\/ceasuri.md\/ru\/wp-json\/wp\/v2\/product\/62522","targetHints":{"allow":["GET"]}}],"collection":[{"href":"https:\/\/ceasuri.md\/ru\/wp-json\/wp\/v2\/product"}],"about":[{"href":"https:\/\/ceasuri.md\/ru\/wp-json\/wp\/v2\/types\/product"}],"replies":[{"embeddable":true,"href":"https:\/\/ceasuri.md\/ru\/wp-json\/wp\/v2\/comments?post=62522"}],"wp:featuredmedia":[{"embeddable":true,"href":"https:\/\/ceasuri.md\/ru\/wp-json\/wp\/v2\/media\/62523"}],"wp:attachment":[{"href":"https:\/\/ceasuri.md\/ru\/wp-json\/wp\/v2\/media?parent=62522"}],"wp:term":[{"taxonomy":"product_brand","embeddable":true,"href":"https:\/\/ceasuri.md\/ru\/wp-json\/wp\/v2\/product_brand?post=62522"},{"taxonomy":"product_cat","embeddable":true,"href":"https:\/\/ceasuri.md\/ru\/wp-json\/wp\/v2\/product_cat?post=62522"},{"taxonomy":"product_tag","embeddable":true,"href":"https:\/\/ceasuri.md\/ru\/wp-json\/wp\/v2\/product_tag?post=62522"}],"curies":[{"name":"wp","href":"https:\/\/api.w.org\/{rel}","templated":true}]}}