{"id":62516,"date":"2026-04-03T01:34:13","date_gmt":"2026-04-02T22:34:13","guid":{"rendered":"http:\/\/new.ceasuri.md\/shop\/uncategorized\/armani-exchange-cayde-ax7144set\/"},"modified":"2026-04-07T05:13:53","modified_gmt":"2026-04-07T02:13:53","slug":"armani-exchange-cayde-ax7144set","status":"publish","type":"product","link":"https:\/\/ceasuri.md\/ru\/shop\/branduri\/armani-exchange\/armani-exchange-cayde-ax7144set\/","title":{"rendered":"Ceas ARMANI EXCHANGE CAYDE AX7144SET"},"content":{"rendered":"<p>Ceasul Cayde este un accesoriu elegant pentru cei care apreciaz\u0103 designul contemporan \u0219i estetica emblematic\u0103 Armani Exchange.<\/p>\n<p>Stilul s\u0103u minimalist \u00eel face u\u0219or de asortat at\u00e2t cu \u021binute business, c\u00e2t \u0219i cu cele casual.<\/p>\n<p>Carcasa este fabricat\u0103 din o\u021bel inoxidabil durabil, asigur\u00e2nd durabilitate \u0219i rezisten\u021b\u0103 la uzur\u0103.<\/p>\n<p>Cadranul, cu logo-ul emblematic Armani Exchange, accentueaz\u0103 caracterul premium al modelului \u0219i face din ceas o pies\u0103 distinctiv\u0103.<\/p>\n<p>Cristalul mineral protejeaz\u0103 \u00een mod fiabil cadranul \u0219i men\u021bine aspectul impecabil al ceasului.<\/p>\n<p>Modelul vine cu o br\u0103\u021bar\u0103 suplimentar\u0103, ceea ce \u00eel face o op\u021biune excelent\u0103 de cadou.<\/p>\n<p>Designul s\u0103u elegant \u0219i versatilitatea permit ca acest ceas s\u0103 fie purtat \u00een orice situa\u021bie, de la \u00eent\u00e2lniri de afaceri la evenimente de sear\u0103.<\/p>","protected":false},"excerpt":{"rendered":"<p>Ceasul Cayde este un accesoriu elegant pentru cei care apreciaz\u0103 designul contemporan \u0219i estetica emblematic\u0103 Armani Exchange. Stilul s\u0103u minimalist \u00eel face u\u0219or de asortat at\u00e2t cu \u021binute business, c\u00e2t \u0219i cu cele casual. Carcasa este fabricat\u0103 din o\u021bel inoxidabil durabil, asigur\u00e2nd durabilitate \u0219i rezisten\u021b\u0103 la uzur\u0103. Cadranul, cu logo-ul emblematic Armani Exchange, accentueaz\u0103 caracterul [&hellip;]<\/p>\n","protected":false},"featured_media":62517,"comment_status":"closed","ping_status":"open","template":"","meta":{"_acf_changed":false},"product_brand":[],"product_cat":[615,20],"product_tag":[],"class_list":{"0":"post-62516","1":"product","2":"type-product","3":"status-publish","4":"has-post-thumbnail","6":"product_cat-armani-exchange","7":"product_cat-ceasuri-barbati","8":"pa_brand-armani-exchange","9":"pa_braslet-otel-inoxidabil","10":"pa_corpus-42-mm","11":"pa_forma-rotund","12":"pa_funcii-set-cadou","13":"pa_garatia-24-luni","14":"pa_korpus-auriu","15":"pa_material-otel-inoxidabil","16":"pa_mehanizm-quartz","17":"pa_remeshok-auriu","18":"pa_steklo-cristal-mineral","19":"pa_strana-italia","20":"pa_voda-5-atm","22":"first","23":"instock","24":"purchasable","25":"product-type-simple"},"acf":[],"_links":{"self":[{"href":"https:\/\/ceasuri.md\/ru\/wp-json\/wp\/v2\/product\/62516","targetHints":{"allow":["GET"]}}],"collection":[{"href":"https:\/\/ceasuri.md\/ru\/wp-json\/wp\/v2\/product"}],"about":[{"href":"https:\/\/ceasuri.md\/ru\/wp-json\/wp\/v2\/types\/product"}],"replies":[{"embeddable":true,"href":"https:\/\/ceasuri.md\/ru\/wp-json\/wp\/v2\/comments?post=62516"}],"wp:featuredmedia":[{"embeddable":true,"href":"https:\/\/ceasuri.md\/ru\/wp-json\/wp\/v2\/media\/62517"}],"wp:attachment":[{"href":"https:\/\/ceasuri.md\/ru\/wp-json\/wp\/v2\/media?parent=62516"}],"wp:term":[{"taxonomy":"product_brand","embeddable":true,"href":"https:\/\/ceasuri.md\/ru\/wp-json\/wp\/v2\/product_brand?post=62516"},{"taxonomy":"product_cat","embeddable":true,"href":"https:\/\/ceasuri.md\/ru\/wp-json\/wp\/v2\/product_cat?post=62516"},{"taxonomy":"product_tag","embeddable":true,"href":"https:\/\/ceasuri.md\/ru\/wp-json\/wp\/v2\/product_tag?post=62516"}],"curies":[{"name":"wp","href":"https:\/\/api.w.org\/{rel}","templated":true}]}}