{"id":62509,"date":"2026-04-03T01:34:13","date_gmt":"2026-04-02T22:34:13","guid":{"rendered":"http:\/\/new.ceasuri.md\/shop\/uncategorized\/armani-exchange-lola-ax7156set\/"},"modified":"2026-04-20T01:57:58","modified_gmt":"2026-04-19T22:57:58","slug":"armani-exchange-lola-ax7156set","status":"publish","type":"product","link":"https:\/\/ceasuri.md\/ru\/shop\/branduri\/armani-exchange\/armani-exchange-lola-ax7156set\/","title":{"rendered":"\u0427\u0430\u0441\u044b ARMANI EXCHANGE LOLA AX7156SET"},"content":{"rendered":"<p>Ceasul Armani Exchange \u00eentruchipeaz\u0103 un stil tineresc, casual, cu o not\u0103 de sofisticare. Este elegant, versatil \u0219i va ad\u0103uga o not\u0103 de elegan\u021b\u0103 \u021binutei tale.<\/p>\n<p>Setul este format dintr-o br\u0103\u021bar\u0103 aurie \u0219i un ceas de 36 mm pe o br\u0103\u021bar\u0103 din o\u021bel.<\/p>\n<p>Carcasa \u0219i br\u0103\u021bara prezint\u0103 un design bicolor, completat armonios de un cadran argintiu.<\/p>\n<p>Mi\u0219carea cu cuar\u021b garanteaz\u0103 o precizie maxim\u0103.<\/p>\n<p>Cristalul mineral este transparent \u0219i durabil &#8211; ideal pentru purtarea zilnic\u0103.<\/p>\n<p>Stropii nu sunt o problem\u0103 pentru acest ceas: este rezistent la ap\u0103 p\u00e2n\u0103 la 3 bari.<\/p>\n<p>Dac\u0103 dore\u0219ti s\u0103 adaugi o not\u0103 de individualitate \u021binutei tale, acest ceas este alegerea perfect\u0103.<\/p>","protected":false},"excerpt":{"rendered":"<p>Ceasul Armani Exchange \u00eentruchipeaz\u0103 un stil tineresc, casual, cu o not\u0103 de sofisticare. Este elegant, versatil \u0219i va ad\u0103uga o not\u0103 de elegan\u021b\u0103 \u021binutei tale. Setul este format dintr-o br\u0103\u021bar\u0103 aurie \u0219i un ceas de 36 mm pe o br\u0103\u021bar\u0103 din o\u021bel. Carcasa \u0219i br\u0103\u021bara prezint\u0103 un design bicolor, completat armonios de un cadran argintiu. [&hellip;]<\/p>\n","protected":false},"featured_media":62510,"comment_status":"closed","ping_status":"open","template":"","meta":{"_acf_changed":false},"product_brand":[],"product_cat":[615,25],"product_tag":[],"class_list":{"0":"post-62509","1":"product","2":"type-product","3":"status-publish","4":"has-post-thumbnail","6":"product_cat-armani-exchange","7":"product_cat-ceasuri-dama","8":"pa_brand-armani-exchange","9":"pa_braslet-otel-inoxidabil","10":"pa_corpus-36-mm","11":"pa_decor-cristale-swarowski","12":"pa_forma-rotund","13":"pa_funcii-set-cadou","14":"pa_garatia-24-luni","15":"pa_korpus-bicolor","16":"pa_kvarc-quartz","17":"pa_material-otel-inoxidabil","18":"pa_mehanizm-quartz","19":"pa_remeshok-bicolor","20":"pa_steklo-cristal-mineral","21":"pa_strana-italia","22":"pa_voda-3-atm","24":"first","25":"instock","26":"purchasable","27":"product-type-simple"},"acf":[],"_links":{"self":[{"href":"https:\/\/ceasuri.md\/ru\/wp-json\/wp\/v2\/product\/62509","targetHints":{"allow":["GET"]}}],"collection":[{"href":"https:\/\/ceasuri.md\/ru\/wp-json\/wp\/v2\/product"}],"about":[{"href":"https:\/\/ceasuri.md\/ru\/wp-json\/wp\/v2\/types\/product"}],"replies":[{"embeddable":true,"href":"https:\/\/ceasuri.md\/ru\/wp-json\/wp\/v2\/comments?post=62509"}],"wp:featuredmedia":[{"embeddable":true,"href":"https:\/\/ceasuri.md\/ru\/wp-json\/wp\/v2\/media\/62510"}],"wp:attachment":[{"href":"https:\/\/ceasuri.md\/ru\/wp-json\/wp\/v2\/media?parent=62509"}],"wp:term":[{"taxonomy":"product_brand","embeddable":true,"href":"https:\/\/ceasuri.md\/ru\/wp-json\/wp\/v2\/product_brand?post=62509"},{"taxonomy":"product_cat","embeddable":true,"href":"https:\/\/ceasuri.md\/ru\/wp-json\/wp\/v2\/product_cat?post=62509"},{"taxonomy":"product_tag","embeddable":true,"href":"https:\/\/ceasuri.md\/ru\/wp-json\/wp\/v2\/product_tag?post=62509"}],"curies":[{"name":"wp","href":"https:\/\/api.w.org\/{rel}","templated":true}]}}