{"id":62503,"date":"2026-04-03T01:34:13","date_gmt":"2026-04-02T22:34:13","guid":{"rendered":"http:\/\/new.ceasuri.md\/shop\/uncategorized\/armani-exchange-spencer-ax7166set\/"},"modified":"2026-04-20T01:57:58","modified_gmt":"2026-04-19T22:57:58","slug":"armani-exchange-spencer-ax7166set","status":"publish","type":"product","link":"https:\/\/ceasuri.md\/ru\/shop\/branduri\/armani-exchange\/armani-exchange-spencer-ax7166set\/","title":{"rendered":"Ceas ARMANI EXCHANGE SPENCER AX7166SET"},"content":{"rendered":"<p>Armani Exchange este un ceas pentru tinerii preocupa\u021bi de tendin\u021be, care eman\u0103 stil \u0219i \u00eencredere.<\/p>\n<p>Acest ceas combin\u0103 linii curate \u0219i accente \u00eendr\u0103zne\u021be \u0219i este complementul perfect pentru cei care nu numai c\u0103 iubesc moda \u0219i stilul, dar le tr\u0103iesc \u0219i \u00een via\u021b\u0103.<\/p>\n<p>Acest cronograf din o\u021bel inoxidabil de 44 mm are un mecanism cu cuar\u021b \u0219i un cadran texturat negru. Func\u021biile suplimentare includ un cronometru \u0219i un subcadran de 24 de ore, perfect pentru cei cu un stil de via\u021b\u0103 activ.<\/p>\n<p>Carcasa rotund\u0103 ofer\u0103 o adev\u0103rat\u0103 versatilitate: arat\u0103 la fel de bine at\u00e2t pe \u00eencheieturile sub\u021biri, c\u00e2t \u0219i pe cele mai grele.<\/p>\n<p>Cu o rezisten\u021b\u0103 la ap\u0103 de 10 bari, acest ceas este potrivit pentru purtarea zilnic\u0103, fie la birou, fie \u00een vacan\u021b\u0103.<\/p>\n<p>Cristalul mineral asigur\u0103 o vedere clar\u0103 \u0219i protejeaz\u0103 cadranul.<\/p>\n<p>Sunt incluse un lan\u021b \u0219i un pandantiv din o\u021bel inoxidabil argintiu.<\/p>\n<p>Ceasurile \u00eentruchipeaz\u0103 esen\u021ba modei moderne, servind ca un accesoriu versatil care se adapteaz\u0103 perfect de la \u021binuta de zi la cea de sear\u0103.<\/p>","protected":false},"excerpt":{"rendered":"<p>Armani Exchange este un ceas pentru tinerii preocupa\u021bi de tendin\u021be, care eman\u0103 stil \u0219i \u00eencredere. Acest ceas combin\u0103 linii curate \u0219i accente \u00eendr\u0103zne\u021be \u0219i este complementul perfect pentru cei care nu numai c\u0103 iubesc moda \u0219i stilul, dar le tr\u0103iesc \u0219i \u00een via\u021b\u0103. Acest cronograf din o\u021bel inoxidabil de 44 mm are un mecanism cu [&hellip;]<\/p>\n","protected":false},"featured_media":62504,"comment_status":"closed","ping_status":"open","template":"","meta":{"_acf_changed":false},"product_brand":[],"product_cat":[615,20],"product_tag":[],"class_list":{"0":"post-62503","1":"product","2":"type-product","3":"status-publish","4":"has-post-thumbnail","6":"product_cat-armani-exchange","7":"product_cat-ceasuri-barbati","8":"pa_brand-armani-exchange","9":"pa_braslet-otel-inoxidabil","10":"pa_corpus-44-mm","11":"pa_forma-rotund","12":"pa_funcii-cronograf","13":"pa_funcii-data","14":"pa_funcii-set-cadou","15":"pa_garatia-24-luni","16":"pa_korpus-argintiu","17":"pa_kvarc-quartz","18":"pa_material-otel-inoxidabil","19":"pa_mehanizm-quartz","20":"pa_remeshok-argintiu","21":"pa_steklo-cristal-mineral","22":"pa_strana-italia","23":"pa_voda-10-atm","25":"first","26":"instock","27":"purchasable","28":"product-type-simple"},"acf":[],"_links":{"self":[{"href":"https:\/\/ceasuri.md\/ru\/wp-json\/wp\/v2\/product\/62503","targetHints":{"allow":["GET"]}}],"collection":[{"href":"https:\/\/ceasuri.md\/ru\/wp-json\/wp\/v2\/product"}],"about":[{"href":"https:\/\/ceasuri.md\/ru\/wp-json\/wp\/v2\/types\/product"}],"replies":[{"embeddable":true,"href":"https:\/\/ceasuri.md\/ru\/wp-json\/wp\/v2\/comments?post=62503"}],"wp:featuredmedia":[{"embeddable":true,"href":"https:\/\/ceasuri.md\/ru\/wp-json\/wp\/v2\/media\/62504"}],"wp:attachment":[{"href":"https:\/\/ceasuri.md\/ru\/wp-json\/wp\/v2\/media?parent=62503"}],"wp:term":[{"taxonomy":"product_brand","embeddable":true,"href":"https:\/\/ceasuri.md\/ru\/wp-json\/wp\/v2\/product_brand?post=62503"},{"taxonomy":"product_cat","embeddable":true,"href":"https:\/\/ceasuri.md\/ru\/wp-json\/wp\/v2\/product_cat?post=62503"},{"taxonomy":"product_tag","embeddable":true,"href":"https:\/\/ceasuri.md\/ru\/wp-json\/wp\/v2\/product_tag?post=62503"}],"curies":[{"name":"wp","href":"https:\/\/api.w.org\/{rel}","templated":true}]}}