{"id":62497,"date":"2026-04-03T01:34:13","date_gmt":"2026-04-02T22:34:13","guid":{"rendered":"http:\/\/new.ceasuri.md\/shop\/uncategorized\/armani-exchange-banks-ax7176set\/"},"modified":"2026-04-20T01:57:59","modified_gmt":"2026-04-19T22:57:59","slug":"armani-exchange-banks-ax7176set","status":"publish","type":"product","link":"https:\/\/ceasuri.md\/ru\/shop\/branduri\/armani-exchange\/armani-exchange-banks-ax7176set\/","title":{"rendered":"Ceas ARMANI EXCHANGE BANKS AX7176SET"},"content":{"rendered":"<p>Setul Armani Exchange Banks este o solu\u021bie elegant\u0103 pentru cei care apreciaz\u0103 designul contemporan \u0219i versatilitatea. Acesta combin\u0103 estetica specific\u0103 brandului cu caracterul practic al accesoriilor de zi cu zi.<\/p>\n<p>Este inclus\u0103 o br\u0103\u021bar\u0103 suplimentar\u0103, permi\u021b\u00e2ndu-v\u0103 s\u0103 schimba\u021bi stilul ceasului \u00een func\u021bie de ocazie \u0219i starea de spirit. Acest accesoriu se adapteaz\u0103 cu u\u0219urin\u021b\u0103 la o varietate de look-uri, de la \u021binute formale de birou la \u021binute casual mai relaxate.<\/p>\n<p>Acest ceas de 44 mm, asociat cu un cadran albastru, adaug\u0103 profunzime acestui cronograf supradimensionat \u00een nuan\u021b\u0103 argintie, completat de o br\u0103\u021bar\u0103 din o\u021bel inoxidabil asortat\u0103.<\/p>\n<p>Subcadranele \u0219i accentele subtile argintii adaug\u0103 precizie \u0219i contrast, \u00een timp ce o \u00eencuietoare pliabil\u0103 cu dou\u0103 butoni asigur\u0103 o potrivire confortabil\u0103.<\/p>\n<p>Finisajele lustruite \u0219i mate creeaz\u0103 o textur\u0103 dinamic\u0103 care reflect\u0103 f\u0103r\u0103 efort lumina.<\/p>\n<p>Rezistent la ap\u0103 p\u00e2n\u0103 la 50 de metri (5 bari), ceasul poate fi purtat f\u0103r\u0103 griji \u00een timp ce v\u0103 sp\u0103la\u021bi pe m\u00e2ini.<\/p>","protected":false},"excerpt":{"rendered":"<p>Setul Armani Exchange Banks este o solu\u021bie elegant\u0103 pentru cei care apreciaz\u0103 designul contemporan \u0219i versatilitatea. Acesta combin\u0103 estetica specific\u0103 brandului cu caracterul practic al accesoriilor de zi cu zi. Este inclus\u0103 o br\u0103\u021bar\u0103 suplimentar\u0103, permi\u021b\u00e2ndu-v\u0103 s\u0103 schimba\u021bi stilul ceasului \u00een func\u021bie de ocazie \u0219i starea de spirit. Acest accesoriu se adapteaz\u0103 cu u\u0219urin\u021b\u0103 la [&hellip;]<\/p>\n","protected":false},"featured_media":62498,"comment_status":"closed","ping_status":"open","template":"","meta":{"_acf_changed":false},"product_brand":[],"product_cat":[615,20],"product_tag":[],"class_list":{"0":"post-62497","1":"product","2":"type-product","3":"status-publish","4":"has-post-thumbnail","6":"product_cat-armani-exchange","7":"product_cat-ceasuri-barbati","8":"pa_brand-armani-exchange","9":"pa_braslet-otel-inoxidabil","10":"pa_corpus-44-mm","11":"pa_forma-rotund","12":"pa_funcii-cronograf","13":"pa_funcii-data","14":"pa_funcii-set-cadou","15":"pa_garatia-24-luni","16":"pa_korpus-argintiu","17":"pa_kvarc-quartz","18":"pa_material-otel-inoxidabil","19":"pa_mehanizm-quartz","20":"pa_remeshok-argintiu","21":"pa_steklo-cristal-mineral","22":"pa_strana-italia","23":"pa_voda-5-atm","25":"first","26":"instock","27":"purchasable","28":"product-type-simple"},"acf":[],"_links":{"self":[{"href":"https:\/\/ceasuri.md\/ru\/wp-json\/wp\/v2\/product\/62497","targetHints":{"allow":["GET"]}}],"collection":[{"href":"https:\/\/ceasuri.md\/ru\/wp-json\/wp\/v2\/product"}],"about":[{"href":"https:\/\/ceasuri.md\/ru\/wp-json\/wp\/v2\/types\/product"}],"replies":[{"embeddable":true,"href":"https:\/\/ceasuri.md\/ru\/wp-json\/wp\/v2\/comments?post=62497"}],"wp:featuredmedia":[{"embeddable":true,"href":"https:\/\/ceasuri.md\/ru\/wp-json\/wp\/v2\/media\/62498"}],"wp:attachment":[{"href":"https:\/\/ceasuri.md\/ru\/wp-json\/wp\/v2\/media?parent=62497"}],"wp:term":[{"taxonomy":"product_brand","embeddable":true,"href":"https:\/\/ceasuri.md\/ru\/wp-json\/wp\/v2\/product_brand?post=62497"},{"taxonomy":"product_cat","embeddable":true,"href":"https:\/\/ceasuri.md\/ru\/wp-json\/wp\/v2\/product_cat?post=62497"},{"taxonomy":"product_tag","embeddable":true,"href":"https:\/\/ceasuri.md\/ru\/wp-json\/wp\/v2\/product_tag?post=62497"}],"curies":[{"name":"wp","href":"https:\/\/api.w.org\/{rel}","templated":true}]}}