{"id":62477,"date":"2026-04-03T01:33:11","date_gmt":"2026-04-02T22:33:11","guid":{"rendered":"http:\/\/new.ceasuri.md\/shop\/uncategorized\/emporio-armani-genni-ar11624\/"},"modified":"2026-04-20T01:57:29","modified_gmt":"2026-04-19T22:57:29","slug":"emporio-armani-genni-ar11624","status":"publish","type":"product","link":"https:\/\/ceasuri.md\/ru\/shop\/branduri\/emporio-armani\/emporio-armani-genni-ar11624\/","title":{"rendered":"\u0427\u0430\u0441\u044b EMPORIO ARMANI GENNI AR11624"},"content":{"rendered":"<p>Ceas elegant pentru femei, \u00een stil clasic, cu curea din piele neagr\u0103.<\/p>\n<p>Carcasa dreptunghiular\u0103, de culoare aur roz, este decorat\u0103 cu numeroase cristale.<\/p>\n<p>Cadranul argintiu, cu efect de raze solare, confer\u0103 un aspect rafinat, str\u0103lucind elegant \u0219i reflect\u00e2nd u\u0219or lumina.<\/p>\n<p>Cureaua din piele neagr\u0103 cu model crocodil \u0219i cus\u0103turi pe laterale confer\u0103 ceasului un plus de stil \u0219i textur\u0103, precum \u0219i un nivel ridicat de confort la purtare.<\/p>","protected":false},"excerpt":{"rendered":"<p>Ceas elegant pentru femei, \u00een stil clasic, cu curea din piele neagr\u0103. Carcasa dreptunghiular\u0103, de culoare aur roz, este decorat\u0103 cu numeroase cristale. Cadranul argintiu, cu efect de raze solare, confer\u0103 un aspect rafinat, str\u0103lucind elegant \u0219i reflect\u00e2nd u\u0219or lumina. Cureaua din piele neagr\u0103 cu model crocodil \u0219i cus\u0103turi pe laterale confer\u0103 ceasului un plus [&hellip;]<\/p>\n","protected":false},"featured_media":62478,"comment_status":"closed","ping_status":"open","template":"","meta":{"_acf_changed":false},"product_brand":[],"product_cat":[25,617],"product_tag":[],"class_list":{"0":"post-62477","1":"product","2":"type-product","3":"status-publish","4":"has-post-thumbnail","6":"product_cat-ceasuri-dama","7":"product_cat-emporio-armani","8":"pa_brand-emporio-armani","9":"pa_braslet-piele","10":"pa_corpus-22x32-mm","11":"pa_decor-cristale-swarowski","12":"pa_forma-dreptunghiular","13":"pa_garatia-24-luni","14":"pa_korpus-roz-gold","15":"pa_kvarc-quartz","16":"pa_material-otel-inoxidabil","17":"pa_mehanizm-quartz","18":"pa_remeshok-negru","19":"pa_steklo-cristal-mineral","20":"pa_strana-italia","21":"pa_voda-5-atm","23":"first","24":"instock","25":"purchasable","26":"product-type-simple"},"acf":[],"_links":{"self":[{"href":"https:\/\/ceasuri.md\/ru\/wp-json\/wp\/v2\/product\/62477","targetHints":{"allow":["GET"]}}],"collection":[{"href":"https:\/\/ceasuri.md\/ru\/wp-json\/wp\/v2\/product"}],"about":[{"href":"https:\/\/ceasuri.md\/ru\/wp-json\/wp\/v2\/types\/product"}],"replies":[{"embeddable":true,"href":"https:\/\/ceasuri.md\/ru\/wp-json\/wp\/v2\/comments?post=62477"}],"wp:featuredmedia":[{"embeddable":true,"href":"https:\/\/ceasuri.md\/ru\/wp-json\/wp\/v2\/media\/62478"}],"wp:attachment":[{"href":"https:\/\/ceasuri.md\/ru\/wp-json\/wp\/v2\/media?parent=62477"}],"wp:term":[{"taxonomy":"product_brand","embeddable":true,"href":"https:\/\/ceasuri.md\/ru\/wp-json\/wp\/v2\/product_brand?post=62477"},{"taxonomy":"product_cat","embeddable":true,"href":"https:\/\/ceasuri.md\/ru\/wp-json\/wp\/v2\/product_cat?post=62477"},{"taxonomy":"product_tag","embeddable":true,"href":"https:\/\/ceasuri.md\/ru\/wp-json\/wp\/v2\/product_tag?post=62477"}],"curies":[{"name":"wp","href":"https:\/\/api.w.org\/{rel}","templated":true}]}}