{"id":62472,"date":"2025-12-25T09:06:09","date_gmt":"2025-12-25T07:06:09","guid":{"rendered":"http:\/\/new.ceasuri.md\/shop\/uncategorized\/emporio-armani-genni-ar11626\/"},"modified":"2026-05-01T19:55:33","modified_gmt":"2026-05-01T16:55:33","slug":"emporio-armani-genni-ar11626","status":"publish","type":"product","link":"https:\/\/ceasuri.md\/ru\/shop\/branduri\/emporio-armani\/emporio-armani-genni-ar11626\/","title":{"rendered":"\u0427\u0430\u0441\u044b EMPORIO ARMANI GENNI AR11626"},"content":{"rendered":"<p>Ceas elegant pentru femei, \u00een dou\u0103 culori, cu br\u0103\u021bar\u0103 clasic\u0103 \u0219i numeroase cristale.<\/p>\n<p>Cadran sidefat cu cifre romane pentru o lizibilitate optim\u0103.<\/p>\n<p>Rezisten\u021b\u0103 la ap\u0103 p\u00e2n\u0103 la 5 ATM.<\/p>\n<p>Designul rafinat \u0219i detaliile atent lucrate fac din acest model un accesoriu fermec\u0103tor pentru femeile elegante.<\/p>","protected":false},"excerpt":{"rendered":"<p>Ceas elegant pentru femei, \u00een dou\u0103 culori, cu br\u0103\u021bar\u0103 clasic\u0103 \u0219i numeroase cristale. Cadran sidefat cu cifre romane pentru o lizibilitate optim\u0103. Rezisten\u021b\u0103 la ap\u0103 p\u00e2n\u0103 la 5 ATM. Designul rafinat \u0219i detaliile atent lucrate fac din acest model un accesoriu fermec\u0103tor pentru femeile elegante.<\/p>","protected":false},"featured_media":62473,"comment_status":"closed","ping_status":"open","template":"","meta":{"_acf_changed":false},"product_brand":[],"product_cat":[25,617],"product_tag":[],"class_list":{"0":"post-62472","1":"product","2":"type-product","3":"status-publish","4":"has-post-thumbnail","6":"product_cat-ceasuri-dama","7":"product_cat-emporio-armani","8":"pa_brand-emporio-armani","9":"pa_braslet-otel-inoxidabil","10":"pa_corpus-22x32-mm","11":"pa_decor-cristale-swarowski","12":"pa_forma-dreptunghiular","13":"pa_garatia-24-luni","14":"pa_korpus-argintiu","15":"pa_kvarc-quartz","16":"pa_material-otel-inoxidabil","17":"pa_mehanizm-quartz","18":"pa_remeshok-bicolor","19":"pa_steklo-cristal-mineral","20":"pa_strana-italia","21":"pa_voda-5-atm","23":"first","24":"instock","25":"purchasable","26":"product-type-simple"},"acf":[],"_links":{"self":[{"href":"https:\/\/ceasuri.md\/ru\/wp-json\/wp\/v2\/product\/62472","targetHints":{"allow":["GET"]}}],"collection":[{"href":"https:\/\/ceasuri.md\/ru\/wp-json\/wp\/v2\/product"}],"about":[{"href":"https:\/\/ceasuri.md\/ru\/wp-json\/wp\/v2\/types\/product"}],"replies":[{"embeddable":true,"href":"https:\/\/ceasuri.md\/ru\/wp-json\/wp\/v2\/comments?post=62472"}],"wp:featuredmedia":[{"embeddable":true,"href":"https:\/\/ceasuri.md\/ru\/wp-json\/wp\/v2\/media\/62473"}],"wp:attachment":[{"href":"https:\/\/ceasuri.md\/ru\/wp-json\/wp\/v2\/media?parent=62472"}],"wp:term":[{"taxonomy":"product_brand","embeddable":true,"href":"https:\/\/ceasuri.md\/ru\/wp-json\/wp\/v2\/product_brand?post=62472"},{"taxonomy":"product_cat","embeddable":true,"href":"https:\/\/ceasuri.md\/ru\/wp-json\/wp\/v2\/product_cat?post=62472"},{"taxonomy":"product_tag","embeddable":true,"href":"https:\/\/ceasuri.md\/ru\/wp-json\/wp\/v2\/product_tag?post=62472"}],"curies":[{"name":"wp","href":"https:\/\/api.w.org\/{rel}","templated":true}]}}