{"id":62462,"date":"2025-12-25T09:06:08","date_gmt":"2025-12-25T07:06:08","guid":{"rendered":"http:\/\/new.ceasuri.md\/shop\/uncategorized\/emporio-armani-mia-ar11632\/"},"modified":"2026-05-01T19:55:29","modified_gmt":"2026-05-01T16:55:29","slug":"emporio-armani-mia-ar11632","status":"publish","type":"product","link":"https:\/\/ceasuri.md\/ru\/shop\/branduri\/emporio-armani\/emporio-armani-mia-ar11632\/","title":{"rendered":"\u0427\u0430\u0441\u044b EMPORIO ARMANI MIA AR11632"},"content":{"rendered":"<p>Acest ceas este perfect pentru orice ocazie \u0219i confer\u0103 \u021binutei tale o not\u0103 elegant\u0103 \u0219i discret\u0103 \u2013 exact ceea ce te a\u0219tep\u021bi de la Armani.<\/p>\n<p>Ceasul elegant, cu br\u0103\u021bar\u0103 modern\u0103 \u0219i rezistent\u0103 din o\u021bel inoxidabil, este alegerea perfect\u0103 pentru orice femeie care caut\u0103 un model clasic, atemporal.<\/p>\n<p>Carcasa rotund\u0103 discret\u0103 (diametru 32 mm) se potrive\u0219te confortabil pe \u00eencheietura m\u00e2inii.<\/p>\n<p>Cadran argintiu, decorat cu o mul\u021bime de pietre str\u0103lucitoare.<\/p>\n<p>Sticla mineral\u0103 a ceasului este transparent\u0103 \u0219i rezistent\u0103 \u2013 solu\u021bia ideal\u0103 pentru utilizarea zilnic\u0103.<\/p>\n<p>Acest model se remarc\u0103 prin elegan\u021ba sa deosebit\u0103.<\/p>","protected":false},"excerpt":{"rendered":"<p>Acest ceas este perfect pentru orice ocazie \u0219i confer\u0103 \u021binutei tale o not\u0103 elegant\u0103 \u0219i discret\u0103 \u2013 exact ceea ce te a\u0219tep\u021bi de la Armani. Ceasul elegant, cu br\u0103\u021bar\u0103 modern\u0103 \u0219i rezistent\u0103 din o\u021bel inoxidabil, este alegerea perfect\u0103 pentru orice femeie care caut\u0103 un model clasic, atemporal. Carcasa rotund\u0103 discret\u0103 (diametru 32 mm) se potrive\u0219te [&hellip;]<\/p>\n","protected":false},"featured_media":62463,"comment_status":"closed","ping_status":"open","template":"","meta":{"_acf_changed":false},"product_brand":[],"product_cat":[25,617],"product_tag":[],"class_list":{"0":"post-62462","1":"product","2":"type-product","3":"status-publish","4":"has-post-thumbnail","6":"product_cat-ceasuri-dama","7":"product_cat-emporio-armani","8":"pa_brand-emporio-armani","9":"pa_braslet-otel-inoxidabil","10":"pa_corpus-32-mm","11":"pa_decor-cristale-swarowski","12":"pa_forma-rotund","13":"pa_garatia-24-luni","14":"pa_korpus-argintiu","15":"pa_kvarc-quartz","16":"pa_material-otel-inoxidabil","17":"pa_mehanizm-quartz","18":"pa_remeshok-argintiu","19":"pa_steklo-cristal-mineral","20":"pa_strana-italia","21":"pa_voda-5-atm","23":"first","24":"instock","25":"purchasable","26":"product-type-simple"},"acf":[],"_links":{"self":[{"href":"https:\/\/ceasuri.md\/ru\/wp-json\/wp\/v2\/product\/62462","targetHints":{"allow":["GET"]}}],"collection":[{"href":"https:\/\/ceasuri.md\/ru\/wp-json\/wp\/v2\/product"}],"about":[{"href":"https:\/\/ceasuri.md\/ru\/wp-json\/wp\/v2\/types\/product"}],"replies":[{"embeddable":true,"href":"https:\/\/ceasuri.md\/ru\/wp-json\/wp\/v2\/comments?post=62462"}],"wp:featuredmedia":[{"embeddable":true,"href":"https:\/\/ceasuri.md\/ru\/wp-json\/wp\/v2\/media\/62463"}],"wp:attachment":[{"href":"https:\/\/ceasuri.md\/ru\/wp-json\/wp\/v2\/media?parent=62462"}],"wp:term":[{"taxonomy":"product_brand","embeddable":true,"href":"https:\/\/ceasuri.md\/ru\/wp-json\/wp\/v2\/product_brand?post=62462"},{"taxonomy":"product_cat","embeddable":true,"href":"https:\/\/ceasuri.md\/ru\/wp-json\/wp\/v2\/product_cat?post=62462"},{"taxonomy":"product_tag","embeddable":true,"href":"https:\/\/ceasuri.md\/ru\/wp-json\/wp\/v2\/product_tag?post=62462"}],"curies":[{"name":"wp","href":"https:\/\/api.w.org\/{rel}","templated":true}]}}