{"id":62457,"date":"2026-04-03T01:33:11","date_gmt":"2026-04-02T22:33:11","guid":{"rendered":"http:\/\/new.ceasuri.md\/shop\/uncategorized\/emporio-armani-federica-ar11656\/"},"modified":"2026-04-20T01:57:30","modified_gmt":"2026-04-19T22:57:30","slug":"emporio-armani-federica-ar11656","status":"publish","type":"product","link":"https:\/\/ceasuri.md\/ru\/shop\/branduri\/emporio-armani\/emporio-armani-federica-ar11656\/","title":{"rendered":"\u0427\u0430\u0441\u044b EMPORIO ARMANI FEDERICA AR11656"},"content":{"rendered":"<p>Datorit\u0103 liniilor clare \u0219i materialelor de \u00eenalt\u0103 calitate, ceasurile FEDERICA vor fi accesoriul ideal pentru to\u021bi cei care apreciaz\u0103 rafinamentul stilat.<\/p>\n<p>Aceste ceasuri pentru femei, cu carcas\u0103 \u0219i br\u0103\u021bar\u0103 clasic\u0103 din o\u021bel inoxidabil, vor fi accesoriul ideal pentru orice ocazie, datorit\u0103 designului lor elegant.<\/p>\n<p>Br\u0103\u021bara \u0219i carcasa sunt de culoare argintie, iar cadranul verde confer\u0103 ceasului un accent special.<\/p>\n<p>Carcasa rotund\u0103 se potrive\u0219te confortabil pe \u00eencheietura m\u00e2inii, iar fereastra de dat\u0103 este situat\u0103 \u00een pozi\u021bia \u201eora 6\u201d.<\/p>\n<p>Sticla mineral\u0103 asigur\u0103 protec\u021bie \u00eempotriva factorilor externi din via\u021ba de zi cu zi.<\/p>\n<p>Alegerea ideal\u0103 pentru to\u021bi cei care caut\u0103 un accesoriu elegant \u0219i, \u00een acela\u0219i timp, precis pentru fiecare zi.<\/p>","protected":false},"excerpt":{"rendered":"<p>Datorit\u0103 liniilor clare \u0219i materialelor de \u00eenalt\u0103 calitate, ceasurile FEDERICA vor fi accesoriul ideal pentru to\u021bi cei care apreciaz\u0103 rafinamentul stilat. Aceste ceasuri pentru femei, cu carcas\u0103 \u0219i br\u0103\u021bar\u0103 clasic\u0103 din o\u021bel inoxidabil, vor fi accesoriul ideal pentru orice ocazie, datorit\u0103 designului lor elegant. Br\u0103\u021bara \u0219i carcasa sunt de culoare argintie, iar cadranul verde confer\u0103 [&hellip;]<\/p>\n","protected":false},"featured_media":62458,"comment_status":"closed","ping_status":"open","template":"","meta":{"_acf_changed":false},"product_brand":[],"product_cat":[25,617],"product_tag":[],"class_list":{"0":"post-62457","1":"product","2":"type-product","3":"status-publish","4":"has-post-thumbnail","6":"product_cat-ceasuri-dama","7":"product_cat-emporio-armani","8":"pa_brand-emporio-armani","9":"pa_braslet-otel-inoxidabil","10":"pa_corpus-32-mm","11":"pa_forma-rotund","12":"pa_funcii-data","13":"pa_garatia-24-luni","14":"pa_korpus-argintiu","15":"pa_kvarc-quartz","16":"pa_material-otel-inoxidabil","17":"pa_mehanizm-quartz","18":"pa_remeshok-argintiu","19":"pa_steklo-cristal-mineral","20":"pa_strana-italia","21":"pa_voda-5-atm","23":"first","24":"instock","25":"purchasable","26":"product-type-simple"},"acf":[],"_links":{"self":[{"href":"https:\/\/ceasuri.md\/ru\/wp-json\/wp\/v2\/product\/62457","targetHints":{"allow":["GET"]}}],"collection":[{"href":"https:\/\/ceasuri.md\/ru\/wp-json\/wp\/v2\/product"}],"about":[{"href":"https:\/\/ceasuri.md\/ru\/wp-json\/wp\/v2\/types\/product"}],"replies":[{"embeddable":true,"href":"https:\/\/ceasuri.md\/ru\/wp-json\/wp\/v2\/comments?post=62457"}],"wp:featuredmedia":[{"embeddable":true,"href":"https:\/\/ceasuri.md\/ru\/wp-json\/wp\/v2\/media\/62458"}],"wp:attachment":[{"href":"https:\/\/ceasuri.md\/ru\/wp-json\/wp\/v2\/media?parent=62457"}],"wp:term":[{"taxonomy":"product_brand","embeddable":true,"href":"https:\/\/ceasuri.md\/ru\/wp-json\/wp\/v2\/product_brand?post=62457"},{"taxonomy":"product_cat","embeddable":true,"href":"https:\/\/ceasuri.md\/ru\/wp-json\/wp\/v2\/product_cat?post=62457"},{"taxonomy":"product_tag","embeddable":true,"href":"https:\/\/ceasuri.md\/ru\/wp-json\/wp\/v2\/product_tag?post=62457"}],"curies":[{"name":"wp","href":"https:\/\/api.w.org\/{rel}","templated":true}]}}