{"id":62442,"date":"2026-04-03T01:33:11","date_gmt":"2026-04-02T22:33:11","guid":{"rendered":"http:\/\/new.ceasuri.md\/shop\/uncategorized\/emporio-armani-genni-ar11659\/"},"modified":"2026-04-20T01:57:31","modified_gmt":"2026-04-19T22:57:31","slug":"emporio-armani-genni-ar11659","status":"publish","type":"product","link":"https:\/\/ceasuri.md\/ru\/shop\/branduri\/emporio-armani\/emporio-armani-genni-ar11659\/","title":{"rendered":"\u0427\u0430\u0441\u044b EMPORIO ARMANI GENNI AR11659"},"content":{"rendered":"<p>Ceas elegant cu dou\u0103 ace, carcas\u0103 dreptunghiular\u0103 \u0219i cadran alb mat, fabricat din o\u021bel inoxidabil de culoare auriu deschis.<\/p>\n<p>Cifrele romane negre \u0219i pavajul de cristal de pe carcas\u0103 fac din acest ceas accesoriul perfect pentru orice ocazie special\u0103.<\/p>","protected":false},"excerpt":{"rendered":"<p>Ceas elegant cu dou\u0103 ace, carcas\u0103 dreptunghiular\u0103 \u0219i cadran alb mat, fabricat din o\u021bel inoxidabil de culoare auriu deschis. Cifrele romane negre \u0219i pavajul de cristal de pe carcas\u0103 fac din acest ceas accesoriul perfect pentru orice ocazie special\u0103.<\/p>","protected":false},"featured_media":62443,"comment_status":"closed","ping_status":"open","template":"","meta":{"_acf_changed":false},"product_brand":[],"product_cat":[25,617],"product_tag":[],"class_list":{"0":"post-62442","1":"product","2":"type-product","3":"status-publish","4":"has-post-thumbnail","6":"product_cat-ceasuri-dama","7":"product_cat-emporio-armani","8":"pa_brand-emporio-armani","9":"pa_braslet-otel-inoxidabil","10":"pa_corpus-22x32-mm","11":"pa_decor-cristale-swarowski","12":"pa_forma-dreptunghiular","13":"pa_garatia-24-luni","14":"pa_korpus-auriu","15":"pa_kvarc-quartz","16":"pa_material-otel-inoxidabil","17":"pa_mehanizm-quartz","18":"pa_remeshok-auriu","19":"pa_steklo-cristal-mineral","20":"pa_strana-italia","21":"pa_voda-5-atm","23":"first","24":"instock","25":"purchasable","26":"product-type-simple"},"acf":[],"_links":{"self":[{"href":"https:\/\/ceasuri.md\/ru\/wp-json\/wp\/v2\/product\/62442","targetHints":{"allow":["GET"]}}],"collection":[{"href":"https:\/\/ceasuri.md\/ru\/wp-json\/wp\/v2\/product"}],"about":[{"href":"https:\/\/ceasuri.md\/ru\/wp-json\/wp\/v2\/types\/product"}],"replies":[{"embeddable":true,"href":"https:\/\/ceasuri.md\/ru\/wp-json\/wp\/v2\/comments?post=62442"}],"wp:featuredmedia":[{"embeddable":true,"href":"https:\/\/ceasuri.md\/ru\/wp-json\/wp\/v2\/media\/62443"}],"wp:attachment":[{"href":"https:\/\/ceasuri.md\/ru\/wp-json\/wp\/v2\/media?parent=62442"}],"wp:term":[{"taxonomy":"product_brand","embeddable":true,"href":"https:\/\/ceasuri.md\/ru\/wp-json\/wp\/v2\/product_brand?post=62442"},{"taxonomy":"product_cat","embeddable":true,"href":"https:\/\/ceasuri.md\/ru\/wp-json\/wp\/v2\/product_cat?post=62442"},{"taxonomy":"product_tag","embeddable":true,"href":"https:\/\/ceasuri.md\/ru\/wp-json\/wp\/v2\/product_tag?post=62442"}],"curies":[{"name":"wp","href":"https:\/\/api.w.org\/{rel}","templated":true}]}}