{"id":62437,"date":"2026-04-03T01:33:11","date_gmt":"2026-04-02T22:33:11","guid":{"rendered":"http:\/\/new.ceasuri.md\/shop\/uncategorized\/emporio-armani-genni-ar11660\/"},"modified":"2026-04-20T01:57:32","modified_gmt":"2026-04-19T22:57:32","slug":"emporio-armani-genni-ar11660","status":"publish","type":"product","link":"https:\/\/ceasuri.md\/ru\/shop\/branduri\/emporio-armani\/emporio-armani-genni-ar11660\/","title":{"rendered":"\u0427\u0430\u0441\u044b EMPORIO ARMANI GENNI AR11660"},"content":{"rendered":"<p>Dac\u0103 aprecia\u021bi luxul \u0219i elegan\u021ba, ceasurile Armani sunt perfecte pentru dumneavoastr\u0103.<\/p>\n<p>Elegan\u021ba natural\u0103 a acestor ceasuri pentru femei este accentuat\u0103 \u00een mod special de carcasa din o\u021bel inoxidabil \u0219i curea din piele natural\u0103.<\/p>\n<p>O caracteristic\u0103 deosebit de remarcabil\u0103 este carcasa p\u0103trat\u0103, decorat\u0103 cu cristale.<\/p>\n<p>Sticla mineral\u0103 asigur\u0103 protec\u021bie \u00eempotriva factorilor externi.<\/p>\n<p>Datorit\u0103 rezisten\u021bei la ap\u0103 de p\u00e2n\u0103 la 5 bari, acest ceas poate fi purtat f\u0103r\u0103 team\u0103 \u00een timpul sp\u0103l\u0103rii m\u00e2inilor.<\/p>\n<p>Dac\u0103 dori\u021bi s\u0103 ad\u0103uga\u021bi individualitate look-ului dvs., ceasurile elegante pentru femei Emporio Armani sunt alegerea perfect\u0103.<\/p>","protected":false},"excerpt":{"rendered":"<p>Dac\u0103 aprecia\u021bi luxul \u0219i elegan\u021ba, ceasurile Armani sunt perfecte pentru dumneavoastr\u0103. Elegan\u021ba natural\u0103 a acestor ceasuri pentru femei este accentuat\u0103 \u00een mod special de carcasa din o\u021bel inoxidabil \u0219i curea din piele natural\u0103. O caracteristic\u0103 deosebit de remarcabil\u0103 este carcasa p\u0103trat\u0103, decorat\u0103 cu cristale. Sticla mineral\u0103 asigur\u0103 protec\u021bie \u00eempotriva factorilor externi. Datorit\u0103 rezisten\u021bei la ap\u0103 [&hellip;]<\/p>\n","protected":false},"featured_media":62438,"comment_status":"closed","ping_status":"open","template":"","meta":{"_acf_changed":false},"product_brand":[],"product_cat":[25,617],"product_tag":[],"class_list":{"0":"post-62437","1":"product","2":"type-product","3":"status-publish","4":"has-post-thumbnail","6":"product_cat-ceasuri-dama","7":"product_cat-emporio-armani","8":"pa_brand-emporio-armani","9":"pa_braslet-piele","10":"pa_corpus-20-mm","11":"pa_decor-cristale-swarowski","12":"pa_forma-patrat","13":"pa_garatia-24-luni","14":"pa_korpus-argintiu","15":"pa_kvarc-quartz","16":"pa_material-otel-inoxidabil","17":"pa_mehanizm-quartz","18":"pa_remeshok-negru","19":"pa_steklo-cristal-mineral","20":"pa_strana-italia","21":"pa_voda-5-atm","23":"first","24":"instock","25":"purchasable","26":"product-type-simple"},"acf":[],"_links":{"self":[{"href":"https:\/\/ceasuri.md\/ru\/wp-json\/wp\/v2\/product\/62437","targetHints":{"allow":["GET"]}}],"collection":[{"href":"https:\/\/ceasuri.md\/ru\/wp-json\/wp\/v2\/product"}],"about":[{"href":"https:\/\/ceasuri.md\/ru\/wp-json\/wp\/v2\/types\/product"}],"replies":[{"embeddable":true,"href":"https:\/\/ceasuri.md\/ru\/wp-json\/wp\/v2\/comments?post=62437"}],"wp:featuredmedia":[{"embeddable":true,"href":"https:\/\/ceasuri.md\/ru\/wp-json\/wp\/v2\/media\/62438"}],"wp:attachment":[{"href":"https:\/\/ceasuri.md\/ru\/wp-json\/wp\/v2\/media?parent=62437"}],"wp:term":[{"taxonomy":"product_brand","embeddable":true,"href":"https:\/\/ceasuri.md\/ru\/wp-json\/wp\/v2\/product_brand?post=62437"},{"taxonomy":"product_cat","embeddable":true,"href":"https:\/\/ceasuri.md\/ru\/wp-json\/wp\/v2\/product_cat?post=62437"},{"taxonomy":"product_tag","embeddable":true,"href":"https:\/\/ceasuri.md\/ru\/wp-json\/wp\/v2\/product_tag?post=62437"}],"curies":[{"name":"wp","href":"https:\/\/api.w.org\/{rel}","templated":true}]}}