{"id":62421,"date":"2025-12-25T09:06:04","date_gmt":"2025-12-25T07:06:04","guid":{"rendered":"http:\/\/new.ceasuri.md\/shop\/uncategorized\/emporio-armani-gino-ar11664\/"},"modified":"2026-05-01T19:55:14","modified_gmt":"2026-05-01T16:55:14","slug":"emporio-armani-gino-ar11664","status":"publish","type":"product","link":"https:\/\/ceasuri.md\/ru\/shop\/branduri\/emporio-armani\/emporio-armani-gino-ar11664\/","title":{"rendered":"\u0427\u0430\u0441\u044b EMPORIO ARMANI GINO AR11664"},"content":{"rendered":"<p>Acest ceas din o\u021bel inoxidabil, cu dimensiunile de 25&#215;39 mm, se remarc\u0103 din mul\u021bime.<\/p>\n<p>Cu o carcas\u0103 elegant\u0103 dreptunghiular\u0103 \u0219i un mecanism cu cuar\u021b cu dou\u0103 ace \u0219i dat\u0103, se distinge prin cadranul lucios, decorat cu cifre romane negre.<\/p>\n<p>Br\u0103\u021bara din o\u021bel inoxidabil cu zale \u00een form\u0103 de H adaug\u0103 rafinament, f\u0103c\u00e2nd acest ceas accesoriul perfect pentru orice ocazie special\u0103.<\/p>","protected":false},"excerpt":{"rendered":"<p>Acest ceas din o\u021bel inoxidabil, cu dimensiunile de 25&#215;39 mm, se remarc\u0103 din mul\u021bime. Cu o carcas\u0103 elegant\u0103 dreptunghiular\u0103 \u0219i un mecanism cu cuar\u021b cu dou\u0103 ace \u0219i dat\u0103, se distinge prin cadranul lucios, decorat cu cifre romane negre. Br\u0103\u021bara din o\u021bel inoxidabil cu zale \u00een form\u0103 de H adaug\u0103 rafinament, f\u0103c\u00e2nd acest ceas accesoriul [&hellip;]<\/p>\n","protected":false},"featured_media":62422,"comment_status":"closed","ping_status":"open","template":"","meta":{"_acf_changed":false},"product_brand":[],"product_cat":[20,25,617],"product_tag":[],"class_list":{"0":"post-62421","1":"product","2":"type-product","3":"status-publish","4":"has-post-thumbnail","6":"product_cat-ceasuri-barbati","7":"product_cat-ceasuri-dama","8":"product_cat-emporio-armani","9":"pa_brand-emporio-armani","10":"pa_braslet-otel-inoxidabil","11":"pa_corpus-25x39mm","12":"pa_forma-dreptunghiular","13":"pa_funcii-data","14":"pa_garatia-24-luni","15":"pa_korpus-argintiu","16":"pa_kvarc-quartz","17":"pa_material-otel-inoxidabil","18":"pa_mehanizm-quartz","19":"pa_remeshok-argintiu","20":"pa_steklo-cristal-mineral","21":"pa_strana-italia","22":"pa_voda-5-atm","24":"first","25":"instock","26":"purchasable","27":"product-type-simple"},"acf":[],"_links":{"self":[{"href":"https:\/\/ceasuri.md\/ru\/wp-json\/wp\/v2\/product\/62421","targetHints":{"allow":["GET"]}}],"collection":[{"href":"https:\/\/ceasuri.md\/ru\/wp-json\/wp\/v2\/product"}],"about":[{"href":"https:\/\/ceasuri.md\/ru\/wp-json\/wp\/v2\/types\/product"}],"replies":[{"embeddable":true,"href":"https:\/\/ceasuri.md\/ru\/wp-json\/wp\/v2\/comments?post=62421"}],"wp:featuredmedia":[{"embeddable":true,"href":"https:\/\/ceasuri.md\/ru\/wp-json\/wp\/v2\/media\/62422"}],"wp:attachment":[{"href":"https:\/\/ceasuri.md\/ru\/wp-json\/wp\/v2\/media?parent=62421"}],"wp:term":[{"taxonomy":"product_brand","embeddable":true,"href":"https:\/\/ceasuri.md\/ru\/wp-json\/wp\/v2\/product_brand?post=62421"},{"taxonomy":"product_cat","embeddable":true,"href":"https:\/\/ceasuri.md\/ru\/wp-json\/wp\/v2\/product_cat?post=62421"},{"taxonomy":"product_tag","embeddable":true,"href":"https:\/\/ceasuri.md\/ru\/wp-json\/wp\/v2\/product_tag?post=62421"}],"curies":[{"name":"wp","href":"https:\/\/api.w.org\/{rel}","templated":true}]}}