{"id":62416,"date":"2026-04-03T01:33:11","date_gmt":"2026-04-02T22:33:11","guid":{"rendered":"http:\/\/new.ceasuri.md\/shop\/uncategorized\/emporio-armani-gianni-t-bar-ar11667\/"},"modified":"2026-04-20T01:57:33","modified_gmt":"2026-04-19T22:57:33","slug":"emporio-armani-gianni-t-bar-ar11667","status":"publish","type":"product","link":"https:\/\/ceasuri.md\/ru\/shop\/branduri\/emporio-armani\/emporio-armani-gianni-t-bar-ar11667\/","title":{"rendered":"\u0427\u0430\u0441\u044b EMPORIO ARMANI GIANNI T-BAR AR11667"},"content":{"rendered":"<p>Dac\u0103 aprecia\u021bi luxul \u0219i elegan\u021ba, ceasurile Armani sunt exact ceea ce ave\u021bi nevoie.<\/p>\n<p>Model clasic cu carcas\u0103 \u0219i br\u0103\u021bar\u0103 din o\u021bel inoxidabil. Este realizat \u00een culoarea argintie, iar cadranul verde cu indici din cristale adaug\u0103 un accent luminos.<\/p>\n<p>Carcasa rotund\u0103 discret\u0103 se potrive\u0219te confortabil pe \u00eencheietura m\u00e2inii.<\/p>\n<p>Mecanismul cu cuar\u021b asigur\u0103 o precizie ridicat\u0103.<\/p>\n<p>Sticla mineral\u0103 asigur\u0103 o imagine clar\u0103 \u0219i rezist\u0103 la solicit\u0103rile obi\u0219nuite din via\u021ba de zi cu zi.<\/p>\n<p>Ceasul este rezistent la ap\u0103 p\u00e2n\u0103 la 3 bari.<\/p>\n<p>Pe scurt, acest ceas este o manifestare a bunului gust \u0219i un companion de \u00eencredere \u00een via\u021ba de zi cu zi.<\/p>","protected":false},"excerpt":{"rendered":"<p>Dac\u0103 aprecia\u021bi luxul \u0219i elegan\u021ba, ceasurile Armani sunt exact ceea ce ave\u021bi nevoie. Model clasic cu carcas\u0103 \u0219i br\u0103\u021bar\u0103 din o\u021bel inoxidabil. Este realizat \u00een culoarea argintie, iar cadranul verde cu indici din cristale adaug\u0103 un accent luminos. Carcasa rotund\u0103 discret\u0103 se potrive\u0219te confortabil pe \u00eencheietura m\u00e2inii. Mecanismul cu cuar\u021b asigur\u0103 o precizie ridicat\u0103. Sticla [&hellip;]<\/p>\n","protected":false},"featured_media":62417,"comment_status":"closed","ping_status":"open","template":"","meta":{"_acf_changed":false},"product_brand":[],"product_cat":[25,617],"product_tag":[],"class_list":{"0":"post-62416","1":"product","2":"type-product","3":"status-publish","4":"has-post-thumbnail","6":"product_cat-ceasuri-dama","7":"product_cat-emporio-armani","8":"pa_brand-emporio-armani","9":"pa_braslet-otel-inoxidabil","10":"pa_corpus-28-mm","11":"pa_decor-cristale-swarowski","12":"pa_forma-rotund","13":"pa_garatia-24-luni","14":"pa_korpus-argintiu","15":"pa_kvarc-quartz","16":"pa_material-otel-inoxidabil","17":"pa_mehanizm-quartz","18":"pa_remeshok-argintiu","19":"pa_steklo-cristal-mineral","20":"pa_strana-italia","21":"pa_voda-3-atm","23":"first","24":"instock","25":"purchasable","26":"product-type-simple"},"acf":[],"_links":{"self":[{"href":"https:\/\/ceasuri.md\/ru\/wp-json\/wp\/v2\/product\/62416","targetHints":{"allow":["GET"]}}],"collection":[{"href":"https:\/\/ceasuri.md\/ru\/wp-json\/wp\/v2\/product"}],"about":[{"href":"https:\/\/ceasuri.md\/ru\/wp-json\/wp\/v2\/types\/product"}],"replies":[{"embeddable":true,"href":"https:\/\/ceasuri.md\/ru\/wp-json\/wp\/v2\/comments?post=62416"}],"wp:featuredmedia":[{"embeddable":true,"href":"https:\/\/ceasuri.md\/ru\/wp-json\/wp\/v2\/media\/62417"}],"wp:attachment":[{"href":"https:\/\/ceasuri.md\/ru\/wp-json\/wp\/v2\/media?parent=62416"}],"wp:term":[{"taxonomy":"product_brand","embeddable":true,"href":"https:\/\/ceasuri.md\/ru\/wp-json\/wp\/v2\/product_brand?post=62416"},{"taxonomy":"product_cat","embeddable":true,"href":"https:\/\/ceasuri.md\/ru\/wp-json\/wp\/v2\/product_cat?post=62416"},{"taxonomy":"product_tag","embeddable":true,"href":"https:\/\/ceasuri.md\/ru\/wp-json\/wp\/v2\/product_tag?post=62416"}],"curies":[{"name":"wp","href":"https:\/\/api.w.org\/{rel}","templated":true}]}}