{"id":62401,"date":"2026-04-03T01:33:11","date_gmt":"2026-04-02T22:33:11","guid":{"rendered":"http:\/\/new.ceasuri.md\/shop\/uncategorized\/emporio-armani-minimalist-ar11672\/"},"modified":"2026-04-27T11:25:07","modified_gmt":"2026-04-27T08:25:07","slug":"emporio-armani-minimalist-ar11672","status":"publish","type":"product","link":"https:\/\/ceasuri.md\/ru\/shop\/branduri\/emporio-armani\/emporio-armani-minimalist-ar11672\/","title":{"rendered":"\u0427\u0430\u0441\u044b EMPORIO ARMANI MINIMALIST AR11672"},"content":{"rendered":"<p>Ceasurile Armani Minimalist combin\u0103 estetica minimalist\u0103 cu o not\u0103 de glamour \u0219i sunt perfecte pentru to\u021bi cei care apreciaz\u0103 stilul.<\/p>\n<p>Ceasuri pentru b\u0103rba\u021bi cu carcas\u0103 din o\u021bel inoxidabil, curea confortabil\u0103 \u0219i elegant\u0103 din piele \u0219i cadran verde spectaculos.<\/p>\n<p>Sticla mineral\u0103 asigur\u0103 protec\u021bie \u00eempotriva impacturilor externe obi\u0219nuite din via\u021ba de zi cu zi.<\/p>\n<p>Datorit\u0103 rezisten\u021bei la ap\u0103 p\u00e2n\u0103 la 50 de metri (5 bari), acest ceas este un companion de \u00eencredere.<\/p>\n<p>Modelul se remarc\u0103 prin elegan\u021ba \u0219i precizia deosebit\u0103 a fabrica\u021biei \u2014 alegerea ideal\u0103 pentru cei care caut\u0103 un accesoriu de mod\u0103 fiabil.<\/p>","protected":false},"excerpt":{"rendered":"<p>Ceasurile Armani Minimalist combin\u0103 estetica minimalist\u0103 cu o not\u0103 de glamour \u0219i sunt perfecte pentru to\u021bi cei care apreciaz\u0103 stilul. Ceasuri pentru b\u0103rba\u021bi cu carcas\u0103 din o\u021bel inoxidabil, curea confortabil\u0103 \u0219i elegant\u0103 din piele \u0219i cadran verde spectaculos. Sticla mineral\u0103 asigur\u0103 protec\u021bie \u00eempotriva impacturilor externe obi\u0219nuite din via\u021ba de zi cu zi. Datorit\u0103 rezisten\u021bei la [&hellip;]<\/p>\n","protected":false},"featured_media":62402,"comment_status":"closed","ping_status":"open","template":"","meta":{"_acf_changed":false},"product_brand":[],"product_cat":[20,617],"product_tag":[],"class_list":{"0":"post-62401","1":"product","2":"type-product","3":"status-publish","4":"has-post-thumbnail","6":"product_cat-ceasuri-barbati","7":"product_cat-emporio-armani","8":"pa_brand-emporio-armani","9":"pa_braslet-piele","10":"pa_corpus-39-mm","11":"pa_forma-rotund","12":"pa_funcii-data","13":"pa_garatia-24-luni","14":"pa_korpus-argintiu","15":"pa_kvarc-quartz","16":"pa_material-otel-inoxidabil","17":"pa_mehanizm-quartz","18":"pa_remeshok-maro","19":"pa_steklo-cristal-mineral","20":"pa_strana-italia","21":"pa_voda-5-atm","23":"first","24":"instock","25":"purchasable","26":"product-type-simple"},"acf":[],"_links":{"self":[{"href":"https:\/\/ceasuri.md\/ru\/wp-json\/wp\/v2\/product\/62401","targetHints":{"allow":["GET"]}}],"collection":[{"href":"https:\/\/ceasuri.md\/ru\/wp-json\/wp\/v2\/product"}],"about":[{"href":"https:\/\/ceasuri.md\/ru\/wp-json\/wp\/v2\/types\/product"}],"replies":[{"embeddable":true,"href":"https:\/\/ceasuri.md\/ru\/wp-json\/wp\/v2\/comments?post=62401"}],"wp:featuredmedia":[{"embeddable":true,"href":"https:\/\/ceasuri.md\/ru\/wp-json\/wp\/v2\/media\/62402"}],"wp:attachment":[{"href":"https:\/\/ceasuri.md\/ru\/wp-json\/wp\/v2\/media?parent=62401"}],"wp:term":[{"taxonomy":"product_brand","embeddable":true,"href":"https:\/\/ceasuri.md\/ru\/wp-json\/wp\/v2\/product_brand?post=62401"},{"taxonomy":"product_cat","embeddable":true,"href":"https:\/\/ceasuri.md\/ru\/wp-json\/wp\/v2\/product_cat?post=62401"},{"taxonomy":"product_tag","embeddable":true,"href":"https:\/\/ceasuri.md\/ru\/wp-json\/wp\/v2\/product_tag?post=62401"}],"curies":[{"name":"wp","href":"https:\/\/api.w.org\/{rel}","templated":true}]}}