{"id":62391,"date":"2026-04-03T01:33:11","date_gmt":"2026-04-02T22:33:11","guid":{"rendered":"http:\/\/new.ceasuri.md\/shop\/uncategorized\/emporio-armani-racer-ar11678\/"},"modified":"2026-04-20T01:57:35","modified_gmt":"2026-04-19T22:57:35","slug":"emporio-armani-racer-ar11678","status":"publish","type":"product","link":"https:\/\/ceasuri.md\/ru\/shop\/branduri\/emporio-armani\/emporio-armani-racer-ar11678\/","title":{"rendered":"\u0427\u0430\u0441\u044b EMPORIO ARMANI RACER AR11678"},"content":{"rendered":"<p>Ceasuri cronograf pentru b\u0103rba\u021bi, cu cronometru \u0219i tahimetru.<\/p>\n<p>Carcasa din o\u021bel cu diametrul de 42 mm con\u021bine un cronograf \u0219i un cadran negru cu efect de raze solare \u0219i subcadrane albe.<\/p>\n<p>Format de timp de 12 \u0219i 24 de ore.<\/p>\n<p>Fereastra de dat\u0103 se afl\u0103 \u00een pozi\u021bia ora 6.<\/p>\n<p>Br\u0103\u021bara elegant\u0103 din o\u021bel mat \u0219i nuan\u021b\u0103 auriu deschis confer\u0103 ceasului un caracter rafinat, dar \u00een acela\u0219i timp masculin.<\/p>","protected":false},"excerpt":{"rendered":"<p>Ceasuri cronograf pentru b\u0103rba\u021bi, cu cronometru \u0219i tahimetru. Carcasa din o\u021bel cu diametrul de 42 mm con\u021bine un cronograf \u0219i un cadran negru cu efect de raze solare \u0219i subcadrane albe. Format de timp de 12 \u0219i 24 de ore. Fereastra de dat\u0103 se afl\u0103 \u00een pozi\u021bia ora 6. Br\u0103\u021bara elegant\u0103 din o\u021bel mat \u0219i [&hellip;]<\/p>\n","protected":false},"featured_media":62392,"comment_status":"closed","ping_status":"open","template":"","meta":{"_acf_changed":false},"product_brand":[],"product_cat":[20,617],"product_tag":[],"class_list":{"0":"post-62391","1":"product","2":"type-product","3":"status-publish","4":"has-post-thumbnail","6":"product_cat-ceasuri-barbati","7":"product_cat-emporio-armani","8":"pa_brand-emporio-armani","9":"pa_braslet-otel-inoxidabil","10":"pa_corpus-42-mm","11":"pa_forma-rotund","12":"pa_funcii-cronograf","13":"pa_funcii-data","14":"pa_funcii-tahimetru","15":"pa_garatia-24-luni","16":"pa_korpus-bicolor","17":"pa_kvarc-quartz","18":"pa_material-otel-inoxidabil","19":"pa_mehanizm-quartz","20":"pa_remeshok-bicolor","21":"pa_steklo-cristal-mineral","22":"pa_strana-italia","23":"pa_voda-5-atm","25":"first","26":"instock","27":"purchasable","28":"product-type-simple"},"acf":[],"_links":{"self":[{"href":"https:\/\/ceasuri.md\/ru\/wp-json\/wp\/v2\/product\/62391","targetHints":{"allow":["GET"]}}],"collection":[{"href":"https:\/\/ceasuri.md\/ru\/wp-json\/wp\/v2\/product"}],"about":[{"href":"https:\/\/ceasuri.md\/ru\/wp-json\/wp\/v2\/types\/product"}],"replies":[{"embeddable":true,"href":"https:\/\/ceasuri.md\/ru\/wp-json\/wp\/v2\/comments?post=62391"}],"wp:featuredmedia":[{"embeddable":true,"href":"https:\/\/ceasuri.md\/ru\/wp-json\/wp\/v2\/media\/62392"}],"wp:attachment":[{"href":"https:\/\/ceasuri.md\/ru\/wp-json\/wp\/v2\/media?parent=62391"}],"wp:term":[{"taxonomy":"product_brand","embeddable":true,"href":"https:\/\/ceasuri.md\/ru\/wp-json\/wp\/v2\/product_brand?post=62391"},{"taxonomy":"product_cat","embeddable":true,"href":"https:\/\/ceasuri.md\/ru\/wp-json\/wp\/v2\/product_cat?post=62391"},{"taxonomy":"product_tag","embeddable":true,"href":"https:\/\/ceasuri.md\/ru\/wp-json\/wp\/v2\/product_tag?post=62391"}],"curies":[{"name":"wp","href":"https:\/\/api.w.org\/{rel}","templated":true}]}}