{"id":62386,"date":"2026-04-03T01:33:11","date_gmt":"2026-04-02T22:33:11","guid":{"rendered":"http:\/\/new.ceasuri.md\/shop\/uncategorized\/emporio-armani-gianni-t-bar-ar11686\/"},"modified":"2026-04-20T01:57:35","modified_gmt":"2026-04-19T22:57:35","slug":"emporio-armani-gianni-t-bar-ar11686","status":"publish","type":"product","link":"https:\/\/ceasuri.md\/ru\/shop\/branduri\/emporio-armani\/emporio-armani-gianni-t-bar-ar11686\/","title":{"rendered":"\u0427\u0430\u0441\u044b EMPORIO ARMANI GIANNI T-BAR AR11686"},"content":{"rendered":"<p>Acest ceas cu carcas\u0103 din o\u021bel inoxidabil \u0219i br\u0103\u021bar\u0103 simpl\u0103 din o\u021bel inoxidabil este un model clasic elegant.<\/p>\n<p>Carcasa \u0219i br\u0103\u021bara sunt de culoare argintie. Cadranul roz pal, decorat cu cristale \u00een tehnica pav\u00e9, completeaz\u0103 armonios aspectul general.<\/p>\n<p>Sticla mineral\u0103 asigur\u0103 protec\u021bie \u0219i rezist\u0103 f\u0103r\u0103 probleme la solicit\u0103rile obi\u0219nuite ale vie\u021bii de zi cu zi.<\/p>\n<p>Datorit\u0103 \u00eenchiz\u0103torii tip fluture, br\u0103\u021bara se pune u\u0219or \u0219i se \u00eenchide \u00een siguran\u021b\u0103.<\/p>\n<p>Ceasurile pentru femei Emporio Armani sunt o manifestare a bunului gust \u0219i un companion de \u00eencredere \u00een via\u021ba de zi cu zi.<\/p>","protected":false},"excerpt":{"rendered":"<p>Acest ceas cu carcas\u0103 din o\u021bel inoxidabil \u0219i br\u0103\u021bar\u0103 simpl\u0103 din o\u021bel inoxidabil este un model clasic elegant. Carcasa \u0219i br\u0103\u021bara sunt de culoare argintie. Cadranul roz pal, decorat cu cristale \u00een tehnica pav\u00e9, completeaz\u0103 armonios aspectul general. Sticla mineral\u0103 asigur\u0103 protec\u021bie \u0219i rezist\u0103 f\u0103r\u0103 probleme la solicit\u0103rile obi\u0219nuite ale vie\u021bii de zi cu zi. [&hellip;]<\/p>\n","protected":false},"featured_media":62387,"comment_status":"closed","ping_status":"open","template":"","meta":{"_acf_changed":false},"product_brand":[],"product_cat":[25,617],"product_tag":[],"class_list":{"0":"post-62386","1":"product","2":"type-product","3":"status-publish","4":"has-post-thumbnail","6":"product_cat-ceasuri-dama","7":"product_cat-emporio-armani","8":"pa_brand-emporio-armani","9":"pa_braslet-otel-inoxidabil","10":"pa_corpus-32-mm","11":"pa_decor-cristale-swarowski","12":"pa_forma-rotund","13":"pa_garatia-24-luni","14":"pa_korpus-argintiu","15":"pa_kvarc-quartz","16":"pa_material-otel-inoxidabil","17":"pa_mehanizm-quartz","18":"pa_remeshok-argintiu","19":"pa_steklo-cristal-mineral","20":"pa_strana-italia","21":"pa_voda-3-atm","23":"first","24":"instock","25":"purchasable","26":"product-type-simple"},"acf":[],"_links":{"self":[{"href":"https:\/\/ceasuri.md\/ru\/wp-json\/wp\/v2\/product\/62386","targetHints":{"allow":["GET"]}}],"collection":[{"href":"https:\/\/ceasuri.md\/ru\/wp-json\/wp\/v2\/product"}],"about":[{"href":"https:\/\/ceasuri.md\/ru\/wp-json\/wp\/v2\/types\/product"}],"replies":[{"embeddable":true,"href":"https:\/\/ceasuri.md\/ru\/wp-json\/wp\/v2\/comments?post=62386"}],"wp:featuredmedia":[{"embeddable":true,"href":"https:\/\/ceasuri.md\/ru\/wp-json\/wp\/v2\/media\/62387"}],"wp:attachment":[{"href":"https:\/\/ceasuri.md\/ru\/wp-json\/wp\/v2\/media?parent=62386"}],"wp:term":[{"taxonomy":"product_brand","embeddable":true,"href":"https:\/\/ceasuri.md\/ru\/wp-json\/wp\/v2\/product_brand?post=62386"},{"taxonomy":"product_cat","embeddable":true,"href":"https:\/\/ceasuri.md\/ru\/wp-json\/wp\/v2\/product_cat?post=62386"},{"taxonomy":"product_tag","embeddable":true,"href":"https:\/\/ceasuri.md\/ru\/wp-json\/wp\/v2\/product_tag?post=62386"}],"curies":[{"name":"wp","href":"https:\/\/api.w.org\/{rel}","templated":true}]}}