{"id":62381,"date":"2026-04-03T01:33:11","date_gmt":"2026-04-02T22:33:11","guid":{"rendered":"http:\/\/new.ceasuri.md\/shop\/uncategorized\/emporio-armani-dario-ar11693\/"},"modified":"2026-04-20T01:57:36","modified_gmt":"2026-04-19T22:57:36","slug":"emporio-armani-dario-ar11693","status":"publish","type":"product","link":"https:\/\/ceasuri.md\/ru\/shop\/branduri\/emporio-armani\/emporio-armani-dario-ar11693\/","title":{"rendered":"\u0427\u0430\u0441\u044b EMPORIO ARMANI DARIO AR11693"},"content":{"rendered":"<p>Model cu un design echilibrat \u0219i modern, care combin\u0103 forma clasic\u0103 \u0219i structura func\u021bional\u0103 a cadranului.<\/p>\n<p>Carcasa este fabricat\u0103 din o\u021bel inoxidabil de culoare argintie \u0219i se combin\u0103 cu cadranul negru cu efect \u201eraze de soare\u201d. Pe cadran se afl\u0103 o fereastr\u0103 pentru dat\u0103, precum \u0219i subcadrane cronograf, care extind gama de func\u021bii disponibile.<\/p>\n<p>Acele \u0219i indexurile sunt acoperite cu un strat luminescent pentru a facilita citirea \u00een condi\u021bii de iluminare slab\u0103.<\/p>\n<p>Cadranul este protejat de sticl\u0103 mineral\u0103. Impermeabilitatea p\u00e2n\u0103 la 50 de metri protejeaz\u0103 \u00eempotriva stropilor.<\/p>\n<p>Modelul este completat de o curea din piele verde, care confer\u0103 ceasului un accent cromatic caracteristic.<\/p>","protected":false},"excerpt":{"rendered":"<p>Model cu un design echilibrat \u0219i modern, care combin\u0103 forma clasic\u0103 \u0219i structura func\u021bional\u0103 a cadranului. Carcasa este fabricat\u0103 din o\u021bel inoxidabil de culoare argintie \u0219i se combin\u0103 cu cadranul negru cu efect \u201eraze de soare\u201d. Pe cadran se afl\u0103 o fereastr\u0103 pentru dat\u0103, precum \u0219i subcadrane cronograf, care extind gama de func\u021bii disponibile. Acele [&hellip;]<\/p>\n","protected":false},"featured_media":62382,"comment_status":"closed","ping_status":"open","template":"","meta":{"_acf_changed":false},"product_brand":[],"product_cat":[20,617],"product_tag":[],"class_list":{"0":"post-62381","1":"product","2":"type-product","3":"status-publish","4":"has-post-thumbnail","6":"product_cat-ceasuri-barbati","7":"product_cat-emporio-armani","8":"pa_brand-emporio-armani","9":"pa_braslet-piele","10":"pa_corpus-42-mm","11":"pa_forma-rotund","12":"pa_funcii-cronograf","13":"pa_funcii-data","14":"pa_garatia-24-luni","15":"pa_korpus-argintiu","16":"pa_kvarc-quartz","17":"pa_material-otel-inoxidabil","18":"pa_mehanizm-quartz","19":"pa_remeshok-verde","20":"pa_steklo-cristal-mineral","21":"pa_strana-italia","22":"pa_voda-5-atm","24":"first","25":"instock","26":"purchasable","27":"product-type-simple"},"acf":[],"_links":{"self":[{"href":"https:\/\/ceasuri.md\/ru\/wp-json\/wp\/v2\/product\/62381","targetHints":{"allow":["GET"]}}],"collection":[{"href":"https:\/\/ceasuri.md\/ru\/wp-json\/wp\/v2\/product"}],"about":[{"href":"https:\/\/ceasuri.md\/ru\/wp-json\/wp\/v2\/types\/product"}],"replies":[{"embeddable":true,"href":"https:\/\/ceasuri.md\/ru\/wp-json\/wp\/v2\/comments?post=62381"}],"wp:featuredmedia":[{"embeddable":true,"href":"https:\/\/ceasuri.md\/ru\/wp-json\/wp\/v2\/media\/62382"}],"wp:attachment":[{"href":"https:\/\/ceasuri.md\/ru\/wp-json\/wp\/v2\/media?parent=62381"}],"wp:term":[{"taxonomy":"product_brand","embeddable":true,"href":"https:\/\/ceasuri.md\/ru\/wp-json\/wp\/v2\/product_brand?post=62381"},{"taxonomy":"product_cat","embeddable":true,"href":"https:\/\/ceasuri.md\/ru\/wp-json\/wp\/v2\/product_cat?post=62381"},{"taxonomy":"product_tag","embeddable":true,"href":"https:\/\/ceasuri.md\/ru\/wp-json\/wp\/v2\/product_tag?post=62381"}],"curies":[{"name":"wp","href":"https:\/\/api.w.org\/{rel}","templated":true}]}}