{"id":62375,"date":"2025-12-25T09:06:00","date_gmt":"2025-12-25T07:06:00","guid":{"rendered":"http:\/\/new.ceasuri.md\/shop\/uncategorized\/emporio-armani-world-explorer-ar11695\/"},"modified":"2026-05-01T19:54:55","modified_gmt":"2026-05-01T16:54:55","slug":"emporio-armani-world-explorer-ar11695","status":"publish","type":"product","link":"https:\/\/ceasuri.md\/ru\/shop\/branduri\/emporio-armani\/emporio-armani-world-explorer-ar11695\/","title":{"rendered":"\u0427\u0430\u0441\u044b EMPORIO ARMANI WORLD EXPLORER AR11695"},"content":{"rendered":"<p>Cronograf sportiv pentru b\u0103rba\u021bii care nu sunt dispu\u0219i s\u0103 fac\u0103 compromisuri \u00een materie de stil \u0219i calitate.<\/p>\n<p>Carcasa \u0219i br\u0103\u021bara din o\u021bel inoxidabil creeaz\u0103 un look potrivit at\u00e2t pentru birou, c\u00e2t \u0219i pentru timp liber. Acestea sunt disponibile \u00een dou\u0103 culori, iar cadranul verde confer\u0103 ceasului un accent special.<\/p>\n<p>Carcasa rotund\u0103 este \u00eentotdeauna o alegere elegant\u0103 \u0219i rafinat\u0103.<\/p>\n<p>Cadranul este protejat de un sticl\u0103 de safir rezistent\u0103. Cu cadrane suplimentare caracteristice, acest cronograf combin\u0103 func\u021bionalitatea \u0219i aspectul dinamic.<\/p>\n<p>Bracetul elegant \u0219i rezistent \u00een dou\u0103 culori se fixeaz\u0103 \u00een siguran\u021b\u0103 pe \u00eencheietura m\u00e2inii cu ajutorul unei catarame pliabile.<\/p>\n<p>Acest ceas Emporio Armani combin\u0103 precizia \u0219i func\u021bionalitatea: mecanismul solar asigur\u0103 o m\u0103surare precis\u0103 a timpului, iar rezisten\u021ba la ap\u0103 p\u00e2n\u0103 la 10 bari v\u0103 permite s\u0103 merge\u021bi f\u0103r\u0103 team\u0103 la plimb\u0103ri l\u00e2ng\u0103 ap\u0103.<\/p>\n<p>\u00cen ansamblu, acest ceas Emporio Armani este un accesoriu sportiv \u0219i lejer, care va completa perfect \u021binuta.<\/p>","protected":false},"excerpt":{"rendered":"<p>Cronograf sportiv pentru b\u0103rba\u021bii care nu sunt dispu\u0219i s\u0103 fac\u0103 compromisuri \u00een materie de stil \u0219i calitate. Carcasa \u0219i br\u0103\u021bara din o\u021bel inoxidabil creeaz\u0103 un look potrivit at\u00e2t pentru birou, c\u00e2t \u0219i pentru timp liber. Acestea sunt disponibile \u00een dou\u0103 culori, iar cadranul verde confer\u0103 ceasului un accent special. Carcasa rotund\u0103 este \u00eentotdeauna o alegere [&hellip;]<\/p>\n","protected":false},"featured_media":62376,"comment_status":"closed","ping_status":"open","template":"","meta":{"_acf_changed":false},"product_brand":[],"product_cat":[20,617],"product_tag":[],"class_list":{"0":"post-62375","1":"product","2":"type-product","3":"status-publish","4":"has-post-thumbnail","6":"product_cat-ceasuri-barbati","7":"product_cat-emporio-armani","8":"pa_brand-emporio-armani","9":"pa_braslet-otel-inoxidabil","10":"pa_corpus-43-mm","11":"pa_forma-rotund","12":"pa_funcii-cronograf","13":"pa_funcii-data","14":"pa_funcii-rezerva-de-energie","15":"pa_garatia-24-luni","16":"pa_korpus-bicolor","17":"pa_kvarc-quartz","18":"pa_material-otel-inoxidabil","19":"pa_mehanizm-baterie-solara","20":"pa_remeshok-bicolor","21":"pa_steklo-cristal-safir","22":"pa_strana-italia","23":"pa_voda-10-atm","25":"first","26":"instock","27":"purchasable","28":"product-type-simple"},"acf":[],"_links":{"self":[{"href":"https:\/\/ceasuri.md\/ru\/wp-json\/wp\/v2\/product\/62375","targetHints":{"allow":["GET"]}}],"collection":[{"href":"https:\/\/ceasuri.md\/ru\/wp-json\/wp\/v2\/product"}],"about":[{"href":"https:\/\/ceasuri.md\/ru\/wp-json\/wp\/v2\/types\/product"}],"replies":[{"embeddable":true,"href":"https:\/\/ceasuri.md\/ru\/wp-json\/wp\/v2\/comments?post=62375"}],"wp:featuredmedia":[{"embeddable":true,"href":"https:\/\/ceasuri.md\/ru\/wp-json\/wp\/v2\/media\/62376"}],"wp:attachment":[{"href":"https:\/\/ceasuri.md\/ru\/wp-json\/wp\/v2\/media?parent=62375"}],"wp:term":[{"taxonomy":"product_brand","embeddable":true,"href":"https:\/\/ceasuri.md\/ru\/wp-json\/wp\/v2\/product_brand?post=62375"},{"taxonomy":"product_cat","embeddable":true,"href":"https:\/\/ceasuri.md\/ru\/wp-json\/wp\/v2\/product_cat?post=62375"},{"taxonomy":"product_tag","embeddable":true,"href":"https:\/\/ceasuri.md\/ru\/wp-json\/wp\/v2\/product_tag?post=62375"}],"curies":[{"name":"wp","href":"https:\/\/api.w.org\/{rel}","templated":true}]}}