{"id":62370,"date":"2026-04-03T01:32:09","date_gmt":"2026-04-02T22:32:09","guid":{"rendered":"http:\/\/new.ceasuri.md\/shop\/uncategorized\/emporio-armani-antonio-ar11713\/"},"modified":"2026-04-20T01:57:37","modified_gmt":"2026-04-19T22:57:37","slug":"emporio-armani-antonio-ar11713","status":"publish","type":"product","link":"https:\/\/ceasuri.md\/ru\/shop\/branduri\/emporio-armani\/emporio-armani-antonio-ar11713\/","title":{"rendered":"\u0427\u0430\u0441\u044b EMPORIO ARMANI ANTONIO AR11713"},"content":{"rendered":"<p>Aceste ceasuri pentru b\u0103rba\u021bi \u00eentruchipeaz\u0103 elegan\u021ba \u0219i v\u0103 subliniaz\u0103 individualitatea datorit\u0103 designului lor str\u0103lucitor.<\/p>\n<p>Partenerul ideal pentru orice ocazie. La birou, la evenimente mondene sau \u00een timpul liber \u2013 se adapteaz\u0103 cu u\u0219urin\u021b\u0103 la orice situa\u021bie \u0219i adaug\u0103 o not\u0103 final\u0103 \u021binutei dvs.<\/p>\n<p>Carcas\u0103 \u0219i br\u0103\u021bar\u0103 din o\u021bel inoxidabil \u00een dou\u0103 culori, \u00een nuan\u021be aurii \u0219i argintii, pentru un aspect elegant.<\/p>\n<p>Cadran negru Sunray cu cadrane suplimentare argintii \u0219i indicatoare aurii pentru o lizibilitate optim\u0103.<\/p>\n<p>Cronograf cu cuar\u021b precis pentru m\u0103surarea fiabil\u0103 a timpului.<\/p>\n<p>Rezistent la ap\u0103 p\u00e2n\u0103 la 5 ATM, potrivit pentru purtarea zilnic\u0103.<\/p>","protected":false},"excerpt":{"rendered":"<p>Aceste ceasuri pentru b\u0103rba\u021bi \u00eentruchipeaz\u0103 elegan\u021ba \u0219i v\u0103 subliniaz\u0103 individualitatea datorit\u0103 designului lor str\u0103lucitor. Partenerul ideal pentru orice ocazie. La birou, la evenimente mondene sau \u00een timpul liber \u2013 se adapteaz\u0103 cu u\u0219urin\u021b\u0103 la orice situa\u021bie \u0219i adaug\u0103 o not\u0103 final\u0103 \u021binutei dvs. Carcas\u0103 \u0219i br\u0103\u021bar\u0103 din o\u021bel inoxidabil \u00een dou\u0103 culori, \u00een nuan\u021be aurii [&hellip;]<\/p>\n","protected":false},"featured_media":62371,"comment_status":"closed","ping_status":"open","template":"","meta":{"_acf_changed":false},"product_brand":[],"product_cat":[20,617],"product_tag":[],"class_list":{"0":"post-62370","1":"product","2":"type-product","3":"status-publish","4":"has-post-thumbnail","6":"product_cat-ceasuri-barbati","7":"product_cat-emporio-armani","8":"pa_brand-emporio-armani","9":"pa_braslet-otel-inoxidabil","10":"pa_corpus-41-mm","11":"pa_forma-rotund","12":"pa_funcii-cronograf","13":"pa_funcii-data","14":"pa_garatia-24-luni","15":"pa_korpus-bicolor","16":"pa_kvarc-quartz","17":"pa_material-otel-inoxidabil","18":"pa_mehanizm-quartz","19":"pa_remeshok-bicolor","20":"pa_steklo-cristal-mineral","21":"pa_strana-italia","22":"pa_voda-5-atm","24":"first","25":"instock","26":"purchasable","27":"product-type-simple"},"acf":[],"_links":{"self":[{"href":"https:\/\/ceasuri.md\/ru\/wp-json\/wp\/v2\/product\/62370","targetHints":{"allow":["GET"]}}],"collection":[{"href":"https:\/\/ceasuri.md\/ru\/wp-json\/wp\/v2\/product"}],"about":[{"href":"https:\/\/ceasuri.md\/ru\/wp-json\/wp\/v2\/types\/product"}],"replies":[{"embeddable":true,"href":"https:\/\/ceasuri.md\/ru\/wp-json\/wp\/v2\/comments?post=62370"}],"wp:featuredmedia":[{"embeddable":true,"href":"https:\/\/ceasuri.md\/ru\/wp-json\/wp\/v2\/media\/62371"}],"wp:attachment":[{"href":"https:\/\/ceasuri.md\/ru\/wp-json\/wp\/v2\/media?parent=62370"}],"wp:term":[{"taxonomy":"product_brand","embeddable":true,"href":"https:\/\/ceasuri.md\/ru\/wp-json\/wp\/v2\/product_brand?post=62370"},{"taxonomy":"product_cat","embeddable":true,"href":"https:\/\/ceasuri.md\/ru\/wp-json\/wp\/v2\/product_cat?post=62370"},{"taxonomy":"product_tag","embeddable":true,"href":"https:\/\/ceasuri.md\/ru\/wp-json\/wp\/v2\/product_tag?post=62370"}],"curies":[{"name":"wp","href":"https:\/\/api.w.org\/{rel}","templated":true}]}}