{"id":62365,"date":"2026-04-03T01:32:09","date_gmt":"2026-04-02T22:32:09","guid":{"rendered":"http:\/\/new.ceasuri.md\/shop\/uncategorized\/emporio-armani-dario-ar11714\/"},"modified":"2026-04-28T16:51:36","modified_gmt":"2026-04-28T13:51:36","slug":"emporio-armani-dario-ar11714","status":"publish","type":"product","link":"https:\/\/ceasuri.md\/ru\/shop\/branduri\/emporio-armani\/emporio-armani-dario-ar11714\/","title":{"rendered":"\u0427\u0430\u0441\u044b EMPORIO ARMANI DARIO AR11714"},"content":{"rendered":"<p>Ceasurile \u00eentruchipeaz\u0103 minimalismul \u0219i frumuse\u021bea. Sunt perfecte pentru orice ocazie \u0219i confer\u0103 \u021binutei tale o not\u0103 elegant\u0103 \u0219i discret\u0103 \u2013 exact ceea ce te a\u0219tep\u021bi de la Armani.<\/p>\n<p>Ceas cronograf pentru b\u0103rba\u021bii care nu doresc s\u0103 fac\u0103 compromisuri \u00een materie de stil \u0219i calitate.<\/p>\n<p>Carcasa din o\u021bel inoxidabil cu placare aurie \u0219i curea din piele completeaz\u0103 ceasul, conferindu-i un caracter sportiv.<\/p>\n<p>Sticla mineral\u0103 protejeaz\u0103 cadranul.<\/p>\n<p>Acest ceas combin\u0103 precizia \u0219i func\u021bionalitatea: mecanismul cu cuar\u021b asigur\u0103 m\u0103surarea precis\u0103 a timpului, iar rezisten\u021ba la ap\u0103 p\u00e2n\u0103 la 5 bari protejeaz\u0103 \u00eempotriva umezelii.<\/p>","protected":false},"excerpt":{"rendered":"<p>Ceasurile \u00eentruchipeaz\u0103 minimalismul \u0219i frumuse\u021bea. Sunt perfecte pentru orice ocazie \u0219i confer\u0103 \u021binutei tale o not\u0103 elegant\u0103 \u0219i discret\u0103 \u2013 exact ceea ce te a\u0219tep\u021bi de la Armani. Ceas cronograf pentru b\u0103rba\u021bii care nu doresc s\u0103 fac\u0103 compromisuri \u00een materie de stil \u0219i calitate. Carcasa din o\u021bel inoxidabil cu placare aurie \u0219i curea din piele [&hellip;]<\/p>\n","protected":false},"featured_media":62366,"comment_status":"closed","ping_status":"open","template":"","meta":{"_acf_changed":false},"product_brand":[],"product_cat":[20,617],"product_tag":[],"class_list":{"0":"post-62365","1":"product","2":"type-product","3":"status-publish","4":"has-post-thumbnail","6":"product_cat-ceasuri-barbati","7":"product_cat-emporio-armani","8":"pa_brand-emporio-armani","9":"pa_braslet-piele","10":"pa_corpus-42-mm","11":"pa_forma-rotund","12":"pa_funcii-cronograf","13":"pa_funcii-data","14":"pa_garatia-24-luni","15":"pa_korpus-auriu","16":"pa_kvarc-quartz","17":"pa_material-otel-inoxidabil","18":"pa_mehanizm-quartz","19":"pa_remeshok-maro","20":"pa_steklo-cristal-mineral","21":"pa_strana-italia","22":"pa_voda-5-atm","24":"first","25":"instock","26":"purchasable","27":"product-type-simple"},"acf":[],"_links":{"self":[{"href":"https:\/\/ceasuri.md\/ru\/wp-json\/wp\/v2\/product\/62365","targetHints":{"allow":["GET"]}}],"collection":[{"href":"https:\/\/ceasuri.md\/ru\/wp-json\/wp\/v2\/product"}],"about":[{"href":"https:\/\/ceasuri.md\/ru\/wp-json\/wp\/v2\/types\/product"}],"replies":[{"embeddable":true,"href":"https:\/\/ceasuri.md\/ru\/wp-json\/wp\/v2\/comments?post=62365"}],"wp:featuredmedia":[{"embeddable":true,"href":"https:\/\/ceasuri.md\/ru\/wp-json\/wp\/v2\/media\/62366"}],"wp:attachment":[{"href":"https:\/\/ceasuri.md\/ru\/wp-json\/wp\/v2\/media?parent=62365"}],"wp:term":[{"taxonomy":"product_brand","embeddable":true,"href":"https:\/\/ceasuri.md\/ru\/wp-json\/wp\/v2\/product_brand?post=62365"},{"taxonomy":"product_cat","embeddable":true,"href":"https:\/\/ceasuri.md\/ru\/wp-json\/wp\/v2\/product_cat?post=62365"},{"taxonomy":"product_tag","embeddable":true,"href":"https:\/\/ceasuri.md\/ru\/wp-json\/wp\/v2\/product_tag?post=62365"}],"curies":[{"name":"wp","href":"https:\/\/api.w.org\/{rel}","templated":true}]}}