{"id":62355,"date":"2026-04-03T01:32:09","date_gmt":"2026-04-02T22:32:09","guid":{"rendered":"http:\/\/new.ceasuri.md\/shop\/uncategorized\/emporio-armani-federico-ar11716\/"},"modified":"2026-04-20T01:57:38","modified_gmt":"2026-04-19T22:57:38","slug":"emporio-armani-federico-ar11716","status":"publish","type":"product","link":"https:\/\/ceasuri.md\/ru\/shop\/branduri\/emporio-armani\/emporio-armani-federico-ar11716\/","title":{"rendered":"\u0427\u0430\u0441\u044b EMPORIO ARMANI FEDERICO AR11716"},"content":{"rendered":"<p>Acest ceas elegant are un cadran rafinat, \u00eencadrat \u00eentr-o carcas\u0103 \u0219i un br\u0103\u021bar\u0103 din o\u021bel inoxidabil \u00een dou\u0103 culori vii.<\/p>\n<p>Datorit\u0103 mecanismului fiabil \u0219i ferestrei de dat\u0103 convenabile \u00een pozi\u021bia \u201eora 6\u201d, acesta va fi accesoriul perfect pentru orice ocazie.<\/p>\n<p>Cu ajutorul acestui ceas elegant \u0219i versatil, care combin\u0103 armonios designul modern \u0219i func\u021bionalitatea, ve\u021bi fi \u00eencrez\u0103tor \u00een orice situa\u021bie.<\/p>","protected":false},"excerpt":{"rendered":"<p>Acest ceas elegant are un cadran rafinat, \u00eencadrat \u00eentr-o carcas\u0103 \u0219i un br\u0103\u021bar\u0103 din o\u021bel inoxidabil \u00een dou\u0103 culori vii. Datorit\u0103 mecanismului fiabil \u0219i ferestrei de dat\u0103 convenabile \u00een pozi\u021bia \u201eora 6\u201d, acesta va fi accesoriul perfect pentru orice ocazie. Cu ajutorul acestui ceas elegant \u0219i versatil, care combin\u0103 armonios designul modern \u0219i func\u021bionalitatea, ve\u021bi [&hellip;]<\/p>\n","protected":false},"featured_media":62356,"comment_status":"closed","ping_status":"open","template":"","meta":{"_acf_changed":false},"product_brand":[],"product_cat":[20,617],"product_tag":[],"class_list":{"0":"post-62355","1":"product","2":"type-product","3":"status-publish","4":"has-post-thumbnail","6":"product_cat-ceasuri-barbati","7":"product_cat-emporio-armani","8":"pa_brand-emporio-armani","9":"pa_braslet-otel-inoxidabil","10":"pa_corpus-41-mm","11":"pa_forma-rotund","12":"pa_funcii-data","13":"pa_garatia-24-luni","14":"pa_korpus-bicolor","15":"pa_kvarc-quartz","16":"pa_material-otel-inoxidabil","17":"pa_mehanizm-quartz","18":"pa_remeshok-bicolor","19":"pa_steklo-cristal-mineral","20":"pa_strana-italia","21":"pa_voda-5-atm","23":"first","24":"instock","25":"purchasable","26":"product-type-simple"},"acf":[],"_links":{"self":[{"href":"https:\/\/ceasuri.md\/ru\/wp-json\/wp\/v2\/product\/62355","targetHints":{"allow":["GET"]}}],"collection":[{"href":"https:\/\/ceasuri.md\/ru\/wp-json\/wp\/v2\/product"}],"about":[{"href":"https:\/\/ceasuri.md\/ru\/wp-json\/wp\/v2\/types\/product"}],"replies":[{"embeddable":true,"href":"https:\/\/ceasuri.md\/ru\/wp-json\/wp\/v2\/comments?post=62355"}],"wp:featuredmedia":[{"embeddable":true,"href":"https:\/\/ceasuri.md\/ru\/wp-json\/wp\/v2\/media\/62356"}],"wp:attachment":[{"href":"https:\/\/ceasuri.md\/ru\/wp-json\/wp\/v2\/media?parent=62355"}],"wp:term":[{"taxonomy":"product_brand","embeddable":true,"href":"https:\/\/ceasuri.md\/ru\/wp-json\/wp\/v2\/product_brand?post=62355"},{"taxonomy":"product_cat","embeddable":true,"href":"https:\/\/ceasuri.md\/ru\/wp-json\/wp\/v2\/product_cat?post=62355"},{"taxonomy":"product_tag","embeddable":true,"href":"https:\/\/ceasuri.md\/ru\/wp-json\/wp\/v2\/product_tag?post=62355"}],"curies":[{"name":"wp","href":"https:\/\/api.w.org\/{rel}","templated":true}]}}