{"id":62350,"date":"2025-12-25T09:05:58","date_gmt":"2025-12-25T07:05:58","guid":{"rendered":"http:\/\/new.ceasuri.md\/shop\/uncategorized\/emporio-armani-genni-ar11718\/"},"modified":"2026-05-01T19:54:47","modified_gmt":"2026-05-01T16:54:47","slug":"emporio-armani-genni-ar11718","status":"publish","type":"product","link":"https:\/\/ceasuri.md\/ru\/shop\/branduri\/emporio-armani\/emporio-armani-genni-ar11718\/","title":{"rendered":"\u0427\u0430\u0441\u044b EMPORIO ARMANI GENNI AR11718"},"content":{"rendered":"<p>Ceas cu cadran alb sidefatat cu cifre romane, \u00een carcas\u0103 din o\u021bel inoxidabil, decorat\u0103 cu cristale.<\/p>\n<p>Cureaua de culoare albastru intens din piele natural\u0103 cu imprimeu crocodil confer\u0103 modelului un aspect rafinat.<\/p>\n<p>Ceasurile se remarc\u0103 prin elegan\u021ba deosebit\u0103 \u0219i calitatea impecabil\u0103 a fabrica\u021biei \u2013 alegerea ideal\u0103 pentru cei care caut\u0103 un accesoriu de mod\u0103 fiabil pentru \u00eencheietura m\u00e2inii.<\/p>","protected":false},"excerpt":{"rendered":"<p>Ceas cu cadran alb sidefatat cu cifre romane, \u00een carcas\u0103 din o\u021bel inoxidabil, decorat\u0103 cu cristale. Cureaua de culoare albastru intens din piele natural\u0103 cu imprimeu crocodil confer\u0103 modelului un aspect rafinat. Ceasurile se remarc\u0103 prin elegan\u021ba deosebit\u0103 \u0219i calitatea impecabil\u0103 a fabrica\u021biei \u2013 alegerea ideal\u0103 pentru cei care caut\u0103 un accesoriu de mod\u0103 fiabil [&hellip;]<\/p>\n","protected":false},"featured_media":62351,"comment_status":"closed","ping_status":"open","template":"","meta":{"_acf_changed":false},"product_brand":[],"product_cat":[25,617],"product_tag":[],"class_list":{"0":"post-62350","1":"product","2":"type-product","3":"status-publish","4":"has-post-thumbnail","6":"product_cat-ceasuri-dama","7":"product_cat-emporio-armani","8":"pa_brand-emporio-armani","9":"pa_braslet-piele","10":"pa_corpus-20-mm","11":"pa_decor-cristale-swarowski","12":"pa_forma-patrat","13":"pa_garatia-24-luni","14":"pa_korpus-argintiu","15":"pa_kvarc-quartz","16":"pa_material-otel-inoxidabil","17":"pa_mehanizm-quartz","18":"pa_remeshok-albastru-inchis","19":"pa_steklo-cristal-mineral","20":"pa_strana-italia","21":"pa_voda-5-atm","23":"first","24":"instock","25":"purchasable","26":"product-type-simple"},"acf":[],"_links":{"self":[{"href":"https:\/\/ceasuri.md\/ru\/wp-json\/wp\/v2\/product\/62350","targetHints":{"allow":["GET"]}}],"collection":[{"href":"https:\/\/ceasuri.md\/ru\/wp-json\/wp\/v2\/product"}],"about":[{"href":"https:\/\/ceasuri.md\/ru\/wp-json\/wp\/v2\/types\/product"}],"replies":[{"embeddable":true,"href":"https:\/\/ceasuri.md\/ru\/wp-json\/wp\/v2\/comments?post=62350"}],"wp:featuredmedia":[{"embeddable":true,"href":"https:\/\/ceasuri.md\/ru\/wp-json\/wp\/v2\/media\/62351"}],"wp:attachment":[{"href":"https:\/\/ceasuri.md\/ru\/wp-json\/wp\/v2\/media?parent=62350"}],"wp:term":[{"taxonomy":"product_brand","embeddable":true,"href":"https:\/\/ceasuri.md\/ru\/wp-json\/wp\/v2\/product_brand?post=62350"},{"taxonomy":"product_cat","embeddable":true,"href":"https:\/\/ceasuri.md\/ru\/wp-json\/wp\/v2\/product_cat?post=62350"},{"taxonomy":"product_tag","embeddable":true,"href":"https:\/\/ceasuri.md\/ru\/wp-json\/wp\/v2\/product_tag?post=62350"}],"curies":[{"name":"wp","href":"https:\/\/api.w.org\/{rel}","templated":true}]}}