{"id":62345,"date":"2026-04-03T01:32:09","date_gmt":"2026-04-02T22:32:09","guid":{"rendered":"http:\/\/new.ceasuri.md\/shop\/uncategorized\/emporio-armani-gianni-t-bar-ar11719\/"},"modified":"2026-04-20T01:57:39","modified_gmt":"2026-04-19T22:57:39","slug":"emporio-armani-gianni-t-bar-ar11719","status":"publish","type":"product","link":"https:\/\/ceasuri.md\/ru\/shop\/branduri\/emporio-armani\/emporio-armani-gianni-t-bar-ar11719\/","title":{"rendered":"\u0427\u0430\u0441\u044b EMPORIO ARMANI GIANNI T-BAR AR11719"},"content":{"rendered":"<p>Acest ceas cu diametrul de 32 mm, cu carcas\u0103 \u0219i br\u0103\u021bar\u0103 din o\u021bel inoxidabil \u00een dou\u0103 culori, are un cadran cu textur\u0103 striat\u0103, accentuat de centrul negru sidefat.<\/p>\n<p>Decorat cu cifre arabe aurii \u0219i incrust\u0103ri pe marginea exterioar\u0103 a cadranului, acest ceas este un produs impresionant.<\/p>","protected":false},"excerpt":{"rendered":"<p>Acest ceas cu diametrul de 32 mm, cu carcas\u0103 \u0219i br\u0103\u021bar\u0103 din o\u021bel inoxidabil \u00een dou\u0103 culori, are un cadran cu textur\u0103 striat\u0103, accentuat de centrul negru sidefat. Decorat cu cifre arabe aurii \u0219i incrust\u0103ri pe marginea exterioar\u0103 a cadranului, acest ceas este un produs impresionant.<\/p>","protected":false},"featured_media":62346,"comment_status":"closed","ping_status":"open","template":"","meta":{"_acf_changed":false},"product_brand":[],"product_cat":[25,617],"product_tag":[],"class_list":{"0":"post-62345","1":"product","2":"type-product","3":"status-publish","4":"has-post-thumbnail","6":"product_cat-ceasuri-dama","7":"product_cat-emporio-armani","8":"pa_brand-emporio-armani","9":"pa_braslet-otel-inoxidabil","10":"pa_corpus-32-mm","11":"pa_decor-cristale-swarowski","12":"pa_forma-rotund","13":"pa_garatia-24-luni","14":"pa_korpus-bicolor","15":"pa_kvarc-quartz","16":"pa_material-otel-inoxidabil","17":"pa_mehanizm-quartz","18":"pa_remeshok-bicolor","19":"pa_steklo-cristal-mineral","20":"pa_strana-italia","21":"pa_voda-3-atm","23":"first","24":"instock","25":"purchasable","26":"product-type-simple"},"acf":[],"_links":{"self":[{"href":"https:\/\/ceasuri.md\/ru\/wp-json\/wp\/v2\/product\/62345","targetHints":{"allow":["GET"]}}],"collection":[{"href":"https:\/\/ceasuri.md\/ru\/wp-json\/wp\/v2\/product"}],"about":[{"href":"https:\/\/ceasuri.md\/ru\/wp-json\/wp\/v2\/types\/product"}],"replies":[{"embeddable":true,"href":"https:\/\/ceasuri.md\/ru\/wp-json\/wp\/v2\/comments?post=62345"}],"wp:featuredmedia":[{"embeddable":true,"href":"https:\/\/ceasuri.md\/ru\/wp-json\/wp\/v2\/media\/62346"}],"wp:attachment":[{"href":"https:\/\/ceasuri.md\/ru\/wp-json\/wp\/v2\/media?parent=62345"}],"wp:term":[{"taxonomy":"product_brand","embeddable":true,"href":"https:\/\/ceasuri.md\/ru\/wp-json\/wp\/v2\/product_brand?post=62345"},{"taxonomy":"product_cat","embeddable":true,"href":"https:\/\/ceasuri.md\/ru\/wp-json\/wp\/v2\/product_cat?post=62345"},{"taxonomy":"product_tag","embeddable":true,"href":"https:\/\/ceasuri.md\/ru\/wp-json\/wp\/v2\/product_tag?post=62345"}],"curies":[{"name":"wp","href":"https:\/\/api.w.org\/{rel}","templated":true}]}}