{"id":62339,"date":"2026-04-03T01:32:09","date_gmt":"2026-04-02T22:32:09","guid":{"rendered":"http:\/\/new.ceasuri.md\/shop\/uncategorized\/emporio-armani-world-explorer-ar11722\/"},"modified":"2026-04-20T01:57:39","modified_gmt":"2026-04-19T22:57:39","slug":"emporio-armani-world-explorer-ar11722","status":"publish","type":"product","link":"https:\/\/ceasuri.md\/ru\/shop\/branduri\/emporio-armani\/emporio-armani-world-explorer-ar11722\/","title":{"rendered":"\u0427\u0430\u0441\u044b EMPORIO ARMANI WORLD EXPLORER AR11722"},"content":{"rendered":"<p>Ceasul World Explorer cu alimentare solar\u0103 este dotat cu un cadran gri cald \u0219i subcadrane negre, sticl\u0103 de safir \u0219i br\u0103\u021bar\u0103 din o\u021bel inoxidabil.<\/p>\n<p>Este un ceas special, decorat cu cifre arabe pe cadran.<\/p>\n<p>Mecanismul alimentat cu energie solar\u0103 asigur\u0103 fiabilitate \u0219i elimin\u0103 necesitatea \u00eenlocuirii frecvente a bateriilor. Acest ceas poate func\u021biona p\u00e2n\u0103 la 5 luni cu o singur\u0103 \u00eenc\u0103rcare complet\u0103.<\/p>","protected":false},"excerpt":{"rendered":"<p>Ceasul World Explorer cu alimentare solar\u0103 este dotat cu un cadran gri cald \u0219i subcadrane negre, sticl\u0103 de safir \u0219i br\u0103\u021bar\u0103 din o\u021bel inoxidabil. Este un ceas special, decorat cu cifre arabe pe cadran. Mecanismul alimentat cu energie solar\u0103 asigur\u0103 fiabilitate \u0219i elimin\u0103 necesitatea \u00eenlocuirii frecvente a bateriilor. Acest ceas poate func\u021biona p\u00e2n\u0103 la 5 [&hellip;]<\/p>\n","protected":false},"featured_media":62340,"comment_status":"closed","ping_status":"open","template":"","meta":{"_acf_changed":false},"product_brand":[],"product_cat":[20,617],"product_tag":[],"class_list":{"0":"post-62339","1":"product","2":"type-product","3":"status-publish","4":"has-post-thumbnail","6":"product_cat-ceasuri-barbati","7":"product_cat-emporio-armani","8":"pa_brand-emporio-armani","9":"pa_braslet-otel-inoxidabil","10":"pa_corpus-43-mm","11":"pa_forma-rotund","12":"pa_funcii-cronograf","13":"pa_funcii-data","14":"pa_funcii-rezerva-de-energie","15":"pa_garatia-24-luni","16":"pa_korpus-argintiu","17":"pa_kvarc-quartz","18":"pa_material-otel-inoxidabil","19":"pa_mehanizm-baterie-solara","20":"pa_remeshok-argintiu","21":"pa_steklo-cristal-safir","22":"pa_strana-italia","23":"pa_voda-10-atm","25":"first","26":"instock","27":"purchasable","28":"product-type-simple"},"acf":[],"_links":{"self":[{"href":"https:\/\/ceasuri.md\/ru\/wp-json\/wp\/v2\/product\/62339","targetHints":{"allow":["GET"]}}],"collection":[{"href":"https:\/\/ceasuri.md\/ru\/wp-json\/wp\/v2\/product"}],"about":[{"href":"https:\/\/ceasuri.md\/ru\/wp-json\/wp\/v2\/types\/product"}],"replies":[{"embeddable":true,"href":"https:\/\/ceasuri.md\/ru\/wp-json\/wp\/v2\/comments?post=62339"}],"wp:featuredmedia":[{"embeddable":true,"href":"https:\/\/ceasuri.md\/ru\/wp-json\/wp\/v2\/media\/62340"}],"wp:attachment":[{"href":"https:\/\/ceasuri.md\/ru\/wp-json\/wp\/v2\/media?parent=62339"}],"wp:term":[{"taxonomy":"product_brand","embeddable":true,"href":"https:\/\/ceasuri.md\/ru\/wp-json\/wp\/v2\/product_brand?post=62339"},{"taxonomy":"product_cat","embeddable":true,"href":"https:\/\/ceasuri.md\/ru\/wp-json\/wp\/v2\/product_cat?post=62339"},{"taxonomy":"product_tag","embeddable":true,"href":"https:\/\/ceasuri.md\/ru\/wp-json\/wp\/v2\/product_tag?post=62339"}],"curies":[{"name":"wp","href":"https:\/\/api.w.org\/{rel}","templated":true}]}}