{"id":62333,"date":"2026-04-03T01:32:09","date_gmt":"2026-04-02T22:32:09","guid":{"rendered":"http:\/\/new.ceasuri.md\/shop\/uncategorized\/emporio-armani-federica-ar11723\/"},"modified":"2026-04-20T01:57:40","modified_gmt":"2026-04-19T22:57:40","slug":"emporio-armani-federica-ar11723","status":"publish","type":"product","link":"https:\/\/ceasuri.md\/ru\/shop\/branduri\/emporio-armani\/emporio-armani-federica-ar11723\/","title":{"rendered":"\u0427\u0430\u0441\u044b EMPORIO ARMANI FEDERICA AR11723"},"content":{"rendered":"<p>Elegan\u021ba atemporal\u0103 este reprezentat\u0103 de ceasurile feminine din o\u021bel inoxidabil.<\/p>\n<p>Bezelul canelat adaug\u0103 un element de intrig\u0103 vizual\u0103, complet\u00e2nd perfect carcasa structurat\u0103 a ceasului \u0219i br\u0103\u021bara.<\/p>\n<p>Cadranul alb sidefatat creeaz\u0103 profunzime, iar br\u0103\u021bara se \u00eenchide cu o cataram\u0103 pliabil\u0103 pentru confort \u0219i siguran\u021b\u0103. Carcasa cu diametrul de 32 mm se potrive\u0219te elegant pe \u00eencheietura m\u00e2inii.<\/p>\n<p>Acest ceas, rezistent la ap\u0103 p\u00e2n\u0103 la 50 de metri \u0219i protejat de sticl\u0103 mineral\u0103, combin\u0103 rezisten\u021ba \u0219i luxul discret, ceea ce permite purtarea lui at\u00e2t ziua, c\u00e2t \u0219i seara.<\/p>","protected":false},"excerpt":{"rendered":"<p>Elegan\u021ba atemporal\u0103 este reprezentat\u0103 de ceasurile feminine din o\u021bel inoxidabil. Bezelul canelat adaug\u0103 un element de intrig\u0103 vizual\u0103, complet\u00e2nd perfect carcasa structurat\u0103 a ceasului \u0219i br\u0103\u021bara. Cadranul alb sidefatat creeaz\u0103 profunzime, iar br\u0103\u021bara se \u00eenchide cu o cataram\u0103 pliabil\u0103 pentru confort \u0219i siguran\u021b\u0103. Carcasa cu diametrul de 32 mm se potrive\u0219te elegant pe \u00eencheietura m\u00e2inii. [&hellip;]<\/p>\n","protected":false},"featured_media":62334,"comment_status":"closed","ping_status":"open","template":"","meta":{"_acf_changed":false},"product_brand":[],"product_cat":[25,617],"product_tag":[],"class_list":{"0":"post-62333","1":"product","2":"type-product","3":"status-publish","4":"has-post-thumbnail","6":"product_cat-ceasuri-dama","7":"product_cat-emporio-armani","8":"pa_brand-emporio-armani","9":"pa_braslet-otel-inoxidabil","10":"pa_corpus-32-mm","11":"pa_forma-rotund","12":"pa_funcii-data","13":"pa_garatia-24-luni","14":"pa_korpus-argintiu","15":"pa_kvarc-quartz","16":"pa_material-otel-inoxidabil","17":"pa_mehanizm-quartz","18":"pa_remeshok-argintiu","19":"pa_steklo-cristal-mineral","20":"pa_strana-italia","21":"pa_voda-5-atm","23":"first","24":"instock","25":"purchasable","26":"product-type-simple"},"acf":[],"_links":{"self":[{"href":"https:\/\/ceasuri.md\/ru\/wp-json\/wp\/v2\/product\/62333","targetHints":{"allow":["GET"]}}],"collection":[{"href":"https:\/\/ceasuri.md\/ru\/wp-json\/wp\/v2\/product"}],"about":[{"href":"https:\/\/ceasuri.md\/ru\/wp-json\/wp\/v2\/types\/product"}],"replies":[{"embeddable":true,"href":"https:\/\/ceasuri.md\/ru\/wp-json\/wp\/v2\/comments?post=62333"}],"wp:featuredmedia":[{"embeddable":true,"href":"https:\/\/ceasuri.md\/ru\/wp-json\/wp\/v2\/media\/62334"}],"wp:attachment":[{"href":"https:\/\/ceasuri.md\/ru\/wp-json\/wp\/v2\/media?parent=62333"}],"wp:term":[{"taxonomy":"product_brand","embeddable":true,"href":"https:\/\/ceasuri.md\/ru\/wp-json\/wp\/v2\/product_brand?post=62333"},{"taxonomy":"product_cat","embeddable":true,"href":"https:\/\/ceasuri.md\/ru\/wp-json\/wp\/v2\/product_cat?post=62333"},{"taxonomy":"product_tag","embeddable":true,"href":"https:\/\/ceasuri.md\/ru\/wp-json\/wp\/v2\/product_tag?post=62333"}],"curies":[{"name":"wp","href":"https:\/\/api.w.org\/{rel}","templated":true}]}}