{"id":62325,"date":"2026-04-03T01:32:09","date_gmt":"2026-04-02T22:32:09","guid":{"rendered":"http:\/\/new.ceasuri.md\/shop\/uncategorized\/emporio-armani-sea-explorer-ar60083\/"},"modified":"2026-04-20T01:57:41","modified_gmt":"2026-04-19T22:57:41","slug":"emporio-armani-sea-explorer-ar60083","status":"publish","type":"product","link":"https:\/\/ceasuri.md\/ru\/shop\/branduri\/emporio-armani\/emporio-armani-sea-explorer-ar60083\/","title":{"rendered":"\u0427\u0430\u0441\u044b EMPORIO ARMANI SEA EXPLORER AR60083"},"content":{"rendered":"<p>Ceasurile Sea Explorer sunt create pentru cei care apreciaz\u0103 fiabilitatea \u0219i precizia f\u0103r\u0103 a face rabat de la stil.<\/p>\n<p>Acestea sunt conforme cu standardele ISO 6425 \u0219i sunt rezistente la ap\u0103 p\u00e2n\u0103 la 20 ATM (200 metri).<\/p>\n<p>Modelul este echipat cu un mecanism automat, o lunet\u0103 unidirec\u021bional\u0103, o coroan\u0103 \u00een\u0219urubat\u0103 \u0219i un cadran cu indici \u0219i ace Super-LumiNova, care asigur\u0103 lizibilitatea chiar \u0219i \u00een condi\u021bii de iluminare slab\u0103.<\/p>\n<p>Caracteristicile tehnice includ, de asemenea, sticl\u0103 de safir rezistent\u0103 la zg\u00e2rieturi \u0219i capac posterior \u00eenchis.<\/p>","protected":false},"excerpt":{"rendered":"<p>Ceasurile Sea Explorer sunt create pentru cei care apreciaz\u0103 fiabilitatea \u0219i precizia f\u0103r\u0103 a face rabat de la stil. Acestea sunt conforme cu standardele ISO 6425 \u0219i sunt rezistente la ap\u0103 p\u00e2n\u0103 la 20 ATM (200 metri). Modelul este echipat cu un mecanism automat, o lunet\u0103 unidirec\u021bional\u0103, o coroan\u0103 \u00een\u0219urubat\u0103 \u0219i un cadran cu indici [&hellip;]<\/p>\n","protected":false},"featured_media":62326,"comment_status":"closed","ping_status":"open","template":"","meta":{"_acf_changed":false},"product_brand":[],"product_cat":[20,617],"product_tag":[],"class_list":{"0":"post-62325","1":"product","2":"type-product","3":"status-publish","4":"has-post-thumbnail","6":"product_cat-ceasuri-barbati","7":"product_cat-emporio-armani","8":"pa_brand-emporio-armani","9":"pa_braslet-otel-inoxidabil","10":"pa_corpus-42-mm","11":"pa_forma-rotund","12":"pa_funcii-data","13":"pa_garatia-24-luni","14":"pa_korpus-argintiu","15":"pa_material-otel-inoxidabil","16":"pa_mehanizm-mecanic","17":"pa_mehanizm-mecanism-automatic","18":"pa_remeshok-argintiu","19":"pa_steklo-cristal-safir","20":"pa_strana-italia","21":"pa_voda-20-atm","23":"first","24":"instock","25":"purchasable","26":"product-type-simple"},"acf":[],"_links":{"self":[{"href":"https:\/\/ceasuri.md\/ru\/wp-json\/wp\/v2\/product\/62325","targetHints":{"allow":["GET"]}}],"collection":[{"href":"https:\/\/ceasuri.md\/ru\/wp-json\/wp\/v2\/product"}],"about":[{"href":"https:\/\/ceasuri.md\/ru\/wp-json\/wp\/v2\/types\/product"}],"replies":[{"embeddable":true,"href":"https:\/\/ceasuri.md\/ru\/wp-json\/wp\/v2\/comments?post=62325"}],"wp:featuredmedia":[{"embeddable":true,"href":"https:\/\/ceasuri.md\/ru\/wp-json\/wp\/v2\/media\/62326"}],"wp:attachment":[{"href":"https:\/\/ceasuri.md\/ru\/wp-json\/wp\/v2\/media?parent=62325"}],"wp:term":[{"taxonomy":"product_brand","embeddable":true,"href":"https:\/\/ceasuri.md\/ru\/wp-json\/wp\/v2\/product_brand?post=62325"},{"taxonomy":"product_cat","embeddable":true,"href":"https:\/\/ceasuri.md\/ru\/wp-json\/wp\/v2\/product_cat?post=62325"},{"taxonomy":"product_tag","embeddable":true,"href":"https:\/\/ceasuri.md\/ru\/wp-json\/wp\/v2\/product_tag?post=62325"}],"curies":[{"name":"wp","href":"https:\/\/api.w.org\/{rel}","templated":true}]}}