{"id":62068,"date":"2026-04-03T01:29:40","date_gmt":"2026-04-02T22:29:40","guid":{"rendered":"http:\/\/new.ceasuri.md\/shop\/uncategorized\/anne-klein-box-set-ak-3898wtst\/"},"modified":"2026-04-17T15:39:45","modified_gmt":"2026-04-17T12:39:45","slug":"anne-klein-box-set-ak-3898wtst","status":"publish","type":"product","link":"https:\/\/ceasuri.md\/ru\/shop\/branduri\/anne-klein\/anne-klein-box-set-ak-3898wtst\/","title":{"rendered":"Ceas ANNE KLEIN BOX SET AK\/3898WTST"},"content":{"rendered":"<p>Ceasul de m\u00e2n\u0103 Anne Klein, ca accesoriu must-have pentru t\u00e2n\u0103ra femeie modern\u0103, fiind at\u00e2t o bijuterie elegant\u0103, c\u00e2t \u0219i &#8211; \u00eenc\u0103 &#8211; un mijloc util de control al timpului, a ap\u0103rut \u00een 1976.<\/p>\n<p>Printre numeroasele colec\u021bii de ceasuri Anne Klein pute\u021bi g\u0103si modele pentru toate gusturile: pentru purtarea de zi cu zi \u0219i stilul sportiv, \u0219i chiar pentru o recep\u021bie de sear\u0103, folosind suprafe\u021be mate din o\u021bel \u0219i ceramic\u0103 colorat\u0103, cu cadrane din nuc\u0103 de perle naturale, cu pietre, de la cristale Swarovski la diamante.<\/p>\n<p>Carcasa este rezistent\u0103 la ap\u0103 p\u00e2n\u0103 la 30 de metri. Iar \u00een interior &#8211; mi\u0219c\u0103ri cu cuar\u021b de \u00eenalt\u0103 calitate Miyota (Japonia) sau Ronda (Elve\u021bia). \u0218i toate acestea, desigur, la pre\u021buri accesibile.<\/p>","protected":false},"excerpt":{"rendered":"<p>Ceasul de m\u00e2n\u0103 Anne Klein, ca accesoriu must-have pentru t\u00e2n\u0103ra femeie modern\u0103, fiind at\u00e2t o bijuterie elegant\u0103, c\u00e2t \u0219i &#8211; \u00eenc\u0103 &#8211; un mijloc util de control al timpului, a ap\u0103rut \u00een 1976. Printre numeroasele colec\u021bii de ceasuri Anne Klein pute\u021bi g\u0103si modele pentru toate gusturile: pentru purtarea de zi cu zi \u0219i stilul sportiv, [&hellip;]<\/p>\n","protected":false},"featured_media":62069,"comment_status":"closed","ping_status":"open","template":"","meta":{"_acf_changed":false},"product_brand":[],"product_cat":[573,25],"product_tag":[],"class_list":{"0":"post-62068","1":"product","2":"type-product","3":"status-publish","4":"has-post-thumbnail","6":"product_cat-anne-klein","7":"product_cat-ceasuri-dama","8":"pa_brand-anne-klein","9":"pa_braslet-otel-inoxidabil","10":"pa_corpus-22x34mm","11":"pa_decor-smalt","12":"pa_forma-dreptunghiular","13":"pa_garatia-24-luni","14":"pa_korpus-roz-gold","15":"pa_kvarc-quartz","16":"pa_material-alama","17":"pa_mehanizm-quartz","18":"pa_remeshok-alb","19":"pa_remeshok-roz-gold","20":"pa_steklo-cristal-mineral","21":"pa_strana-sua","22":"pa_voda-3-atm","24":"first","25":"instock","26":"purchasable","27":"product-type-simple"},"acf":[],"_links":{"self":[{"href":"https:\/\/ceasuri.md\/ru\/wp-json\/wp\/v2\/product\/62068","targetHints":{"allow":["GET"]}}],"collection":[{"href":"https:\/\/ceasuri.md\/ru\/wp-json\/wp\/v2\/product"}],"about":[{"href":"https:\/\/ceasuri.md\/ru\/wp-json\/wp\/v2\/types\/product"}],"replies":[{"embeddable":true,"href":"https:\/\/ceasuri.md\/ru\/wp-json\/wp\/v2\/comments?post=62068"}],"wp:featuredmedia":[{"embeddable":true,"href":"https:\/\/ceasuri.md\/ru\/wp-json\/wp\/v2\/media\/62069"}],"wp:attachment":[{"href":"https:\/\/ceasuri.md\/ru\/wp-json\/wp\/v2\/media?parent=62068"}],"wp:term":[{"taxonomy":"product_brand","embeddable":true,"href":"https:\/\/ceasuri.md\/ru\/wp-json\/wp\/v2\/product_brand?post=62068"},{"taxonomy":"product_cat","embeddable":true,"href":"https:\/\/ceasuri.md\/ru\/wp-json\/wp\/v2\/product_cat?post=62068"},{"taxonomy":"product_tag","embeddable":true,"href":"https:\/\/ceasuri.md\/ru\/wp-json\/wp\/v2\/product_tag?post=62068"}],"curies":[{"name":"wp","href":"https:\/\/api.w.org\/{rel}","templated":true}]}}