{"id":61919,"date":"2026-04-03T01:27:51","date_gmt":"2026-04-02T22:27:51","guid":{"rendered":"http:\/\/new.ceasuri.md\/shop\/uncategorized\/casio-pro-trek-prw-35y-1b\/"},"modified":"2026-04-07T05:12:06","modified_gmt":"2026-04-07T02:12:06","slug":"casio-pro-trek-prw-35y-1b","status":"publish","type":"product","link":"https:\/\/ceasuri.md\/ru\/shop\/branduri\/casio\/casio-pro-trek-prw-35y-1b\/","title":{"rendered":"Ceas CASIO PRO TREK PRW-35Y-1B"},"content":{"rendered":"<p>Ceas de m\u00e2n\u0103 fiabil pentru cei care tr\u0103iesc \u00een ritmul aventurii \u0219i apreciaz\u0103 func\u021bionalitatea. Modelul este creat pentru activit\u0103\u021bi \u00een aer liber, turism \u0219i utilizare zilnic\u0103 \u00een orice condi\u021bii.<\/p>\n<p>Ceasul este echipat cu tehnologia Triple Sensor: busola \u00eencorporat\u0103, barometrul cu altimetru \u0219i termometrul ajut\u0103 la orientarea pe teren \u0219i la monitorizarea schimb\u0103rilor mediului \u00eenconjur\u0103tor. Sistemul Multi Band 6 asigur\u0103 corectarea automat\u0103 a orei prin radio, iar alimentarea solar\u0103 Tough Solar elimin\u0103 necesitatea schimb\u0103rii bateriei.<\/p>\n<p>Ecranul digital contrastant cu iluminare este u\u0219or de citit chiar \u0219i \u00een \u00eentuneric.<\/p>\n<p>Carcasa \u0219i cureaua sunt fabricate dintr-un material polimeric rezistent la \u0219ocuri \u0219i temperaturi sc\u0103zute.<\/p>\n<p>Rezisten\u021ba la ap\u0103 de 100 de metri permite utilizarea ceasului f\u0103r\u0103 team\u0103 de ploaie \u0219i stropi.<\/p>\n<p>Este alegerea ideal\u0103 pentru c\u0103l\u0103tori, sportivi \u0219i to\u021bi cei care caut\u0103 un ceas u\u0219or, func\u021bional \u0219i rezistent, cu calitate japonez\u0103 verificat\u0103.<\/p>","protected":false},"excerpt":{"rendered":"<p>Ceas de m\u00e2n\u0103 fiabil pentru cei care tr\u0103iesc \u00een ritmul aventurii \u0219i apreciaz\u0103 func\u021bionalitatea. Modelul este creat pentru activit\u0103\u021bi \u00een aer liber, turism \u0219i utilizare zilnic\u0103 \u00een orice condi\u021bii. Ceasul este echipat cu tehnologia Triple Sensor: busola \u00eencorporat\u0103, barometrul cu altimetru \u0219i termometrul ajut\u0103 la orientarea pe teren \u0219i la monitorizarea schimb\u0103rilor mediului \u00eenconjur\u0103tor. Sistemul [&hellip;]<\/p>\n","protected":false},"featured_media":61920,"comment_status":"closed","ping_status":"open","template":"","meta":{"_acf_changed":false},"product_brand":[],"product_cat":[27,571,20],"product_tag":[],"class_list":{"0":"post-61919","1":"product","2":"type-product","3":"status-publish","4":"has-post-thumbnail","6":"product_cat-casio","7":"product_cat-casio-protrek","8":"product_cat-ceasuri-barbati","9":"pa_brand-casio","10":"pa_brand-casio-protrek","11":"pa_braslet-plastic","12":"pa_corpus-45-mm","13":"pa_forma-rotund","14":"pa_funcii-alarma","15":"pa_funcii-altimetru","16":"pa_funcii-barometru","17":"pa_funcii-busola","18":"pa_funcii-calendar","19":"pa_funcii-cronometru","20":"pa_funcii-iluminare","21":"pa_funcii-rezerva-de-energie","22":"pa_funcii-termometru","23":"pa_funcii-timp-mondial","24":"pa_garatia-24-luni","25":"pa_korpus-negru","26":"pa_material-otel-inoxidabil","27":"pa_material-plastic","28":"pa_mehanizm-baterie-solara","29":"pa_remeshok-negru","30":"pa_steklo-cristal-mineral","31":"pa_strana-japonia","32":"pa_voda-10-atm","34":"first","35":"instock","36":"purchasable","37":"product-type-simple"},"acf":[],"_links":{"self":[{"href":"https:\/\/ceasuri.md\/ru\/wp-json\/wp\/v2\/product\/61919","targetHints":{"allow":["GET"]}}],"collection":[{"href":"https:\/\/ceasuri.md\/ru\/wp-json\/wp\/v2\/product"}],"about":[{"href":"https:\/\/ceasuri.md\/ru\/wp-json\/wp\/v2\/types\/product"}],"replies":[{"embeddable":true,"href":"https:\/\/ceasuri.md\/ru\/wp-json\/wp\/v2\/comments?post=61919"}],"wp:featuredmedia":[{"embeddable":true,"href":"https:\/\/ceasuri.md\/ru\/wp-json\/wp\/v2\/media\/61920"}],"wp:attachment":[{"href":"https:\/\/ceasuri.md\/ru\/wp-json\/wp\/v2\/media?parent=61919"}],"wp:term":[{"taxonomy":"product_brand","embeddable":true,"href":"https:\/\/ceasuri.md\/ru\/wp-json\/wp\/v2\/product_brand?post=61919"},{"taxonomy":"product_cat","embeddable":true,"href":"https:\/\/ceasuri.md\/ru\/wp-json\/wp\/v2\/product_cat?post=61919"},{"taxonomy":"product_tag","embeddable":true,"href":"https:\/\/ceasuri.md\/ru\/wp-json\/wp\/v2\/product_tag?post=61919"}],"curies":[{"name":"wp","href":"https:\/\/api.w.org\/{rel}","templated":true}]}}