{"id":61902,"date":"2026-04-03T01:27:51","date_gmt":"2026-04-02T22:27:51","guid":{"rendered":"http:\/\/new.ceasuri.md\/shop\/uncategorized\/casio-collection-ae-1500whc-8avef\/"},"modified":"2026-04-07T05:12:03","modified_gmt":"2026-04-07T02:12:03","slug":"casio-collection-ae-1500whc-8avef","status":"publish","type":"product","link":"https:\/\/ceasuri.md\/ru\/shop\/branduri\/casio\/casio-collection-ae-1500whc-8avef\/","title":{"rendered":"Ceas CASIO COLLECTION AE-1500WHC-8AVEF"},"content":{"rendered":"<p>Un model fiabil pentru un stil de via\u021b\u0103 activ, care combin\u0103 practicitatea \u0219i designul. Afi\u0219ajul digital contrastant \u0219i carcasa masiv\u0103 asigur\u0103 o lizibilitate excelent\u0103 \u0219i un accent vizual pe \u00eencheietura m\u00e2inii.<\/p>\n<p>Ceasul func\u021bioneaz\u0103 pe un mecanism electronic cu cuar\u021b, care accept\u0103 formatul de timp 12\/24, iar calendarul automat elimin\u0103 necesitatea ajust\u0103rii manuale a datei.<\/p>\n<p>Setul func\u021bional include 5 alarme zilnice cu func\u021bie de repetare, cronometru cu precizie de 1\/100 de secund\u0103 \u0219i posibilitatea de a m\u0103sura p\u00e2n\u0103 la 24 de ore. Temporizatorul cu repetare automat\u0103 poate fi setat \u00een intervalul de la 1 secund\u0103 la 100 de ore, ceea ce este convenabil pentru antrenamente, munc\u0103 \u0219i sarcini zilnice.<\/p>\n<p>Carcasa este fabricat\u0103 din plastic rezistent, rezistent la \u0219ocuri \u0219i uzur\u0103, iar cureaua din polimer asigur\u0103 o potrivire confortabil\u0103 \u0219i o fixare sigur\u0103 pe m\u00e2n\u0103.<\/p>\n<p>Iluminarea cu diode permite citirea u\u0219oar\u0103 a informa\u021biilor de pe afi\u0219aj \u00een condi\u021bii de iluminare slab\u0103.<\/p>\n<p>Rezisten\u021b\u0103 la ap\u0103 100 m.<\/p>\n<p>Acesta este un ceas func\u021bional pentru b\u0103rba\u021bi, destinat sportului \u0219i purt\u0103rii zilnice.<\/p>","protected":false},"excerpt":{"rendered":"<p>Un model fiabil pentru un stil de via\u021b\u0103 activ, care combin\u0103 practicitatea \u0219i designul. Afi\u0219ajul digital contrastant \u0219i carcasa masiv\u0103 asigur\u0103 o lizibilitate excelent\u0103 \u0219i un accent vizual pe \u00eencheietura m\u00e2inii. Ceasul func\u021bioneaz\u0103 pe un mecanism electronic cu cuar\u021b, care accept\u0103 formatul de timp 12\/24, iar calendarul automat elimin\u0103 necesitatea ajust\u0103rii manuale a datei. Setul [&hellip;]<\/p>\n","protected":false},"featured_media":61903,"comment_status":"closed","ping_status":"open","template":"","meta":{"_acf_changed":false},"product_brand":[],"product_cat":[27,20],"product_tag":[],"class_list":{"0":"post-61902","1":"product","2":"type-product","3":"status-publish","4":"has-post-thumbnail","6":"product_cat-casio","7":"product_cat-ceasuri-barbati","8":"pa_brand-casio","9":"pa_braslet-plastic","10":"pa_corpus-51-mm","11":"pa_forma-rotund","12":"pa_funcii-alarma","13":"pa_funcii-calendar","14":"pa_funcii-cronometru","15":"pa_funcii-dual-time","16":"pa_funcii-iluminare","17":"pa_garatia-24-luni","18":"pa_korpus-gri","19":"pa_material-plastic","20":"pa_mehanizm-electronic","21":"pa_remeshok-gri","22":"pa_steklo-plastic","23":"pa_strana-japonia","24":"pa_voda-10-atm","26":"first","27":"instock","28":"purchasable","29":"product-type-simple"},"acf":[],"_links":{"self":[{"href":"https:\/\/ceasuri.md\/ru\/wp-json\/wp\/v2\/product\/61902","targetHints":{"allow":["GET"]}}],"collection":[{"href":"https:\/\/ceasuri.md\/ru\/wp-json\/wp\/v2\/product"}],"about":[{"href":"https:\/\/ceasuri.md\/ru\/wp-json\/wp\/v2\/types\/product"}],"replies":[{"embeddable":true,"href":"https:\/\/ceasuri.md\/ru\/wp-json\/wp\/v2\/comments?post=61902"}],"wp:featuredmedia":[{"embeddable":true,"href":"https:\/\/ceasuri.md\/ru\/wp-json\/wp\/v2\/media\/61903"}],"wp:attachment":[{"href":"https:\/\/ceasuri.md\/ru\/wp-json\/wp\/v2\/media?parent=61902"}],"wp:term":[{"taxonomy":"product_brand","embeddable":true,"href":"https:\/\/ceasuri.md\/ru\/wp-json\/wp\/v2\/product_brand?post=61902"},{"taxonomy":"product_cat","embeddable":true,"href":"https:\/\/ceasuri.md\/ru\/wp-json\/wp\/v2\/product_cat?post=61902"},{"taxonomy":"product_tag","embeddable":true,"href":"https:\/\/ceasuri.md\/ru\/wp-json\/wp\/v2\/product_tag?post=61902"}],"curies":[{"name":"wp","href":"https:\/\/api.w.org\/{rel}","templated":true}]}}