{"id":61900,"date":"2026-04-03T01:27:51","date_gmt":"2026-04-02T22:27:51","guid":{"rendered":"http:\/\/new.ceasuri.md\/shop\/uncategorized\/casio-collection-ae-1700h-1a2vef\/"},"modified":"2026-04-07T05:12:02","modified_gmt":"2026-04-07T02:12:02","slug":"casio-collection-ae-1700h-1a2vef","status":"publish","type":"product","link":"https:\/\/ceasuri.md\/ru\/shop\/branduri\/casio\/casio-collection-ae-1700h-1a2vef\/","title":{"rendered":"Ceas CASIO COLLECTION AE-1700H-1A2VEF"},"content":{"rendered":"<p>Ceas digital multifunc\u021bional cu afi\u0219aj mare, u\u0219or de citit \u0219i lunet\u0103 rotativ\u0103 \u2014 ideal pentru practicarea sportului.<\/p>\n<p>Cadranul este iluminat cu LED. Lumina de fundal poate fi setat\u0103 la 1,5 sau 3 secunde.<\/p>\n<p>Al doilea fus orar. Activare\/dezactivare ora de var\u0103. Format de afi\u0219are a orei 12 \u0219i 24. Cronometru cu precizie de 1\/100 s \u0219i timp de m\u0103surare de 24 ore. Cronometru cu num\u0103r\u0103toare invers\u0103 de la 1 minut la 24 ore, cu repetare automat\u0103.<\/p>\n<p>Bezel rotativ cu inser\u021bie din aluminiu.<\/p>\n<p>Rezisten\u021b\u0103 la ap\u0103 100 m.<\/p>\n<p>Curea cu cataram\u0103 clasic\u0103.<\/p>","protected":false},"excerpt":{"rendered":"<p>Ceas digital multifunc\u021bional cu afi\u0219aj mare, u\u0219or de citit \u0219i lunet\u0103 rotativ\u0103 \u2014 ideal pentru practicarea sportului. Cadranul este iluminat cu LED. Lumina de fundal poate fi setat\u0103 la 1,5 sau 3 secunde. Al doilea fus orar. Activare\/dezactivare ora de var\u0103. Format de afi\u0219are a orei 12 \u0219i 24. Cronometru cu precizie de 1\/100 s [&hellip;]<\/p>\n","protected":false},"featured_media":61901,"comment_status":"closed","ping_status":"open","template":"","meta":{"_acf_changed":false},"product_brand":[],"product_cat":[27,20],"product_tag":[],"class_list":{"0":"post-61900","1":"product","2":"type-product","3":"status-publish","4":"has-post-thumbnail","6":"product_cat-casio","7":"product_cat-ceasuri-barbati","8":"pa_brand-casio","9":"pa_braslet-plastic","10":"pa_corpus-47-mm","11":"pa_forma-rotund","12":"pa_funcii-alarma","13":"pa_funcii-calendar","14":"pa_funcii-cronometru","15":"pa_funcii-dual-time","16":"pa_funcii-iluminare","17":"pa_garatia-24-luni","18":"pa_korpus-negru","19":"pa_material-aluminiu","20":"pa_material-plastic","21":"pa_mehanizm-electronic","22":"pa_remeshok-negru","23":"pa_steklo-plastic","24":"pa_strana-japonia","25":"pa_voda-10-atm","27":"first","28":"instock","29":"purchasable","30":"product-type-simple"},"acf":[],"_links":{"self":[{"href":"https:\/\/ceasuri.md\/ru\/wp-json\/wp\/v2\/product\/61900","targetHints":{"allow":["GET"]}}],"collection":[{"href":"https:\/\/ceasuri.md\/ru\/wp-json\/wp\/v2\/product"}],"about":[{"href":"https:\/\/ceasuri.md\/ru\/wp-json\/wp\/v2\/types\/product"}],"replies":[{"embeddable":true,"href":"https:\/\/ceasuri.md\/ru\/wp-json\/wp\/v2\/comments?post=61900"}],"wp:featuredmedia":[{"embeddable":true,"href":"https:\/\/ceasuri.md\/ru\/wp-json\/wp\/v2\/media\/61901"}],"wp:attachment":[{"href":"https:\/\/ceasuri.md\/ru\/wp-json\/wp\/v2\/media?parent=61900"}],"wp:term":[{"taxonomy":"product_brand","embeddable":true,"href":"https:\/\/ceasuri.md\/ru\/wp-json\/wp\/v2\/product_brand?post=61900"},{"taxonomy":"product_cat","embeddable":true,"href":"https:\/\/ceasuri.md\/ru\/wp-json\/wp\/v2\/product_cat?post=61900"},{"taxonomy":"product_tag","embeddable":true,"href":"https:\/\/ceasuri.md\/ru\/wp-json\/wp\/v2\/product_tag?post=61900"}],"curies":[{"name":"wp","href":"https:\/\/api.w.org\/{rel}","templated":true}]}}