{"id":61870,"date":"2026-04-03T01:26:52","date_gmt":"2026-04-02T22:26:52","guid":{"rendered":"http:\/\/new.ceasuri.md\/shop\/uncategorized\/casio-ring-watch-crw-001g-9er\/"},"modified":"2026-04-17T15:38:32","modified_gmt":"2026-04-17T12:38:32","slug":"casio-ring-watch-crw-001g-9er","status":"publish","type":"product","link":"https:\/\/ceasuri.md\/ru\/shop\/branduri\/casio\/casio-ring-watch-crw-001g-9er\/","title":{"rendered":"Ceas CASIO RING WATCH CRW-001G-9ER"},"content":{"rendered":"<p>O reinterpretare \u00eendr\u0103znea\u021b\u0103 a ceasurilor clasice \u00eentr-un format ultracompact de inel.<\/p>\n<p>Modelul combin\u0103 fiabilitatea caracteristic\u0103 Casio, designul futurist \u0219i confortul maxim pentru via\u021ba de zi cu zi.<\/p>\n<p>Carcasa este realizat\u0103 din o\u021bel inoxidabil rezistent, cu un finisaj auriu spectaculos, care confer\u0103 accesoriului un aspect premium \u0219i memorabil. Afi\u0219ajul digital minimalist afi\u0219eaz\u0103 ora \u00een format de 24 de ore \u0219i este u\u0219or de citit, \u00een ciuda dimensiunilor compacte.<\/p>\n<p>Ceasul este echipat cu un mecanism cu cuar\u021b, care asigur\u0103 o func\u021bionare precis\u0103, precum \u0219i func\u021bii de baz\u0103: afi\u0219area orelor \u0219i minutelor, alarm\u0103, cronometru \u0219i iluminare. Rezisten\u021ba la umiditate permite utilizarea f\u0103r\u0103 griji \u00een condi\u021bii normale de utilizare.<\/p>\n<p>Setul include garnituri pentru reglarea m\u0103rimii.<\/p>\n<p>Ceasul-inel va deveni un accent luminos al imaginii \u0219i un cadou neobi\u0219nuit pentru fanii m\u0103rcii Casio \u0219i ai solu\u021biilor non-standard.<\/p>","protected":false},"excerpt":{"rendered":"<p>O reinterpretare \u00eendr\u0103znea\u021b\u0103 a ceasurilor clasice \u00eentr-un format ultracompact de inel. Modelul combin\u0103 fiabilitatea caracteristic\u0103 Casio, designul futurist \u0219i confortul maxim pentru via\u021ba de zi cu zi. Carcasa este realizat\u0103 din o\u021bel inoxidabil rezistent, cu un finisaj auriu spectaculos, care confer\u0103 accesoriului un aspect premium \u0219i memorabil. Afi\u0219ajul digital minimalist afi\u0219eaz\u0103 ora \u00een format de [&hellip;]<\/p>\n","protected":false},"featured_media":61871,"comment_status":"closed","ping_status":"open","template":"","meta":{"_acf_changed":false},"product_brand":[],"product_cat":[27,25],"product_tag":[],"class_list":{"0":"post-61870","1":"product","2":"type-product","3":"status-publish","4":"has-post-thumbnail","6":"product_cat-casio","7":"product_cat-ceasuri-dama","8":"pa_brand-casio","9":"pa_braslet-otel-inoxidabil","10":"pa_corpus-20x25mm","11":"pa_forma-octogonala","12":"pa_funcii-alarma","13":"pa_funcii-calendar","14":"pa_funcii-cronometru","15":"pa_funcii-dual-time","16":"pa_funcii-iluminare","17":"pa_garatia-24-luni","18":"pa_korpus-auriu","19":"pa_kvarc-quartz","20":"pa_material-otel-inoxidabil","21":"pa_mehanizm-electronic","22":"pa_remeshok-auriu","23":"pa_steklo-cristal-mineral","24":"pa_strana-japonia","25":"pa_voda-3-atm","27":"first","28":"instock","29":"purchasable","30":"product-type-simple"},"acf":[],"_links":{"self":[{"href":"https:\/\/ceasuri.md\/ru\/wp-json\/wp\/v2\/product\/61870","targetHints":{"allow":["GET"]}}],"collection":[{"href":"https:\/\/ceasuri.md\/ru\/wp-json\/wp\/v2\/product"}],"about":[{"href":"https:\/\/ceasuri.md\/ru\/wp-json\/wp\/v2\/types\/product"}],"replies":[{"embeddable":true,"href":"https:\/\/ceasuri.md\/ru\/wp-json\/wp\/v2\/comments?post=61870"}],"wp:featuredmedia":[{"embeddable":true,"href":"https:\/\/ceasuri.md\/ru\/wp-json\/wp\/v2\/media\/61871"}],"wp:attachment":[{"href":"https:\/\/ceasuri.md\/ru\/wp-json\/wp\/v2\/media?parent=61870"}],"wp:term":[{"taxonomy":"product_brand","embeddable":true,"href":"https:\/\/ceasuri.md\/ru\/wp-json\/wp\/v2\/product_brand?post=61870"},{"taxonomy":"product_cat","embeddable":true,"href":"https:\/\/ceasuri.md\/ru\/wp-json\/wp\/v2\/product_cat?post=61870"},{"taxonomy":"product_tag","embeddable":true,"href":"https:\/\/ceasuri.md\/ru\/wp-json\/wp\/v2\/product_tag?post=61870"}],"curies":[{"name":"wp","href":"https:\/\/api.w.org\/{rel}","templated":true}]}}