{"id":61864,"date":"2026-04-03T01:26:52","date_gmt":"2026-04-02T22:26:52","guid":{"rendered":"http:\/\/new.ceasuri.md\/shop\/uncategorized\/casio-g-shock-dw-5600stt-1er\/"},"modified":"2026-04-07T05:11:58","modified_gmt":"2026-04-07T02:11:58","slug":"casio-g-shock-dw-5600stt-1er","status":"publish","type":"product","link":"https:\/\/ceasuri.md\/ru\/shop\/branduri\/casio\/casio-g-shock-dw-5600stt-1er\/","title":{"rendered":"Ceas CASIO G-SHOCK DW-5600STT-1ER"},"content":{"rendered":"<p>Model special de ceas, creat \u00een colaborare cu serialul Netflix \u201eStranger Things\u201d. Modelul DW-5600 a stat la baza acestuia, dar designul i-a insuflat spiritul a dou\u0103 lumi \u2013 realitatea familiar\u0103 \u0219i sinistrul \u201eUpside Down\u201d.<\/p>\n<p>Cadranul este decorat cu un model de vi\u021b\u0103 de vie \u00eempletit\u0103, care aminte\u0219te de influen\u021ba lui Vekna. Litera \u201eA\u201d din cuv\u00e2ntul LED BACK LIGHT este inversat\u0103, suger\u00e2nd leg\u0103tura dintre dimensiuni. Iluminarea ro\u0219ie creeaz\u0103 o lumin\u0103 atmosferic\u0103, ca \u00een momentele tensionate ale serialului.<\/p>\n<p>Pe curea este gravat\u0103 inscrip\u021bia \u201e011\u201d \u00een onoarea celui de-al unsprezecelea \u2013 unul dintre cele mai puternice personaje.<\/p>\n<p>Ceasul este livrat \u00eentr-un ambalaj cu imaginea lui Demogorgon \u0219i a vi\u021bei de vie caracteristice, care reflect\u0103 amenin\u021b\u0103rile din serial.<\/p>\n<p>Ceas electronic cult \u00eentr-o carcas\u0103 legendar\u0103, creat pentru fiabilitate maxim\u0103 \u0219i activitate zilnic\u0103. Modelul p\u0103streaz\u0103 spiritul caracteristic G-SHOCK \u0219i este perfect pentru sport, c\u0103l\u0103torii \u0219i un stil de via\u021b\u0103 activ.<\/p>\n<p>Ceasul este echipat cu un mecanism precis cu cuar\u021b \u0219i afi\u0219aj digital. Func\u021bionalitatea include cronometru, cronometru cu num\u0103r\u0103toare invers\u0103, alarm\u0103, calendar automat \u0219i iluminare electroluminiscent\u0103 pentru citirea confortabil\u0103 a informa\u021biilor \u00een \u00eentuneric.<\/p>\n<p>Ecranul contrastant asigur\u0103 o lizibilitate excelent\u0103, iar cureaua u\u0219oar\u0103 \u0219i confortabil\u0103 garanteaz\u0103 confortul la purtarea \u00eendelungat\u0103.<\/p>\n<p>Rezisten\u021ba la ap\u0103 p\u00e2n\u0103 la 200 de metri permite utilizarea ceasului la \u00eenot, sporturi nautice \u0219i \u00een condi\u021bii meteorologice dificile.<\/p>","protected":false},"excerpt":{"rendered":"<p>Model special de ceas, creat \u00een colaborare cu serialul Netflix \u201eStranger Things\u201d. Modelul DW-5600 a stat la baza acestuia, dar designul i-a insuflat spiritul a dou\u0103 lumi \u2013 realitatea familiar\u0103 \u0219i sinistrul \u201eUpside Down\u201d. Cadranul este decorat cu un model de vi\u021b\u0103 de vie \u00eempletit\u0103, care aminte\u0219te de influen\u021ba lui Vekna. Litera \u201eA\u201d din cuv\u00e2ntul [&hellip;]<\/p>\n","protected":false},"featured_media":61865,"comment_status":"closed","ping_status":"open","template":"","meta":{"_acf_changed":false},"product_brand":[],"product_cat":[27,20,419],"product_tag":[],"class_list":{"0":"post-61864","1":"product","2":"type-product","3":"status-publish","4":"has-post-thumbnail","6":"product_cat-casio","7":"product_cat-ceasuri-barbati","8":"product_cat-g-shock","9":"pa_brand-casio","10":"pa_brand-g-shock","11":"pa_braslet-plastic","12":"pa_corpus-43x49mm","13":"pa_forma-octogonala","14":"pa_funcii-alarma","15":"pa_funcii-calendar","16":"pa_funcii-cronometru","17":"pa_funcii-iluminare","18":"pa_funcii-special-edition","19":"pa_garatia-24-luni","20":"pa_korpus-negru","21":"pa_material-plastic","22":"pa_mehanizm-electronic","23":"pa_remeshok-negru","24":"pa_steklo-cristal-mineral","25":"pa_strana-japonia","26":"pa_voda-20-atm","28":"first","29":"instock","30":"purchasable","31":"product-type-simple"},"acf":[],"_links":{"self":[{"href":"https:\/\/ceasuri.md\/ru\/wp-json\/wp\/v2\/product\/61864","targetHints":{"allow":["GET"]}}],"collection":[{"href":"https:\/\/ceasuri.md\/ru\/wp-json\/wp\/v2\/product"}],"about":[{"href":"https:\/\/ceasuri.md\/ru\/wp-json\/wp\/v2\/types\/product"}],"replies":[{"embeddable":true,"href":"https:\/\/ceasuri.md\/ru\/wp-json\/wp\/v2\/comments?post=61864"}],"wp:featuredmedia":[{"embeddable":true,"href":"https:\/\/ceasuri.md\/ru\/wp-json\/wp\/v2\/media\/61865"}],"wp:attachment":[{"href":"https:\/\/ceasuri.md\/ru\/wp-json\/wp\/v2\/media?parent=61864"}],"wp:term":[{"taxonomy":"product_brand","embeddable":true,"href":"https:\/\/ceasuri.md\/ru\/wp-json\/wp\/v2\/product_brand?post=61864"},{"taxonomy":"product_cat","embeddable":true,"href":"https:\/\/ceasuri.md\/ru\/wp-json\/wp\/v2\/product_cat?post=61864"},{"taxonomy":"product_tag","embeddable":true,"href":"https:\/\/ceasuri.md\/ru\/wp-json\/wp\/v2\/product_tag?post=61864"}],"curies":[{"name":"wp","href":"https:\/\/api.w.org\/{rel}","templated":true}]}}