{"id":61852,"date":"2026-04-03T01:26:52","date_gmt":"2026-04-02T22:26:52","guid":{"rendered":"http:\/\/new.ceasuri.md\/shop\/uncategorized\/casio-edifice-efb-730l-7avuef\/"},"modified":"2026-04-07T05:11:54","modified_gmt":"2026-04-07T02:11:54","slug":"casio-edifice-efb-730l-7avuef","status":"publish","type":"product","link":"https:\/\/ceasuri.md\/ru\/shop\/branduri\/casio\/casio-edifice-efb-730l-7avuef\/","title":{"rendered":"Ceas CASIO EDIFICE EFB-730L-7AVUEF"},"content":{"rendered":"<p>Ceas elegant pentru b\u0103rba\u021bi, \u00een stil sportiv-clasic, inspirat din sporturile cu motor. Modelul se potrive\u0219te perfect at\u00e2t pentru \u021binute business, c\u00e2t \u0219i pentru uzul zilnic.<\/p>\n<p>Ceasul este dotat cu un mecanism cu cuar\u021b fiabil, cu afi\u0219aj analogic \u0219i func\u021bie de cronograf, care asigur\u0103 m\u0103surarea precis\u0103 a timpului.<\/p>\n<p>Carcasa este realizat\u0103 din o\u021bel inoxidabil, ceea ce garanteaz\u0103 rezisten\u021ba \u0219i rezisten\u021ba la uzur\u0103. Sticla de safir cu un grad ridicat de transparen\u021b\u0103 protejeaz\u0103 eficient cadranul de zg\u00e2rieturi.<\/p>\n<p>Cadranul deschis, cu indici \u0219i indicatoare contrastante, asigur\u0103 o lizibilitate excelent\u0103, iar cureaua din piele confer\u0103 modelului un aspect clasic \u0219i elegant.<\/p>\n<p>Rezisten\u021ba la ap\u0103 p\u00e2n\u0103 la 100 de metri v\u0103 permite s\u0103 nu v\u0103 face\u021bi griji cu privire la p\u0103trunderea apei \u00een timpul utiliz\u0103rii zilnice.<\/p>\n<p>Modelul combin\u0103 materiale premium, func\u021bionalitate \u0219i design discret.<\/p>","protected":false},"excerpt":{"rendered":"<p>Ceas elegant pentru b\u0103rba\u021bi, \u00een stil sportiv-clasic, inspirat din sporturile cu motor. Modelul se potrive\u0219te perfect at\u00e2t pentru \u021binute business, c\u00e2t \u0219i pentru uzul zilnic. Ceasul este dotat cu un mecanism cu cuar\u021b fiabil, cu afi\u0219aj analogic \u0219i func\u021bie de cronograf, care asigur\u0103 m\u0103surarea precis\u0103 a timpului. Carcasa este realizat\u0103 din o\u021bel inoxidabil, ceea ce [&hellip;]<\/p>\n","protected":false},"featured_media":61853,"comment_status":"closed","ping_status":"open","template":"","meta":{"_acf_changed":false},"product_brand":[],"product_cat":[27,20,536],"product_tag":[],"class_list":{"0":"post-61852","1":"product","2":"type-product","3":"status-publish","4":"has-post-thumbnail","6":"product_cat-casio","7":"product_cat-ceasuri-barbati","8":"product_cat-edifice","9":"pa_brand-casio","10":"pa_brand-edifice","11":"pa_braslet-piele","12":"pa_corpus-40-mm","13":"pa_forma-rotund","14":"pa_funcii-cronograf","15":"pa_funcii-data","16":"pa_garatia-24-luni","17":"pa_korpus-argintiu","18":"pa_material-otel-inoxidabil","19":"pa_mehanizm-quartz","20":"pa_remeshok-maro","21":"pa_steklo-cristal-safir","22":"pa_strana-japonia","23":"pa_voda-10-atm","25":"first","26":"instock","27":"purchasable","28":"product-type-simple"},"acf":[],"_links":{"self":[{"href":"https:\/\/ceasuri.md\/ru\/wp-json\/wp\/v2\/product\/61852","targetHints":{"allow":["GET"]}}],"collection":[{"href":"https:\/\/ceasuri.md\/ru\/wp-json\/wp\/v2\/product"}],"about":[{"href":"https:\/\/ceasuri.md\/ru\/wp-json\/wp\/v2\/types\/product"}],"replies":[{"embeddable":true,"href":"https:\/\/ceasuri.md\/ru\/wp-json\/wp\/v2\/comments?post=61852"}],"wp:featuredmedia":[{"embeddable":true,"href":"https:\/\/ceasuri.md\/ru\/wp-json\/wp\/v2\/media\/61853"}],"wp:attachment":[{"href":"https:\/\/ceasuri.md\/ru\/wp-json\/wp\/v2\/media?parent=61852"}],"wp:term":[{"taxonomy":"product_brand","embeddable":true,"href":"https:\/\/ceasuri.md\/ru\/wp-json\/wp\/v2\/product_brand?post=61852"},{"taxonomy":"product_cat","embeddable":true,"href":"https:\/\/ceasuri.md\/ru\/wp-json\/wp\/v2\/product_cat?post=61852"},{"taxonomy":"product_tag","embeddable":true,"href":"https:\/\/ceasuri.md\/ru\/wp-json\/wp\/v2\/product_tag?post=61852"}],"curies":[{"name":"wp","href":"https:\/\/api.w.org\/{rel}","templated":true}]}}