{"id":61846,"date":"2026-04-03T01:26:52","date_gmt":"2026-04-02T22:26:52","guid":{"rendered":"http:\/\/new.ceasuri.md\/shop\/uncategorized\/casio-g-shock-ga-b010-1aer\/"},"modified":"2026-04-07T05:11:54","modified_gmt":"2026-04-07T02:11:54","slug":"casio-g-shock-ga-b010-1aer","status":"publish","type":"product","link":"https:\/\/ceasuri.md\/ru\/shop\/branduri\/casio\/casio-g-shock-ga-b010-1aer\/","title":{"rendered":"Ceas CASIO G-SHOCK GA-B010-1AER"},"content":{"rendered":"<p>Ceasuri moderne, rezistente la \u0219ocuri, concepute pentru persoanele active, pentru care sunt importante fiabilitatea, func\u021bionalitatea \u0219i designul modern. Acestea combin\u0103 func\u021bii pentru un stil de via\u021b\u0103 s\u0103n\u0103tos \u0219i practicitatea de zi cu zi. Acest lucru este posibil datorit\u0103 combina\u021biei dintre energia solar\u0103, posibilitatea de conectare la telefon prin Bluetooth \u0219i pedometru.<\/p>\n<p>Modelul este realizat \u00eentr-o carcas\u0103 masiv\u0103, caracteristic\u0103 seriei G-SHOCK, din polimer rezistent, rezistent la \u0219ocuri, vibra\u021bii \u0219i solicit\u0103ri zilnice.<\/p>\n<p>Ceasul este echipat cu un cadran analog-digital cu citire u\u0219oar\u0103 a informa\u021biilor \u0219i iluminare LED puternic\u0103 pentru o utilizare confortabil\u0103 \u00een timpul nop\u021bii. Impermeabilitatea p\u00e2n\u0103 la 200 de metri permite utilizarea f\u0103r\u0103 griji a modelului \u00een timpul \u00eenotului \u0219i al activit\u0103\u021bilor de agrement.<\/p>\n<p>Tehnologia Tough Solar asigur\u0103 alimentarea cu energie solar\u0103, iar suportul Bluetooth permite sincronizarea ceasului cu smartphone-ul pentru corectarea automat\u0103 a orei \u0219i configurarea comod\u0103 a func\u021biilor.<\/p>\n<p>Cronometrul, cronometrul cu num\u0103r\u0103toare invers\u0103, ora mondial\u0103, alarma \u0219i calendarul automat fac din ceas un accesoriu practic pentru fiecare zi.<\/p>","protected":false},"excerpt":{"rendered":"<p>Ceasuri moderne, rezistente la \u0219ocuri, concepute pentru persoanele active, pentru care sunt importante fiabilitatea, func\u021bionalitatea \u0219i designul modern. Acestea combin\u0103 func\u021bii pentru un stil de via\u021b\u0103 s\u0103n\u0103tos \u0219i practicitatea de zi cu zi. Acest lucru este posibil datorit\u0103 combina\u021biei dintre energia solar\u0103, posibilitatea de conectare la telefon prin Bluetooth \u0219i pedometru. Modelul este realizat \u00eentr-o [&hellip;]<\/p>\n","protected":false},"featured_media":61847,"comment_status":"closed","ping_status":"open","template":"","meta":{"_acf_changed":false},"product_brand":[],"product_cat":[27,20,419],"product_tag":[],"class_list":{"0":"post-61846","1":"product","2":"type-product","3":"status-publish","4":"has-post-thumbnail","6":"product_cat-casio","7":"product_cat-ceasuri-barbati","8":"product_cat-g-shock","9":"pa_brand-casio","10":"pa_brand-g-shock","11":"pa_braslet-plastic","12":"pa_corpus-49-mm","13":"pa_forma-rotund","14":"pa_funcii-alarma","15":"pa_funcii-bluetooth-smart","16":"pa_funcii-calendar","17":"pa_funcii-cronometru","18":"pa_funcii-iluminare","19":"pa_funcii-pedometru","20":"pa_funcii-rezerva-de-energie","21":"pa_funcii-timp-mondial","22":"pa_garatia-24-luni","23":"pa_korpus-negru","24":"pa_material-carbon","25":"pa_material-plastic","26":"pa_mehanizm-baterie-solara","27":"pa_mehanizm-electronic","28":"pa_mehanizm-quartz","29":"pa_remeshok-negru","30":"pa_steklo-cristal-mineral","31":"pa_strana-japonia","32":"pa_voda-20-atm","34":"first","35":"instock","36":"purchasable","37":"product-type-simple"},"acf":[],"_links":{"self":[{"href":"https:\/\/ceasuri.md\/ru\/wp-json\/wp\/v2\/product\/61846","targetHints":{"allow":["GET"]}}],"collection":[{"href":"https:\/\/ceasuri.md\/ru\/wp-json\/wp\/v2\/product"}],"about":[{"href":"https:\/\/ceasuri.md\/ru\/wp-json\/wp\/v2\/types\/product"}],"replies":[{"embeddable":true,"href":"https:\/\/ceasuri.md\/ru\/wp-json\/wp\/v2\/comments?post=61846"}],"wp:featuredmedia":[{"embeddable":true,"href":"https:\/\/ceasuri.md\/ru\/wp-json\/wp\/v2\/media\/61847"}],"wp:attachment":[{"href":"https:\/\/ceasuri.md\/ru\/wp-json\/wp\/v2\/media?parent=61846"}],"wp:term":[{"taxonomy":"product_brand","embeddable":true,"href":"https:\/\/ceasuri.md\/ru\/wp-json\/wp\/v2\/product_brand?post=61846"},{"taxonomy":"product_cat","embeddable":true,"href":"https:\/\/ceasuri.md\/ru\/wp-json\/wp\/v2\/product_cat?post=61846"},{"taxonomy":"product_tag","embeddable":true,"href":"https:\/\/ceasuri.md\/ru\/wp-json\/wp\/v2\/product_tag?post=61846"}],"curies":[{"name":"wp","href":"https:\/\/api.w.org\/{rel}","templated":true}]}}