{"id":61835,"date":"2026-04-03T01:26:52","date_gmt":"2026-04-02T22:26:52","guid":{"rendered":"http:\/\/new.ceasuri.md\/shop\/uncategorized\/casio-g-shock-gm-2100m-1aer\/"},"modified":"2026-04-07T05:11:53","modified_gmt":"2026-04-07T02:11:53","slug":"casio-g-shock-gm-2100m-1aer","status":"publish","type":"product","link":"https:\/\/ceasuri.md\/ru\/shop\/branduri\/casio\/casio-g-shock-gm-2100m-1aer\/","title":{"rendered":"Ceas CASIO G-SHOCK GM-2100M-1AER"},"content":{"rendered":"<p>Ceas de m\u00e2n\u0103 rezistent la \u0219ocuri, creat pentru un ritm de via\u021b\u0103 activ \u0219i condi\u021bii extreme.<\/p>\n<p>Modelul este realizat \u00een designul recognoscibil \u201eCasiOak\u201d cu o ram\u0103 metalic\u0103 octogonal\u0103, care confer\u0103 ceasului un caracter sobru \u0219i modern.<\/p>\n<p>Carcasa din polimer este \u00eent\u0103rit\u0103 cu elemente metalice, asigur\u00e2nd o rezisten\u021b\u0103 ridicat\u0103 la uzur\u0103 \u0219i protec\u021bie \u00eempotriva \u0219ocurilor.<\/p>\n<p>Ceasul este rezistent la ap\u0103 p\u00e2n\u0103 la 200 de metri, ceea ce \u00eel face potrivit pentru \u00eenot \u0219i activit\u0103\u021bi recreative active.<\/p>\n<p>Cadranul analog-digital asigur\u0103 o citire confortabil\u0103 a orei \u00een orice condi\u021bii, iar iluminarea cu LED permite utilizarea ceasului \u00een \u00eentuneric.<\/p>\n<p>Modelul este echipat cu cronometru, cronometru cu num\u0103r\u0103toare invers\u0103, ora mondial\u0103, alarm\u0103 \u0219i calendar automat.<\/p>\n<p>Ceasul combin\u0103 fiabilitatea legendarei serii G-SHOCK, func\u021bionalitatea \u0219i designul brutal. O alegere excelent\u0103 pentru cei care apreciaz\u0103 rezisten\u021ba, practicitatea \u0219i stilul modern \u00eentr-un singur accesoriu.<\/p>","protected":false},"excerpt":{"rendered":"<p>Ceas de m\u00e2n\u0103 rezistent la \u0219ocuri, creat pentru un ritm de via\u021b\u0103 activ \u0219i condi\u021bii extreme. Modelul este realizat \u00een designul recognoscibil \u201eCasiOak\u201d cu o ram\u0103 metalic\u0103 octogonal\u0103, care confer\u0103 ceasului un caracter sobru \u0219i modern. Carcasa din polimer este \u00eent\u0103rit\u0103 cu elemente metalice, asigur\u00e2nd o rezisten\u021b\u0103 ridicat\u0103 la uzur\u0103 \u0219i protec\u021bie \u00eempotriva \u0219ocurilor. Ceasul [&hellip;]<\/p>\n","protected":false},"featured_media":61836,"comment_status":"closed","ping_status":"open","template":"","meta":{"_acf_changed":false},"product_brand":[],"product_cat":[27,20,419],"product_tag":[],"class_list":{"0":"post-61835","1":"product","2":"type-product","3":"status-publish","4":"has-post-thumbnail","6":"product_cat-casio","7":"product_cat-ceasuri-barbati","8":"product_cat-g-shock","9":"pa_brand-casio","10":"pa_brand-g-shock","11":"pa_braslet-plastic","12":"pa_corpus-44x49mm","13":"pa_forma-octogonala","14":"pa_funcii-alarma","15":"pa_funcii-calendar","16":"pa_funcii-cronometru","17":"pa_funcii-dual-time","18":"pa_funcii-iluminare","19":"pa_funcii-timp-mondial","20":"pa_funcii-ziua-saptamanii","21":"pa_garatia-24-luni","22":"pa_korpus-argintiu","23":"pa_material-otel-inoxidabil","24":"pa_material-plastic","25":"pa_mehanizm-electronic","26":"pa_mehanizm-quartz","27":"pa_remeshok-negru","28":"pa_steklo-cristal-mineral","29":"pa_strana-japonia","30":"pa_voda-20-atm","32":"first","33":"instock","34":"purchasable","35":"product-type-simple"},"acf":[],"_links":{"self":[{"href":"https:\/\/ceasuri.md\/ru\/wp-json\/wp\/v2\/product\/61835","targetHints":{"allow":["GET"]}}],"collection":[{"href":"https:\/\/ceasuri.md\/ru\/wp-json\/wp\/v2\/product"}],"about":[{"href":"https:\/\/ceasuri.md\/ru\/wp-json\/wp\/v2\/types\/product"}],"replies":[{"embeddable":true,"href":"https:\/\/ceasuri.md\/ru\/wp-json\/wp\/v2\/comments?post=61835"}],"wp:featuredmedia":[{"embeddable":true,"href":"https:\/\/ceasuri.md\/ru\/wp-json\/wp\/v2\/media\/61836"}],"wp:attachment":[{"href":"https:\/\/ceasuri.md\/ru\/wp-json\/wp\/v2\/media?parent=61835"}],"wp:term":[{"taxonomy":"product_brand","embeddable":true,"href":"https:\/\/ceasuri.md\/ru\/wp-json\/wp\/v2\/product_brand?post=61835"},{"taxonomy":"product_cat","embeddable":true,"href":"https:\/\/ceasuri.md\/ru\/wp-json\/wp\/v2\/product_cat?post=61835"},{"taxonomy":"product_tag","embeddable":true,"href":"https:\/\/ceasuri.md\/ru\/wp-json\/wp\/v2\/product_tag?post=61835"}],"curies":[{"name":"wp","href":"https:\/\/api.w.org\/{rel}","templated":true}]}}