{"id":61828,"date":"2026-04-03T01:26:52","date_gmt":"2026-04-02T22:26:52","guid":{"rendered":"http:\/\/new.ceasuri.md\/shop\/uncategorized\/swiss-military-by-chrono-sm34003-21\/"},"modified":"2026-04-21T17:49:19","modified_gmt":"2026-04-21T14:49:19","slug":"swiss-military-by-chrono-sm34003-21","status":"publish","type":"product","link":"https:\/\/ceasuri.md\/ru\/shop\/branduri\/swiss-military\/swiss-military-by-chrono-sm34003-21\/","title":{"rendered":"\u0427\u0430\u0441\u044b SWISS MILITARY BY CHRONO QUARTZ WATCHES SM34003.21"},"content":{"rendered":"<p>Un plus elegant la seria pentru femei, cu carcas\u0103 de 27 mm. Alegerea perfect\u0103 dac\u0103 e\u0219ti \u00een c\u0103utarea unui ceas cu design clasic.<\/p>\n<p>Carcasa este realizat\u0103 din o\u021bel inoxidabil de culoare argintie, care atrage imediat aten\u021bia datorit\u0103 suprafe\u021bei sale mate \u0219i lustruite. Bezelul fix se distinge u\u0219or pe carcas\u0103.<\/p>\n<p>Sticla mineral\u0103 asigur\u0103 o protec\u021bie fiabil\u0103 \u00eempotriva zg\u00e2rieturilor \u0219i deterior\u0103rilor accidentale. Pe cadranul negru, acele \u0219i indexurile cu acoperire luminescent\u0103 asigur\u0103 o lizibilitate excelent\u0103 chiar \u0219i \u00een condi\u021bii de iluminare slab\u0103.<\/p>\n<p>Rezisten\u021b\u0103 la ap\u0103 5 ATM.<\/p>\n<p>Br\u0103\u021bar\u0103 din o\u021bel inoxidabil de culoare argintie cu \u00eenchiz\u0103toare pliabil\u0103.<\/p>","protected":false},"excerpt":{"rendered":"<p>Un plus elegant la seria pentru femei, cu carcas\u0103 de 27 mm. Alegerea perfect\u0103 dac\u0103 e\u0219ti \u00een c\u0103utarea unui ceas cu design clasic. Carcasa este realizat\u0103 din o\u021bel inoxidabil de culoare argintie, care atrage imediat aten\u021bia datorit\u0103 suprafe\u021bei sale mate \u0219i lustruite. Bezelul fix se distinge u\u0219or pe carcas\u0103. Sticla mineral\u0103 asigur\u0103 o protec\u021bie fiabil\u0103 [&hellip;]<\/p>\n","protected":false},"featured_media":61829,"comment_status":"closed","ping_status":"open","template":"","meta":{"_acf_changed":false},"product_brand":[],"product_cat":[25,572],"product_tag":[],"class_list":{"0":"post-61828","1":"product","2":"type-product","3":"status-publish","4":"has-post-thumbnail","6":"product_cat-ceasuri-dama","7":"product_cat-swiss-military","8":"pa_brand-swiss-military","9":"pa_braslet-otel-inoxidabil","10":"pa_corpus-27-mm","11":"pa_forma-rotund","12":"pa_garatia-24-luni","13":"pa_korpus-argintiu","14":"pa_kvarc-quartz","15":"pa_material-otel-inoxidabil","16":"pa_mehanizm-quartz","17":"pa_remeshok-argintiu","18":"pa_steklo-cristal-mineral","19":"pa_strana-elvetia","20":"pa_voda-5-atm","22":"first","23":"instock","24":"purchasable","25":"product-type-simple"},"acf":[],"_links":{"self":[{"href":"https:\/\/ceasuri.md\/ru\/wp-json\/wp\/v2\/product\/61828","targetHints":{"allow":["GET"]}}],"collection":[{"href":"https:\/\/ceasuri.md\/ru\/wp-json\/wp\/v2\/product"}],"about":[{"href":"https:\/\/ceasuri.md\/ru\/wp-json\/wp\/v2\/types\/product"}],"replies":[{"embeddable":true,"href":"https:\/\/ceasuri.md\/ru\/wp-json\/wp\/v2\/comments?post=61828"}],"wp:featuredmedia":[{"embeddable":true,"href":"https:\/\/ceasuri.md\/ru\/wp-json\/wp\/v2\/media\/61829"}],"wp:attachment":[{"href":"https:\/\/ceasuri.md\/ru\/wp-json\/wp\/v2\/media?parent=61828"}],"wp:term":[{"taxonomy":"product_brand","embeddable":true,"href":"https:\/\/ceasuri.md\/ru\/wp-json\/wp\/v2\/product_brand?post=61828"},{"taxonomy":"product_cat","embeddable":true,"href":"https:\/\/ceasuri.md\/ru\/wp-json\/wp\/v2\/product_cat?post=61828"},{"taxonomy":"product_tag","embeddable":true,"href":"https:\/\/ceasuri.md\/ru\/wp-json\/wp\/v2\/product_tag?post=61828"}],"curies":[{"name":"wp","href":"https:\/\/api.w.org\/{rel}","templated":true}]}}