{"id":61822,"date":"2026-04-03T01:26:52","date_gmt":"2026-04-02T22:26:52","guid":{"rendered":"http:\/\/new.ceasuri.md\/shop\/uncategorized\/swiss-military-by-chrono-sm34052-25\/"},"modified":"2026-04-21T17:49:19","modified_gmt":"2026-04-21T14:49:19","slug":"swiss-military-by-chrono-sm34052-25","status":"publish","type":"product","link":"https:\/\/ceasuri.md\/ru\/shop\/branduri\/swiss-military\/swiss-military-by-chrono-sm34052-25\/","title":{"rendered":"\u0427\u0430\u0441\u044b SWISS MILITARY BY CHRONO QUARTZ CHRONOGRAPH SM34052.25"},"content":{"rendered":"<p>Ceasul pentru b\u0103rba\u021bi Swiss Military este un accesoriu sportiv din seria Chronograph. Alegerea perfect\u0103 dac\u0103 sunte\u021bi \u00een c\u0103utarea unui ceas cu un design \u00eendr\u0103zne\u021b.<\/p>\n<p>Carcasa ceasului de m\u00e2n\u0103 este realizat\u0103 din o\u021bel inoxidabil de culoare argintie, care atrage imediat aten\u021bia datorit\u0103 suprafe\u021bei sale mate \u0219i lustruite.<\/p>\n<p>Bezelul fix se distinge u\u0219or pe carcas\u0103. Capacul din spate al ceasului este fabricat din o\u021bel inoxidabil \u0219i se \u00een\u0219urubeaz\u0103.<\/p>\n<p>Sticla de safir asigur\u0103 o protec\u021bie fiabil\u0103 \u00eempotriva zg\u00e2rieturilor \u0219i deterior\u0103rilor accidentale.<\/p>\n<p>Indicii \u0219i indicatoarele luminoase de pe cadranul verde asigur\u0103 o lizibilitate excelent\u0103 chiar \u0219i \u00een condi\u021bii de iluminare slab\u0103.<\/p>\n<p>Fiabilitatea, precizia \u0219i stilul fac din acest ceas un companion excelent pentru fiecare zi.<\/p>","protected":false},"excerpt":{"rendered":"<p>Ceasul pentru b\u0103rba\u021bi Swiss Military este un accesoriu sportiv din seria Chronograph. Alegerea perfect\u0103 dac\u0103 sunte\u021bi \u00een c\u0103utarea unui ceas cu un design \u00eendr\u0103zne\u021b. Carcasa ceasului de m\u00e2n\u0103 este realizat\u0103 din o\u021bel inoxidabil de culoare argintie, care atrage imediat aten\u021bia datorit\u0103 suprafe\u021bei sale mate \u0219i lustruite. Bezelul fix se distinge u\u0219or pe carcas\u0103. Capacul din [&hellip;]<\/p>\n","protected":false},"featured_media":61823,"comment_status":"closed","ping_status":"open","template":"","meta":{"_acf_changed":false},"product_brand":[],"product_cat":[20,572],"product_tag":[],"class_list":{"0":"post-61822","1":"product","2":"type-product","3":"status-publish","4":"has-post-thumbnail","6":"product_cat-ceasuri-barbati","7":"product_cat-swiss-military","8":"pa_brand-swiss-military","9":"pa_braslet-otel-inoxidabil","10":"pa_corpus-42-mm","11":"pa_forma-rotund","12":"pa_funcii-cronograf","13":"pa_funcii-data","14":"pa_garatia-24-luni","15":"pa_korpus-argintiu","16":"pa_kvarc-quartz","17":"pa_material-otel-inoxidabil","18":"pa_mehanizm-quartz","19":"pa_remeshok-argintiu","20":"pa_steklo-cristal-safir","21":"pa_strana-elvetia","22":"pa_voda-10-atm","24":"first","25":"instock","26":"purchasable","27":"product-type-simple"},"acf":[],"_links":{"self":[{"href":"https:\/\/ceasuri.md\/ru\/wp-json\/wp\/v2\/product\/61822","targetHints":{"allow":["GET"]}}],"collection":[{"href":"https:\/\/ceasuri.md\/ru\/wp-json\/wp\/v2\/product"}],"about":[{"href":"https:\/\/ceasuri.md\/ru\/wp-json\/wp\/v2\/types\/product"}],"replies":[{"embeddable":true,"href":"https:\/\/ceasuri.md\/ru\/wp-json\/wp\/v2\/comments?post=61822"}],"wp:featuredmedia":[{"embeddable":true,"href":"https:\/\/ceasuri.md\/ru\/wp-json\/wp\/v2\/media\/61823"}],"wp:attachment":[{"href":"https:\/\/ceasuri.md\/ru\/wp-json\/wp\/v2\/media?parent=61822"}],"wp:term":[{"taxonomy":"product_brand","embeddable":true,"href":"https:\/\/ceasuri.md\/ru\/wp-json\/wp\/v2\/product_brand?post=61822"},{"taxonomy":"product_cat","embeddable":true,"href":"https:\/\/ceasuri.md\/ru\/wp-json\/wp\/v2\/product_cat?post=61822"},{"taxonomy":"product_tag","embeddable":true,"href":"https:\/\/ceasuri.md\/ru\/wp-json\/wp\/v2\/product_tag?post=61822"}],"curies":[{"name":"wp","href":"https:\/\/api.w.org\/{rel}","templated":true}]}}