{"id":61819,"date":"2025-11-25T12:18:23","date_gmt":"2025-11-25T10:18:23","guid":{"rendered":"http:\/\/new.ceasuri.md\/shop\/uncategorized\/swiss-military-by-chrono-sm34101-02\/"},"modified":"2026-05-01T19:50:22","modified_gmt":"2026-05-01T16:50:22","slug":"swiss-military-by-chrono-sm34101-02","status":"publish","type":"product","link":"https:\/\/ceasuri.md\/ru\/shop\/branduri\/swiss-military\/swiss-military-by-chrono-sm34101-02\/","title":{"rendered":"\u0427\u0430\u0441\u044b SWISS MILITARY BY CHRONO SM34101.02"},"content":{"rendered":"<p>O combina\u021bie sigur\u0103 \u00eentre designul sobru, mecanismul precis cu cuar\u021b \u0219i rezisten\u021ba la \u0219ocuri. Acest model din seria XL Chronograph este creat pentru cei care apreciaz\u0103 stilul, confortul \u0219i func\u021bionalitatea \u00een via\u021ba de zi cu zi.<\/p>\n<p>Mecanism elve\u021bian de cuar\u021b fiabil \u2014 cronometrare precis\u0103 \u0219i stabil\u0103, nu necesit\u0103 \u00eenf\u0103\u0219urare sau remontare. Ceasul este echipat cu cronograf cu secundar, afi\u0219are a datei \u0219i a zilei s\u0103pt\u0103m\u00e2nii.<\/p>\n<p>Carcasa din o\u021bel inoxidabil are un aspect robust, dar r\u0103m\u00e2ne confortabil\u0103 pentru purtarea zilnic\u0103. Cadranul de un albastru intens, cu indici clari \u0219i ace cu acoperire luminescent\u0103, asigur\u0103 o lizibilitate excelent\u0103 \u00een orice condi\u021bii, zi \u0219i noapte.<\/p>\n<p>Sticla de safir ofer\u0103 o protec\u021bie fiabil\u0103 \u00eempotriva zg\u00e2rieturilor.<\/p>\n<p>Br\u0103\u021bara din o\u021bel inoxidabil cu \u00eenchiz\u0103toare rabatabil\u0103 subliniaz\u0103 caracterul ceasului \u0219i asigur\u0103 o fixare sigur\u0103 pe \u00eencheietura m\u00e2inii.<\/p>\n<p>Rezisten\u021b\u0103 la ap\u0103 p\u00e2n\u0103 la 100 m (10 ATM).<\/p>\n<p>Ceasul se potrive\u0219te at\u00e2t cu un costum de afaceri, c\u00e2t \u0219i cu o \u021binut\u0103 casual \u0219i pentru activit\u0103\u021bi de agrement. Este la fel de potrivit pentru o \u00eent\u00e2lnire de afaceri, \u00een c\u0103l\u0103torii, \u00een timpul unei plimb\u0103ri sau la activit\u0103\u021bi sportive.<\/p>","protected":false},"excerpt":{"rendered":"<p>O combina\u021bie sigur\u0103 \u00eentre designul sobru, mecanismul precis cu cuar\u021b \u0219i rezisten\u021ba la \u0219ocuri. Acest model din seria XL Chronograph este creat pentru cei care apreciaz\u0103 stilul, confortul \u0219i func\u021bionalitatea \u00een via\u021ba de zi cu zi. Mecanism elve\u021bian de cuar\u021b fiabil \u2014 cronometrare precis\u0103 \u0219i stabil\u0103, nu necesit\u0103 \u00eenf\u0103\u0219urare sau remontare. Ceasul este echipat cu [&hellip;]<\/p>\n","protected":false},"featured_media":61820,"comment_status":"closed","ping_status":"open","template":"","meta":{"_acf_changed":false},"product_brand":[],"product_cat":[20,572],"product_tag":[],"class_list":{"0":"post-61819","1":"product","2":"type-product","3":"status-publish","4":"has-post-thumbnail","6":"product_cat-ceasuri-barbati","7":"product_cat-swiss-military","8":"pa_brand-swiss-military","9":"pa_braslet-otel-inoxidabil","10":"pa_corpus-46-mm","11":"pa_forma-rotund","12":"pa_funcii-cronograf","13":"pa_funcii-data","14":"pa_funcii-ziua-saptamanii","15":"pa_garatia-24-luni","16":"pa_korpus-argintiu","17":"pa_kvarc-quartz","18":"pa_material-otel-inoxidabil","19":"pa_mehanizm-quartz","20":"pa_remeshok-argintiu","21":"pa_steklo-cristal-safir","22":"pa_strana-elvetia","23":"pa_voda-10-atm","25":"first","26":"instock","27":"purchasable","28":"product-type-simple"},"acf":[],"_links":{"self":[{"href":"https:\/\/ceasuri.md\/ru\/wp-json\/wp\/v2\/product\/61819","targetHints":{"allow":["GET"]}}],"collection":[{"href":"https:\/\/ceasuri.md\/ru\/wp-json\/wp\/v2\/product"}],"about":[{"href":"https:\/\/ceasuri.md\/ru\/wp-json\/wp\/v2\/types\/product"}],"replies":[{"embeddable":true,"href":"https:\/\/ceasuri.md\/ru\/wp-json\/wp\/v2\/comments?post=61819"}],"wp:featuredmedia":[{"embeddable":true,"href":"https:\/\/ceasuri.md\/ru\/wp-json\/wp\/v2\/media\/61820"}],"wp:attachment":[{"href":"https:\/\/ceasuri.md\/ru\/wp-json\/wp\/v2\/media?parent=61819"}],"wp:term":[{"taxonomy":"product_brand","embeddable":true,"href":"https:\/\/ceasuri.md\/ru\/wp-json\/wp\/v2\/product_brand?post=61819"},{"taxonomy":"product_cat","embeddable":true,"href":"https:\/\/ceasuri.md\/ru\/wp-json\/wp\/v2\/product_cat?post=61819"},{"taxonomy":"product_tag","embeddable":true,"href":"https:\/\/ceasuri.md\/ru\/wp-json\/wp\/v2\/product_tag?post=61819"}],"curies":[{"name":"wp","href":"https:\/\/api.w.org\/{rel}","templated":true}]}}