{"id":61817,"date":"2025-11-25T12:18:23","date_gmt":"2025-11-25T10:18:23","guid":{"rendered":"http:\/\/new.ceasuri.md\/shop\/uncategorized\/swiss-military-by-chrono-sm34101-03\/"},"modified":"2026-05-01T19:50:20","modified_gmt":"2026-05-01T16:50:20","slug":"swiss-military-by-chrono-sm34101-03","status":"publish","type":"product","link":"https:\/\/ceasuri.md\/ru\/shop\/branduri\/swiss-military\/swiss-military-by-chrono-sm34101-03\/","title":{"rendered":"\u0427\u0430\u0441\u044b SWISS MILITARY BY CHRONO SM34101.03"},"content":{"rendered":"<p>Acest ceas cronograf XL \u00een stil militar a fost creat pentru a deveni un accesoriu elegant la \u00eencheietura m\u00e2inii oric\u0103rui b\u0103rbat.<\/p>\n<p>De la luneta rotativ\u0103 neagr\u0103 str\u0103lucitoare cu scala minutelor aurie p\u00e2n\u0103 la cadranul negru cu ace \u0219i marcaje aurii, precum \u0219i curea din o\u021bel bicolor\u0103 &#8211; totul \u00een acest ceas subliniaz\u0103 caracterul elegant. Cu un diametru de 46 mm, acest ceas va fi alegerea perfect\u0103 pentru cei care apreciaz\u0103 atractivitatea ceasurilor mari.<\/p>\n<p>Ceasul este dotat cu func\u021bii de \u00eenalt\u0103 calitate, potrivite pentru cronografe. Carcasa \u0219i curea sunt fabricate din o\u021bel inoxidabil rezistent. Cadranul negru este protejat de un sticl\u0103 de safir rezistent\u0103 la zg\u00e2rieturi. Acele \u0219i marcajele orare sunt bine vizibile, av\u00e2nd un strat luminescent.<\/p>\n<p>Aceste ceasuri sunt potrivite pentru angaja\u021bii de birou, oamenii de afaceri, c\u0103l\u0103torii \u0219i cei care doresc un cronograf frumos \u0219i universal \u201epentru fiecare zi\u201d.<\/p>","protected":false},"excerpt":{"rendered":"<p>Acest ceas cronograf XL \u00een stil militar a fost creat pentru a deveni un accesoriu elegant la \u00eencheietura m\u00e2inii oric\u0103rui b\u0103rbat. De la luneta rotativ\u0103 neagr\u0103 str\u0103lucitoare cu scala minutelor aurie p\u00e2n\u0103 la cadranul negru cu ace \u0219i marcaje aurii, precum \u0219i curea din o\u021bel bicolor\u0103 &#8211; totul \u00een acest ceas subliniaz\u0103 caracterul elegant. Cu [&hellip;]<\/p>\n","protected":false},"featured_media":61818,"comment_status":"closed","ping_status":"open","template":"","meta":{"_acf_changed":false},"product_brand":[],"product_cat":[20,572],"product_tag":[],"class_list":{"0":"post-61817","1":"product","2":"type-product","3":"status-publish","4":"has-post-thumbnail","6":"product_cat-ceasuri-barbati","7":"product_cat-swiss-military","8":"pa_brand-swiss-military","9":"pa_braslet-otel-inoxidabil","10":"pa_corpus-46-mm","11":"pa_forma-rotund","12":"pa_funcii-cronograf","13":"pa_funcii-data","14":"pa_funcii-ziua-saptamanii","15":"pa_garatia-24-luni","16":"pa_korpus-bicolor","17":"pa_kvarc-quartz","18":"pa_material-otel-inoxidabil","19":"pa_mehanizm-quartz","20":"pa_remeshok-bicolor","21":"pa_steklo-cristal-safir","22":"pa_strana-elvetia","23":"pa_voda-10-atm","25":"first","26":"instock","27":"purchasable","28":"product-type-simple"},"acf":[],"_links":{"self":[{"href":"https:\/\/ceasuri.md\/ru\/wp-json\/wp\/v2\/product\/61817","targetHints":{"allow":["GET"]}}],"collection":[{"href":"https:\/\/ceasuri.md\/ru\/wp-json\/wp\/v2\/product"}],"about":[{"href":"https:\/\/ceasuri.md\/ru\/wp-json\/wp\/v2\/types\/product"}],"replies":[{"embeddable":true,"href":"https:\/\/ceasuri.md\/ru\/wp-json\/wp\/v2\/comments?post=61817"}],"wp:featuredmedia":[{"embeddable":true,"href":"https:\/\/ceasuri.md\/ru\/wp-json\/wp\/v2\/media\/61818"}],"wp:attachment":[{"href":"https:\/\/ceasuri.md\/ru\/wp-json\/wp\/v2\/media?parent=61817"}],"wp:term":[{"taxonomy":"product_brand","embeddable":true,"href":"https:\/\/ceasuri.md\/ru\/wp-json\/wp\/v2\/product_brand?post=61817"},{"taxonomy":"product_cat","embeddable":true,"href":"https:\/\/ceasuri.md\/ru\/wp-json\/wp\/v2\/product_cat?post=61817"},{"taxonomy":"product_tag","embeddable":true,"href":"https:\/\/ceasuri.md\/ru\/wp-json\/wp\/v2\/product_tag?post=61817"}],"curies":[{"name":"wp","href":"https:\/\/api.w.org\/{rel}","templated":true}]}}