{"id":61812,"date":"2026-04-03T01:26:52","date_gmt":"2026-04-02T22:26:52","guid":{"rendered":"http:\/\/new.ceasuri.md\/shop\/uncategorized\/swiss-military-by-chrono-sma34085-23\/"},"modified":"2026-04-20T01:55:57","modified_gmt":"2026-04-19T22:55:57","slug":"swiss-military-by-chrono-sma34085-23","status":"publish","type":"product","link":"https:\/\/ceasuri.md\/ru\/shop\/branduri\/swiss-military\/swiss-military-by-chrono-sma34085-23\/","title":{"rendered":"\u0427\u0430\u0441\u044b SWISS MILITARY BY CHRONO SMA34085.23"},"content":{"rendered":"<p>O combina\u021bie \u00eentre m\u0103iestria tradi\u021bional\u0103 elve\u021bian\u0103 \u00een fabricarea ceasurilor \u0219i stilul clasic elegant. Dac\u0103 aprecia\u021bi fiabilitatea, durabilitatea \u0219i designul discret, acest model va fi o alegere excelent\u0103 at\u00e2t pentru uzul zilnic, c\u00e2t \u0219i pentru ocazii speciale.<\/p>\n<p>Modelul este echipat cu un mecanism automat Sellita SW200, care garanteaz\u0103 fiabilitatea \u0219i stabilitatea func\u021bion\u0103rii f\u0103r\u0103 a fi necesar\u0103 \u00eenf\u0103\u0219urarea manual\u0103.<\/p>\n<p>Sticla de safir fiabil\u0103 este rezistent\u0103 la zg\u00e2rieturi, iar capacul transparent din spate permite admirarea mecanismului \u2014 un detaliu pe care \u00eel vor aprecia adev\u0103ra\u021bii cunosc\u0103tori ai artei ceasorniciei elve\u021biene.<\/p>\n<p>Pe cadranul albastru, marcajele sub\u021biri ale orelor \u0219i acele clasice subliniaz\u0103 minimalismul \u0219i elegan\u021ba. Balan\u021ba deschis\u0103 (\u201eopen heart\u201d) de pe cadran permite s\u0103 arunca\u021bi o privire \u201e\u00een inima\u201d mecanismului \u2013 un detaliu subtil, care vorbe\u0219te despre m\u0103iestria \u00eenalt\u0103 a ceasornicarilor \u0219i confer\u0103 produsului un caracter exclusivist.<\/p>\n<p>Br\u0103\u021bara din o\u021bel inoxidabil face ca acest model s\u0103 fie universal. <\/p>\n<p>Acest model este mai mult dec\u00e2t un simplu cronometru: este un omagiu adus tradi\u021biilor \u0219colii elve\u021biene de ceasornic\u0103rie, exprimat \u00eentr-o form\u0103 modern\u0103 \u0219i universal\u0103.<\/p>\n<p>Datorit\u0103 designului universal \u0219i asambl\u0103rii elve\u021biene, ceasul va deveni un companion de \u00eencredere pentru fiecare zi \u0219i un accesoriu elegant pentru evenimente importante.<\/p>","protected":false},"excerpt":{"rendered":"<p>O combina\u021bie \u00eentre m\u0103iestria tradi\u021bional\u0103 elve\u021bian\u0103 \u00een fabricarea ceasurilor \u0219i stilul clasic elegant. Dac\u0103 aprecia\u021bi fiabilitatea, durabilitatea \u0219i designul discret, acest model va fi o alegere excelent\u0103 at\u00e2t pentru uzul zilnic, c\u00e2t \u0219i pentru ocazii speciale. Modelul este echipat cu un mecanism automat Sellita SW200, care garanteaz\u0103 fiabilitatea \u0219i stabilitatea func\u021bion\u0103rii f\u0103r\u0103 a fi necesar\u0103 [&hellip;]<\/p>\n","protected":false},"featured_media":61813,"comment_status":"closed","ping_status":"open","template":"","meta":{"_acf_changed":false},"product_brand":[],"product_cat":[20,572],"product_tag":[],"class_list":{"0":"post-61812","1":"product","2":"type-product","3":"status-publish","4":"has-post-thumbnail","6":"product_cat-ceasuri-barbati","7":"product_cat-swiss-military","8":"pa_brand-swiss-military","9":"pa_braslet-otel-inoxidabil","10":"pa_corpus-40-mm","11":"pa_forma-rotund","12":"pa_funcii-semischelet","13":"pa_garatia-24-luni","14":"pa_korpus-argintiu","15":"pa_material-otel-inoxidabil","16":"pa_mehanizm-mecanic","17":"pa_mehanizm-mecanism-automatic","18":"pa_remeshok-argintiu","19":"pa_steklo-cristal-safir","20":"pa_strana-elvetia","21":"pa_voda-10-atm","23":"first","24":"instock","25":"purchasable","26":"product-type-simple"},"acf":[],"_links":{"self":[{"href":"https:\/\/ceasuri.md\/ru\/wp-json\/wp\/v2\/product\/61812","targetHints":{"allow":["GET"]}}],"collection":[{"href":"https:\/\/ceasuri.md\/ru\/wp-json\/wp\/v2\/product"}],"about":[{"href":"https:\/\/ceasuri.md\/ru\/wp-json\/wp\/v2\/types\/product"}],"replies":[{"embeddable":true,"href":"https:\/\/ceasuri.md\/ru\/wp-json\/wp\/v2\/comments?post=61812"}],"wp:featuredmedia":[{"embeddable":true,"href":"https:\/\/ceasuri.md\/ru\/wp-json\/wp\/v2\/media\/61813"}],"wp:attachment":[{"href":"https:\/\/ceasuri.md\/ru\/wp-json\/wp\/v2\/media?parent=61812"}],"wp:term":[{"taxonomy":"product_brand","embeddable":true,"href":"https:\/\/ceasuri.md\/ru\/wp-json\/wp\/v2\/product_brand?post=61812"},{"taxonomy":"product_cat","embeddable":true,"href":"https:\/\/ceasuri.md\/ru\/wp-json\/wp\/v2\/product_cat?post=61812"},{"taxonomy":"product_tag","embeddable":true,"href":"https:\/\/ceasuri.md\/ru\/wp-json\/wp\/v2\/product_tag?post=61812"}],"curies":[{"name":"wp","href":"https:\/\/api.w.org\/{rel}","templated":true}]}}