{"id":61810,"date":"2025-11-25T12:18:23","date_gmt":"2025-11-25T10:18:23","guid":{"rendered":"http:\/\/new.ceasuri.md\/shop\/uncategorized\/swiss-military-by-chrono-sma34085-26\/"},"modified":"2026-05-01T19:50:16","modified_gmt":"2026-05-01T16:50:16","slug":"swiss-military-by-chrono-sma34085-26","status":"publish","type":"product","link":"https:\/\/ceasuri.md\/ru\/shop\/branduri\/swiss-military\/swiss-military-by-chrono-sma34085-26\/","title":{"rendered":"\u0427\u0430\u0441\u044b SWISS MILITARY BY CHRONO SMA34085.26"},"content":{"rendered":"<p>O combina\u021bie armonioas\u0103 \u00eentre clasicul rafinat \u0219i m\u0103iestria tehnic\u0103, \u00eentruchipat\u0103 \u00een modelul emblematic al m\u0103rcii. Acest ceas subliniaz\u0103 statutul, stilul \u0219i gustul, fiind ideal at\u00e2t pentru \u00eent\u00e2lniri de afaceri, c\u00e2t \u0219i pentru evenimente festive.<\/p>\n<p>Modelul este echipat cu un mecanism automat Sellita SW200, garant\u00e2nd fiabilitatea \u0219i stabilitatea func\u021bion\u0103rii f\u0103r\u0103 a fi necesar\u0103 \u00eentoarcerea manual\u0103.<\/p>\n<p>Sticla de safir fiabil\u0103 este rezistent\u0103 la zg\u00e2rieturi, iar capacul transparent din spate permite admirarea mecanismului &#8211; un detaliu care va fi apreciat de adev\u0103ra\u021bii cunosc\u0103tori ai artei ceasorniciei elve\u021biene.<\/p>\n<p>Cadranul de culoare argintie reflect\u0103 lumina, conferind ceasului o nuan\u021b\u0103 nobil\u0103. Indicatoarele sub\u021biri \u0219i acul clasic subliniaz\u0103 minimalismul \u0219i elegan\u021ba. Balan\u021ba deschis\u0103 (\u201eopen heart\u201d) de pe cadran permite s\u0103 arunca\u021bi o privire \u201e\u00een inima\u201d mecanismului \u2014 un detaliu subtil, care vorbe\u0219te despre m\u0103iestria \u00eenalt\u0103 a ceasornicarului \u0219i confer\u0103 produsului un caracter exclusivist.<\/p>\n<p>Br\u0103\u021bara din o\u021bel inoxidabil \u00een dou\u0103 culori \u2013 argintiu-auriu \u2013 face modelul universal, put\u00e2nd fi combinat cu u\u0219urin\u021b\u0103 at\u00e2t cu un costum de afaceri, c\u00e2t \u0219i cu un smoking sau cu haine de zi cu zi.<\/p>\n<p>Acest model este mai mult dec\u00e2t un simplu cronometru: este un omagiu adus tradi\u021biilor \u0219colii elve\u021biene de ceasornic\u0103rie, exprimat \u00eentr-o form\u0103 modern\u0103 \u0219i universal\u0103.<\/p>","protected":false},"excerpt":{"rendered":"<p>O combina\u021bie armonioas\u0103 \u00eentre clasicul rafinat \u0219i m\u0103iestria tehnic\u0103, \u00eentruchipat\u0103 \u00een modelul emblematic al m\u0103rcii. Acest ceas subliniaz\u0103 statutul, stilul \u0219i gustul, fiind ideal at\u00e2t pentru \u00eent\u00e2lniri de afaceri, c\u00e2t \u0219i pentru evenimente festive. Modelul este echipat cu un mecanism automat Sellita SW200, garant\u00e2nd fiabilitatea \u0219i stabilitatea func\u021bion\u0103rii f\u0103r\u0103 a fi necesar\u0103 \u00eentoarcerea manual\u0103. Sticla [&hellip;]<\/p>\n","protected":false},"featured_media":61811,"comment_status":"closed","ping_status":"open","template":"","meta":{"_acf_changed":false},"product_brand":[],"product_cat":[20,572],"product_tag":[],"class_list":{"0":"post-61810","1":"product","2":"type-product","3":"status-publish","4":"has-post-thumbnail","6":"product_cat-ceasuri-barbati","7":"product_cat-swiss-military","8":"pa_brand-swiss-military","9":"pa_braslet-otel-inoxidabil","10":"pa_corpus-40-mm","11":"pa_forma-rotund","12":"pa_funcii-semischelet","13":"pa_garatia-24-luni","14":"pa_korpus-bicolor","15":"pa_material-otel-inoxidabil","16":"pa_mehanizm-mecanic","17":"pa_mehanizm-mecanism-automatic","18":"pa_remeshok-bicolor","19":"pa_steklo-cristal-safir","20":"pa_strana-elvetia","21":"pa_voda-10-atm","23":"first","24":"instock","25":"purchasable","26":"product-type-simple"},"acf":[],"_links":{"self":[{"href":"https:\/\/ceasuri.md\/ru\/wp-json\/wp\/v2\/product\/61810","targetHints":{"allow":["GET"]}}],"collection":[{"href":"https:\/\/ceasuri.md\/ru\/wp-json\/wp\/v2\/product"}],"about":[{"href":"https:\/\/ceasuri.md\/ru\/wp-json\/wp\/v2\/types\/product"}],"replies":[{"embeddable":true,"href":"https:\/\/ceasuri.md\/ru\/wp-json\/wp\/v2\/comments?post=61810"}],"wp:featuredmedia":[{"embeddable":true,"href":"https:\/\/ceasuri.md\/ru\/wp-json\/wp\/v2\/media\/61811"}],"wp:attachment":[{"href":"https:\/\/ceasuri.md\/ru\/wp-json\/wp\/v2\/media?parent=61810"}],"wp:term":[{"taxonomy":"product_brand","embeddable":true,"href":"https:\/\/ceasuri.md\/ru\/wp-json\/wp\/v2\/product_brand?post=61810"},{"taxonomy":"product_cat","embeddable":true,"href":"https:\/\/ceasuri.md\/ru\/wp-json\/wp\/v2\/product_cat?post=61810"},{"taxonomy":"product_tag","embeddable":true,"href":"https:\/\/ceasuri.md\/ru\/wp-json\/wp\/v2\/product_tag?post=61810"}],"curies":[{"name":"wp","href":"https:\/\/api.w.org\/{rel}","templated":true}]}}